{"id":696356,"date":"2025-08-27T14:34:06","date_gmt":"2025-08-27T11:34:06","guid":{"rendered":"https:\/\/roveyayinevi.com.tr\/index.php\/urun\/100-dusunce-gucu\/"},"modified":"2026-04-16T02:06:18","modified_gmt":"2026-04-15T23:06:18","slug":"100-dusunce-gucu","status":"publish","type":"product","link":"https:\/\/roveyayinevi.com.tr\/index.php\/urun\/100-dusunce-gucu\/","title":{"rendered":"% 100 D\u00fc\u015f\u00fcnce G\u00fcc\u00fc"},"content":{"rendered":"<p>Evrenin en b\u00fcy\u00fck g\u00fcc\u00fcne sahip oldu\u011funuzu biliyor musunuz? Bu g\u00fc\u00e7 d\u00fc\u015f\u00fcncedir.Ya\u015fam\u0131n\u0131z\u0131 y\u00f6neten \u015fey asl\u0131nda d\u00fc\u015f\u00fcnme bi\u00e7iminizdir. D\u00fc\u015f\u00fcnme bi\u00e7iminiz sizi ba\u015far\u0131dan ba\u015far\u0131ya ya da tam bir ba\u015far\u0131s\u0131zl\u0131\u011fa g\u00f6t\u00fcrebilir; size sevgi ve mutluluk ya da yaln\u0131zl\u0131k ve sefil bir ya\u015fam verebilir. Jack Ensign Addington \u00fcnl\u00fc bir hukuk\u00e7u olmas\u0131n\u0131n yan\u0131 s\u0131ra ruhsal bilimler \u00fczerine de e\u011ftiim g\u00f6rm\u00fc\u015f ve bu bilimi kendi y\u0131llar s\u00fcren derin inceleme ve ara\u015ft\u0131rmalar\u0131yla geli\u015ftirmi\u015f bir ki\u015fi. Yazar insan\u0131n \u00f6n\u00fcnde ger\u00e7ekten yeni bir ufuk a\u00e7an bu kitab\u0131nda Evrensel Ak\u0131l&#8217;\u0131n bilgeli\u011fini kullanabilmemizi sa\u011flayacak, benli\u011fi s\u0131n\u0131rlayan d\u00fc\u015f\u00fcnce kal\u0131plar\u0131n\u0131 ortadan kald\u0131racak, ba\u015far\u0131s\u0131zl\u0131\u011f\u0131 ola\u011fan\u00fcst\u00fc bir ba\u015far\u0131ya d\u00f6n\u00fc\u015ft\u00fcrecek bilgiyi Ortak Bilin\u00e7&#8217;ten nas\u0131l elde edebilece\u011fimizi \u00f6\u011fretiyor. Jack Ensign Addington s\u00f6z etti\u011fi prensiplerin ge\u00e7erlili\u011fini kan\u0131tlam\u0131\u015f bir uzman olarak, yan\u0131lmaz bir otoriteyle insan\u0131n mucizevi ger\u00e7e\u011fini g\u00f6zler \u00f6n\u00fcne seriyor. Evet, hayat\u0131n\u0131z\u0131, gelece\u011finizi d\u00fc\u015f\u00fcncelerinizle yarat\u0131yorsunuz!<\/p>\n","protected":false},"excerpt":{"rendered":"<p>Evrenin en b\u00fcy\u00fck g\u00fcc\u00fcne sahip oldu\u011funuzu biliyor musunuz? Bu g\u00fc\u00e7 d\u00fc\u015f\u00fcncedir.Ya\u015fam\u0131n\u0131z\u0131 y\u00f6neten \u015fey asl\u0131nda d\u00fc\u015f\u00fcnme bi\u00e7iminizdir. D\u00fc\u015f\u00fcnme bi\u00e7iminiz sizi ba\u015far\u0131dan ba\u015far\u0131ya ya da tam bir ba\u015far\u0131s\u0131zl\u0131\u011fa<span class=\"excerpt-hellip\"> [\u2026]<\/span><\/p>\n","protected":false},"featured_media":0,"template":"","meta":{"_monsterinsights_skip_tracking":false,"_monsterinsights_sitenote_active":false,"_monsterinsights_sitenote_note":"","_monsterinsights_sitenote_category":0},"product_brand":[],"product_cat":[12364,12376],"product_tag":[],"class_list":{"0":"post-696356","1":"product","2":"type-product","3":"status-publish","5":"product_cat-genel-konular","6":"product_cat-kisisel-gelisim","7":"pa_cilt-ciltsiz","8":"pa_tur-kitap","9":"pa_yayinevi-akasa-yayinlari","10":"pa_yazar-jack-ensign-addington","12":"first","13":"instock","14":"sale","15":"shipping-taxable","16":"purchasable","17":"product-type-simple"},"_links":{"self":[{"href":"https:\/\/roveyayinevi.com.tr\/index.php\/wp-json\/wp\/v2\/product\/696356","targetHints":{"allow":["GET"]}}],"collection":[{"href":"https:\/\/roveyayinevi.com.tr\/index.php\/wp-json\/wp\/v2\/product"}],"about":[{"href":"https:\/\/roveyayinevi.com.tr\/index.php\/wp-json\/wp\/v2\/types\/product"}],"wp:attachment":[{"href":"https:\/\/roveyayinevi.com.tr\/index.php\/wp-json\/wp\/v2\/media?parent=696356"}],"wp:term":[{"taxonomy":"product_brand","embeddable":true,"href":"https:\/\/roveyayinevi.com.tr\/index.php\/wp-json\/wp\/v2\/product_brand?post=696356"},{"taxonomy":"product_cat","embeddable":true,"href":"https:\/\/roveyayinevi.com.tr\/index.php\/wp-json\/wp\/v2\/product_cat?post=696356"},{"taxonomy":"product_tag","embeddable":true,"href":"https:\/\/roveyayinevi.com.tr\/index.php\/wp-json\/wp\/v2\/product_tag?post=696356"}],"curies":[{"name":"wp","href":"https:\/\/api.w.org\/{rel}","templated":true}]}}