{"id":696355,"date":"2025-08-27T14:34:05","date_gmt":"2025-08-27T11:34:05","guid":{"rendered":"https:\/\/roveyayinevi.com.tr\/index.php\/urun\/avrupa-dusuncesinin-seruveni\/"},"modified":"2026-04-16T02:06:18","modified_gmt":"2026-04-15T23:06:18","slug":"avrupa-dusuncesinin-seruveni","status":"publish","type":"product","link":"https:\/\/roveyayinevi.com.tr\/index.php\/urun\/avrupa-dusuncesinin-seruveni\/","title":{"rendered":"Avrupa D\u00fc\u015f\u00fcncesinin Ser\u00fcveni"},"content":{"rendered":"<p>Avrupa nas\u0131l Avrupala\u015ft\u0131? Bu kitapta, Avrupa\u2019y\u0131 ve Avrupal\u0131l\u0131\u011f\u0131 yaratan d\u00fc\u015f\u00fcncelerin bir \u00f6zetini okuyaca\u011f\u0131z. Jacquline Russ, Avrupa\u2019n\u0131n soy k\u00fct\u00fc\u011f\u00fcnden hareketle, bilhassa her y\u00fczy\u0131l\u0131n ta\u015f\u0131d\u0131\u011f\u0131 kendine \u00f6zg\u00fc atmosfer \u00fczerinde durmaya \u00e7al\u0131\u015fm\u0131\u015ft\u0131r. Pek tabii, y\u00fczy\u0131llar\u0131n zihinlerde belirli bir resmi canlanmazsa kavramlar da i\u00e7i bo\u015f s\u00f6zc\u00fcklere d\u00f6n\u00fc\u015fecektir. Bu senkrenizasyon kayg\u0131s\u0131ndan hareketle kitab\u0131n yazar\u0131, Antik\u00e7a\u011flardan g\u00fcn\u00fcm\u00fcze, Avrupa\u2019da ve Avrupa bilincinde ya\u015fanan geli\u015fmeleri, ilerlemeleri, bunal\u0131mlar\u0131, alt\u00fcst olu\u015flar\u0131 ve yeniden do\u011fu\u015flar\u0131 tasvir etmeye \u00e7al\u0131\u015fm\u0131\u015ft\u0131r. Latin-Yunan ve Yahudi-H\u0131ristiyan uygarl\u0131klar\u0131n\u0131n bir sentezi olan Avrupa felsefi, sanatsal, dinsel, bilimsel ve toplumsal at\u0131l\u0131mlar\u0131, \u2018Orta\u00e7a\u011f Ayd\u0131nl\u0131\u011f\u0131\u2019n\u0131, R\u00f6nesans\u2019\u0131, Ayd\u0131nlanma \u00c7a\u011f\u0131\u2019n\u0131, H\u00fcmanizmi, Devrimler y\u00fczy\u0131l\u0131n\u0131 ve daha bir\u00e7ok bile\u015feni i\u00e7ine alan uzun bir s\u00fcre\u00e7tir. Filozoflar, din adamlar\u0131, bilim insanlar\u0131, sanat\u00e7\u0131lar, politikac\u0131lar, iktidar sahipleri ve halk kitleleri Avrupa\u2019y\u0131 yaratma yolunda ya\u015fanan b\u00fcy\u00fck maceran\u0131n akt\u00f6rleridir. Bu yolculuk i\u00e7inde Avrupa\u2019n\u0131n Grekle\u015fmesi, Latinle\u015fmesi, Romal\u0131la\u015fmas\u0131, Germenle\u015fmesi, H\u0131ristiyanla\u015fmas\u0131 ve son kertede modernle\u015fmesi, bir \u201cmodern bat\u0131 d\u00fc\u015f\u00fcncesi\u201d \u00fcretmesi ayr\u0131 s\u00fcre\u00e7ler, ayr\u0131 etkile\u015fimlerdir. Elbette, Platon, Aristoteles, Machiavelli, Hobbes, Descartes, Spinoza, Vico, Montesquieu, Rousseau, Kant ve Hegel gibi d\u00fc\u015f\u00fcn\u00fcrler bu d\u00fc\u015f\u00fcnce ser\u00fcveni i\u00e7inde \u2018olmazsa olmaz\u2019 bir paye kazanm\u0131\u015flard\u0131r. <\/p>\n","protected":false},"excerpt":{"rendered":"<p>Avrupa nas\u0131l Avrupala\u015ft\u0131? Bu kitapta, Avrupa\u2019y\u0131 ve Avrupal\u0131l\u0131\u011f\u0131 yaratan d\u00fc\u015f\u00fcncelerin bir \u00f6zetini okuyaca\u011f\u0131z. Jacquline Russ, Avrupa\u2019n\u0131n soy k\u00fct\u00fc\u011f\u00fcnden hareketle, bilhassa her y\u00fczy\u0131l\u0131n ta\u015f\u0131d\u0131\u011f\u0131 kendine \u00f6zg\u00fc atmosfer<span class=\"excerpt-hellip\"> [\u2026]<\/span><\/p>\n","protected":false},"featured_media":0,"template":"","meta":{"_monsterinsights_skip_tracking":false,"_monsterinsights_sitenote_active":false,"_monsterinsights_sitenote_note":"","_monsterinsights_sitenote_category":0},"product_brand":[],"product_cat":[12370,12304],"product_tag":[],"class_list":{"0":"post-696355","1":"product","2":"type-product","3":"status-publish","5":"product_cat-arastirma-inceleme","6":"product_cat-tarih","7":"pa_cilt-ciltsiz","8":"pa_tur-kitap","9":"pa_yayinevi-dogu-bati-yayinlari","10":"pa_yazar-jacqueline-russ","12":"first","13":"instock","14":"sale","15":"shipping-taxable","16":"purchasable","17":"product-type-simple"},"_links":{"self":[{"href":"https:\/\/roveyayinevi.com.tr\/index.php\/wp-json\/wp\/v2\/product\/696355","targetHints":{"allow":["GET"]}}],"collection":[{"href":"https:\/\/roveyayinevi.com.tr\/index.php\/wp-json\/wp\/v2\/product"}],"about":[{"href":"https:\/\/roveyayinevi.com.tr\/index.php\/wp-json\/wp\/v2\/types\/product"}],"wp:attachment":[{"href":"https:\/\/roveyayinevi.com.tr\/index.php\/wp-json\/wp\/v2\/media?parent=696355"}],"wp:term":[{"taxonomy":"product_brand","embeddable":true,"href":"https:\/\/roveyayinevi.com.tr\/index.php\/wp-json\/wp\/v2\/product_brand?post=696355"},{"taxonomy":"product_cat","embeddable":true,"href":"https:\/\/roveyayinevi.com.tr\/index.php\/wp-json\/wp\/v2\/product_cat?post=696355"},{"taxonomy":"product_tag","embeddable":true,"href":"https:\/\/roveyayinevi.com.tr\/index.php\/wp-json\/wp\/v2\/product_tag?post=696355"}],"curies":[{"name":"wp","href":"https:\/\/api.w.org\/{rel}","templated":true}]}}