{"id":696350,"date":"2025-08-27T14:34:04","date_gmt":"2025-08-27T11:34:04","guid":{"rendered":"https:\/\/roveyayinevi.com.tr\/index.php\/urun\/bilginin-sesi-bir-toltek-bilgelik-kitabi\/"},"modified":"2026-04-16T02:06:17","modified_gmt":"2026-04-15T23:06:17","slug":"bilginin-sesi-bir-toltek-bilgelik-kitabi","status":"publish","type":"product","link":"https:\/\/roveyayinevi.com.tr\/index.php\/urun\/bilginin-sesi-bir-toltek-bilgelik-kitabi\/","title":{"rendered":"Bilginin Sesi Bir Toltek Bilgelik Kitab\u0131"},"content":{"rendered":"<p>Bilginin Sesi&#8217;nde, Miguel Ruiz bize hepimiz i\u00e7in \u00e7ok \u00f6nemli olan derin bir ger\u00e7e\u011fi hat\u0131rlatmaktad\u0131r: Duygusal \u0131st\u0131rab\u0131m\u0131za son vermemizin, hayatta tekrar mutlu olmam\u0131z\u0131n, b\u00fct\u00fcnl\u00fc\u011f\u00fcm\u00fcze yeniden kavu\u015fmam\u0131z\u0131n tek yolu yalanlara, \u00f6zellikle kendi hakk\u0131m\u0131zdaki yalanlara inanmay\u0131 b\u0131rakmakt\u0131r. Kadim Toltek bilgeli\u011fine dayanan bu ayd\u0131nlat\u0131c\u0131 kitap bize ger\u00e7e\u011fe olan iman\u0131m\u0131z\u0131 tekrar nas\u0131l kazanabilece\u011fimizi ve kendi sa\u011f-duyumuza nas\u0131l geri d\u00f6nebilece\u011fimizi \u00e7ok a\u00e7\u0131k bi\u00e7imde g\u00f6stermektedir. Ruiz bu kitapla kendimizi ve di\u011fer insanlar\u0131 alg\u0131lama bi\u00e7imimizi \u00e7arp\u0131c\u0131 bir bi\u00e7imde de\u011fi\u015ftirmekte ve bir-iki ya\u015f\u0131ndayken alg\u0131lad\u0131\u011f\u0131m\u0131z bir realitenin, bir ger\u00e7ek, sevgi ve mutluluk realitesinin kap\u0131lar\u0131n\u0131 a\u00e7maktad\u0131r<\/p>\n","protected":false},"excerpt":{"rendered":"<p>Bilginin Sesi&#8217;nde, Miguel Ruiz bize hepimiz i\u00e7in \u00e7ok \u00f6nemli olan derin bir ger\u00e7e\u011fi hat\u0131rlatmaktad\u0131r: Duygusal \u0131st\u0131rab\u0131m\u0131za son vermemizin, hayatta tekrar mutlu olmam\u0131z\u0131n, b\u00fct\u00fcnl\u00fc\u011f\u00fcm\u00fcze yeniden kavu\u015fmam\u0131z\u0131n tek<span class=\"excerpt-hellip\"> [\u2026]<\/span><\/p>\n","protected":false},"featured_media":0,"template":"","meta":{"_monsterinsights_skip_tracking":false,"_monsterinsights_sitenote_active":false,"_monsterinsights_sitenote_note":"","_monsterinsights_sitenote_category":0},"product_brand":[],"product_cat":[12389,12388],"product_tag":[],"class_list":{"0":"post-696350","1":"product","2":"type-product","3":"status-publish","5":"product_cat-diger-felsefe","6":"product_cat-felsefe","7":"pa_cilt-ciltsiz","8":"pa_tur-kitap","9":"pa_yayinevi-akasa-yayinlari","10":"pa_yazar-don-miguel-ruiz","12":"first","13":"instock","14":"sale","15":"shipping-taxable","16":"purchasable","17":"product-type-simple"},"_links":{"self":[{"href":"https:\/\/roveyayinevi.com.tr\/index.php\/wp-json\/wp\/v2\/product\/696350","targetHints":{"allow":["GET"]}}],"collection":[{"href":"https:\/\/roveyayinevi.com.tr\/index.php\/wp-json\/wp\/v2\/product"}],"about":[{"href":"https:\/\/roveyayinevi.com.tr\/index.php\/wp-json\/wp\/v2\/types\/product"}],"wp:attachment":[{"href":"https:\/\/roveyayinevi.com.tr\/index.php\/wp-json\/wp\/v2\/media?parent=696350"}],"wp:term":[{"taxonomy":"product_brand","embeddable":true,"href":"https:\/\/roveyayinevi.com.tr\/index.php\/wp-json\/wp\/v2\/product_brand?post=696350"},{"taxonomy":"product_cat","embeddable":true,"href":"https:\/\/roveyayinevi.com.tr\/index.php\/wp-json\/wp\/v2\/product_cat?post=696350"},{"taxonomy":"product_tag","embeddable":true,"href":"https:\/\/roveyayinevi.com.tr\/index.php\/wp-json\/wp\/v2\/product_tag?post=696350"}],"curies":[{"name":"wp","href":"https:\/\/api.w.org\/{rel}","templated":true}]}}