{"id":696345,"date":"2025-08-27T14:34:03","date_gmt":"2025-08-27T11:34:03","guid":{"rendered":"https:\/\/roveyayinevi.com.tr\/index.php\/urun\/medyum\/"},"modified":"2026-04-16T02:06:17","modified_gmt":"2026-04-15T23:06:17","slug":"medyum","status":"publish","type":"product","link":"https:\/\/roveyayinevi.com.tr\/index.php\/urun\/medyum\/","title":{"rendered":"Medyum"},"content":{"rendered":"<p>Jack Torrance\u2019\u0131n Overlook Oteli\u2019nde i\u015fe ba\u015flamas\u0131, ya\u015fam\u0131nda yepyeni bir sayfa a\u00e7abilmesi i\u00e7in bulunmaz bir f\u0131rsatt\u0131. Mevsim sonunda m\u00fc\u015fterilerin u\u011framad\u0131\u011f\u0131 bu eski otelin bek\u00e7ili\u011fini yaparken, ailesiyle bolca birlikte olabilecek ve roman\u0131n\u0131 yazabilecekti. Ama sert k\u0131\u015f havas\u0131 kendisini g\u00f6stermeye ba\u015flay\u0131nca, bu sakin mek\u00e2n iyice \u0131ss\u0131zla\u015ft\u0131&#8230; U\u011fursuz korkun\u00e7 g\u00fc\u00e7lerin Overlook Oteli\u2019ni sarmaya ba\u015flad\u0131\u011f\u0131n\u0131 yaln\u0131zca e\u015fsiz bir yetene\u011fe sahip olan be\u015f ya\u015f\u0131ndaki Danny Torrance fark etti. \u201cEdgar Allen Poe\u2019dan bu yana \u0131ss\u0131z mek\u00e2nlar\u0131, s\u0131n\u0131r tan\u0131mayan korkular\u0131 en iyi anlatan yazar.Entertainment Weekly\u201cHayal bile edemeyece\u011fimiz \u015feyleri \u00f6ylesine korkun\u00e7 betimliyor ki, sokak kap\u0131n\u0131z\u0131n kilitlerini iki kez kontrol etmek gereksinimini duyuyorsunuz.Boston Globe <\/p>\n","protected":false},"excerpt":{"rendered":"<p>Jack Torrance\u2019\u0131n Overlook Oteli\u2019nde i\u015fe ba\u015flamas\u0131, ya\u015fam\u0131nda yepyeni bir sayfa a\u00e7abilmesi i\u00e7in bulunmaz bir f\u0131rsatt\u0131. Mevsim sonunda m\u00fc\u015fterilerin u\u011framad\u0131\u011f\u0131 bu eski otelin bek\u00e7ili\u011fini yaparken, ailesiyle bolca<span class=\"excerpt-hellip\"> [\u2026]<\/span><\/p>\n","protected":false},"featured_media":0,"template":"","meta":{"_monsterinsights_skip_tracking":false,"_monsterinsights_sitenote_active":false,"_monsterinsights_sitenote_note":"","_monsterinsights_sitenote_category":0},"product_brand":[],"product_cat":[12803,12291],"product_tag":[],"class_list":{"0":"post-696345","1":"product","2":"type-product","3":"status-publish","5":"product_cat-aksiyon-macera","6":"product_cat-edebiyat","7":"pa_cilt-ciltsiz","8":"pa_tur-kitap","9":"pa_yayinevi-altin-kitaplar","10":"pa_yazar-stephen-king","12":"first","13":"instock","14":"sale","15":"shipping-taxable","16":"purchasable","17":"product-type-simple"},"_links":{"self":[{"href":"https:\/\/roveyayinevi.com.tr\/index.php\/wp-json\/wp\/v2\/product\/696345","targetHints":{"allow":["GET"]}}],"collection":[{"href":"https:\/\/roveyayinevi.com.tr\/index.php\/wp-json\/wp\/v2\/product"}],"about":[{"href":"https:\/\/roveyayinevi.com.tr\/index.php\/wp-json\/wp\/v2\/types\/product"}],"wp:attachment":[{"href":"https:\/\/roveyayinevi.com.tr\/index.php\/wp-json\/wp\/v2\/media?parent=696345"}],"wp:term":[{"taxonomy":"product_brand","embeddable":true,"href":"https:\/\/roveyayinevi.com.tr\/index.php\/wp-json\/wp\/v2\/product_brand?post=696345"},{"taxonomy":"product_cat","embeddable":true,"href":"https:\/\/roveyayinevi.com.tr\/index.php\/wp-json\/wp\/v2\/product_cat?post=696345"},{"taxonomy":"product_tag","embeddable":true,"href":"https:\/\/roveyayinevi.com.tr\/index.php\/wp-json\/wp\/v2\/product_tag?post=696345"}],"curies":[{"name":"wp","href":"https:\/\/api.w.org\/{rel}","templated":true}]}}