{"id":696344,"date":"2025-08-27T14:34:02","date_gmt":"2025-08-27T11:34:02","guid":{"rendered":"https:\/\/roveyayinevi.com.tr\/index.php\/urun\/ismet-pasanin-kurt-raporu\/"},"modified":"2026-04-16T02:06:17","modified_gmt":"2026-04-15T23:06:17","slug":"ismet-pasanin-kurt-raporu","status":"publish","type":"product","link":"https:\/\/roveyayinevi.com.tr\/index.php\/urun\/ismet-pasanin-kurt-raporu\/","title":{"rendered":"\u0130smet Pa\u015fa\u2019n\u0131n K\u00fcrt Raporu"},"content":{"rendered":"<p>Erzurum&#8217;dan Erzincan&#8217;a, A\u011fr\u0131&#8217;dan Diyarbak\u0131r&#8217;a, Kars&#8217;tan Mu\u015f&#8217;a, Diyarbak\u0131r&#8217;dan Tunceli&#8217;ye, Van&#8217;dan Bitlis&#8217;e, devletin politikalar\u0131 ilk kez bu kitapta ayr\u0131nt\u0131lar\u0131yla a\u00e7\u0131klan\u0131yor. Ba\u015fbakan \u0130smet \u0130n\u00f6n\u00fc&#8217;n\u00fcn haz\u0131rlad\u0131\u011f\u0131 raporda 1935 T\u00fcrkiye&#8217;sinde neler olup bitti\u011fini \u00f6\u011frenecek, d\u00f6nemin &#8216;Apo&#8217; su Abdurrahman Mihi&#8217;nin \u00f6yk\u00fcs\u00fcn\u00fcn yan\u0131 s\u0131ra hakk\u0131nda yolsuzluk su\u00e7lamas\u0131 yap\u0131l\u0131nca Ba\u015fbakan \u0130n\u00f6n\u00fc kar\u015f\u0131s\u0131nda h\u00fcng\u00fcr h\u00fcng\u00fcr a\u011flayan onurlu kaymakama kadar insan \u00f6yk\u00fcleri bulacaks\u0131n\u0131z.<\/p>\n","protected":false},"excerpt":{"rendered":"<p>Erzurum&#8217;dan Erzincan&#8217;a, A\u011fr\u0131&#8217;dan Diyarbak\u0131r&#8217;a, Kars&#8217;tan Mu\u015f&#8217;a, Diyarbak\u0131r&#8217;dan Tunceli&#8217;ye, Van&#8217;dan Bitlis&#8217;e, devletin politikalar\u0131 ilk kez bu kitapta ayr\u0131nt\u0131lar\u0131yla a\u00e7\u0131klan\u0131yor. Ba\u015fbakan \u0130smet \u0130n\u00f6n\u00fc&#8217;n\u00fcn haz\u0131rlad\u0131\u011f\u0131 raporda 1935 T\u00fcrkiye&#8217;sinde neler<span class=\"excerpt-hellip\"> [\u2026]<\/span><\/p>\n","protected":false},"featured_media":0,"template":"","meta":{"_monsterinsights_skip_tracking":false,"_monsterinsights_sitenote_active":false,"_monsterinsights_sitenote_note":"","_monsterinsights_sitenote_category":0},"product_brand":[],"product_cat":[12312,12304],"product_tag":[],"class_list":{"0":"post-696344","1":"product","2":"type-product","3":"status-publish","5":"product_cat-diger","6":"product_cat-tarih","7":"pa_cilt-ciltsiz","8":"pa_tur-kitap","9":"pa_yayinevi-dogan-kitap","10":"pa_yazar-saygi-ozturk","12":"first","13":"instock","14":"sale","15":"shipping-taxable","16":"purchasable","17":"product-type-simple"},"_links":{"self":[{"href":"https:\/\/roveyayinevi.com.tr\/index.php\/wp-json\/wp\/v2\/product\/696344","targetHints":{"allow":["GET"]}}],"collection":[{"href":"https:\/\/roveyayinevi.com.tr\/index.php\/wp-json\/wp\/v2\/product"}],"about":[{"href":"https:\/\/roveyayinevi.com.tr\/index.php\/wp-json\/wp\/v2\/types\/product"}],"wp:attachment":[{"href":"https:\/\/roveyayinevi.com.tr\/index.php\/wp-json\/wp\/v2\/media?parent=696344"}],"wp:term":[{"taxonomy":"product_brand","embeddable":true,"href":"https:\/\/roveyayinevi.com.tr\/index.php\/wp-json\/wp\/v2\/product_brand?post=696344"},{"taxonomy":"product_cat","embeddable":true,"href":"https:\/\/roveyayinevi.com.tr\/index.php\/wp-json\/wp\/v2\/product_cat?post=696344"},{"taxonomy":"product_tag","embeddable":true,"href":"https:\/\/roveyayinevi.com.tr\/index.php\/wp-json\/wp\/v2\/product_tag?post=696344"}],"curies":[{"name":"wp","href":"https:\/\/api.w.org\/{rel}","templated":true}]}}