{"id":696327,"date":"2025-08-27T14:33:58","date_gmt":"2025-08-27T11:33:58","guid":{"rendered":"https:\/\/roveyayinevi.com.tr\/index.php\/urun\/sazin-ve-sozun-sultanlari-3\/"},"modified":"2026-04-16T02:06:17","modified_gmt":"2026-04-15T23:06:17","slug":"sazin-ve-sozun-sultanlari-3","status":"publish","type":"product","link":"https:\/\/roveyayinevi.com.tr\/index.php\/urun\/sazin-ve-sozun-sultanlari-3\/","title":{"rendered":"Saz\u0131n ve S\u00f6z\u00fcn Sultanlar\u0131 3"},"content":{"rendered":"<p>\u0130simlerine ula\u015fabildi\u011fimiz s\u00f6z\u00fcn ilk ustalar\u0131 olan \u00c7u\u00e7u, Apr\u0131n\u00e7ur, Tigin, K\u00fcl Tarkan&#8217;dan, ozanlar\u0131n piri olan Dede Korkut&#8217;a, Pir Sultan Abdal&#8217;a, Karacao\u011flan&#8217;a, A\u015f\u0131k \u00d6mer&#8217;e, A\u015f\u0131k \u015eenlik&#8217;e, Ka\u011f\u0131zmanl\u0131 H\u0131fz\u00ee&#8217;ye, aya\u015fl\u0131 Ahmet Fahri&#8217;ye, A\u015f\u0131k Veysel&#8217;e ve Mahzuni \u015eerife kadar saz\u0131n ve s\u00f6z\u00fcn bayra\u011f\u0131 serefle ta\u015f\u0131nm\u0131\u015f ve g\u00fcn\u00fcm\u00fcz halk \u015fairlerine devredilmi\u015ftir <\/p>\n","protected":false},"excerpt":{"rendered":"<p>\u0130simlerine ula\u015fabildi\u011fimiz s\u00f6z\u00fcn ilk ustalar\u0131 olan \u00c7u\u00e7u, Apr\u0131n\u00e7ur, Tigin, K\u00fcl Tarkan&#8217;dan, ozanlar\u0131n piri olan Dede Korkut&#8217;a, Pir Sultan Abdal&#8217;a, Karacao\u011flan&#8217;a, A\u015f\u0131k \u00d6mer&#8217;e, A\u015f\u0131k \u015eenlik&#8217;e, Ka\u011f\u0131zmanl\u0131 H\u0131fz\u00ee&#8217;ye,<span class=\"excerpt-hellip\"> [\u2026]<\/span><\/p>\n","protected":false},"featured_media":0,"template":"","meta":{"_monsterinsights_skip_tracking":false,"_monsterinsights_sitenote_active":false,"_monsterinsights_sitenote_note":"","_monsterinsights_sitenote_category":0},"product_brand":[],"product_cat":[27157,12291],"product_tag":[],"class_list":{"0":"post-696327","1":"product","2":"type-product","3":"status-publish","5":"product_cat-derleme","6":"product_cat-edebiyat","7":"pa_cilt-ciltsiz","8":"pa_tur-kitap","9":"pa_yayinevi-gazi-kitabevi","10":"pa_yazar-kolektif","12":"first","13":"instock","14":"sale","15":"shipping-taxable","16":"purchasable","17":"product-type-simple"},"_links":{"self":[{"href":"https:\/\/roveyayinevi.com.tr\/index.php\/wp-json\/wp\/v2\/product\/696327","targetHints":{"allow":["GET"]}}],"collection":[{"href":"https:\/\/roveyayinevi.com.tr\/index.php\/wp-json\/wp\/v2\/product"}],"about":[{"href":"https:\/\/roveyayinevi.com.tr\/index.php\/wp-json\/wp\/v2\/types\/product"}],"wp:attachment":[{"href":"https:\/\/roveyayinevi.com.tr\/index.php\/wp-json\/wp\/v2\/media?parent=696327"}],"wp:term":[{"taxonomy":"product_brand","embeddable":true,"href":"https:\/\/roveyayinevi.com.tr\/index.php\/wp-json\/wp\/v2\/product_brand?post=696327"},{"taxonomy":"product_cat","embeddable":true,"href":"https:\/\/roveyayinevi.com.tr\/index.php\/wp-json\/wp\/v2\/product_cat?post=696327"},{"taxonomy":"product_tag","embeddable":true,"href":"https:\/\/roveyayinevi.com.tr\/index.php\/wp-json\/wp\/v2\/product_tag?post=696327"}],"curies":[{"name":"wp","href":"https:\/\/api.w.org\/{rel}","templated":true}]}}