{"id":696323,"date":"2025-08-27T14:33:57","date_gmt":"2025-08-27T11:33:57","guid":{"rendered":"https:\/\/roveyayinevi.com.tr\/index.php\/urun\/firtina-kokusu\/"},"modified":"2026-04-16T02:06:17","modified_gmt":"2026-04-15T23:06:17","slug":"firtina-kokusu","status":"publish","type":"product","link":"https:\/\/roveyayinevi.com.tr\/index.php\/urun\/firtina-kokusu\/","title":{"rendered":"F\u0131rt\u0131na Kokusu"},"content":{"rendered":"<p>Nancy Pickard; Be\u015f Macavity, D\u00f6rt Agatha, Bir Anthony, Bir Shamus \u00d6d\u00fcl\u00fc kazanm\u0131\u015ft\u0131r. Bu d\u00f6rt \u00f6d\u00fcl\u00fc kazanan tek yazar konumundad\u0131r. Jody Linder, g\u00fczel bir yaz g\u00fcn\u00fcnde sars\u0131c\u0131 bir haber al\u0131r: Babas\u0131n\u0131n katili olarak hapis yatan adam sal\u0131verilmi\u015f, Kansas\u2019taki k\u00fc\u00e7\u00fck Rose kasabas\u0131na geri d\u00f6nmektedir. Babas\u0131n\u0131n vurularak \u00f6ld\u00fcr\u00fcld\u00fc\u011f\u00fc, annesinin ise kayboldu\u011fu ve cinayete kurban gitti\u011fine h\u00fckmedildi\u011fi f\u0131rt\u0131nal\u0131 gecenin \u00fczerinden yirmi \u00fc\u00e7 y\u0131l ge\u00e7mi\u015ftir. Ne amcalar\u0131yla eni\u015ftesinin kendisini koruyup ba\u011f\u0131rlar\u0131na basmalar\u0131 ne de b\u00fcy\u00fckannesi ile b\u00fcy\u00fckbabas\u0131n\u0131n g\u00fcvenli bir liman\u0131 and\u0131ran \u00e7iftli\u011fi, o felaket gecesinde Billy Crosby\u2019nin sebep oldu\u011fu ac\u0131lar\u0131 silebilmi\u015ftir. Hayat\u0131n\u0131 babas\u0131n\u0131n masumiyetini kan\u0131tlamaya aday\u0131p avukat olan o\u011flu Collin\u2019in \u00e7abalar\u0131 sayesinde Billy Crosby art\u0131k serbesttir. Kasaban\u0131n k\u00fc\u00e7\u00fck n\u00fcfusuna ra\u011fmen \u00e7ocukluklar\u0131ndan beri birbirlerinden uzak durmaya \u00e7al\u0131\u015fan Jody ile Collin, kaybettiklerinden dolay\u0131 duyduklar\u0131 \u00fcz\u00fcnt\u00fcn\u00fcn ortak oldu\u011funu ke\u015ffederler. Jody eski yaralar\u0131 de\u015ftik\u00e7e ailesinin trajik ge\u00e7mi\u015fine dair \u00fcrk\u00fct\u00fcc\u00fc s\u0131rlar ortaya \u00e7\u0131kmaya ba\u015flar. Bu m\u00fccadele ve zorluklara ra\u011fmen daha iyi bir gelece\u011fe, hatta belki de a\u015fka dair umutlar besleme cesaretini g\u00f6sterir. Pickard \u00f6yk\u00fc anlatmak konusunda do\u011fu\u015ftan yetenekli. -The New York Times- Sizi b\u00fct\u00fcn gece uyutmayacak. Nancy Pickard\u2019\u0131n zek\u00e2s\u0131 ve merakl\u0131 anlat\u0131m\u0131 insan\u0131 asla hayal k\u0131r\u0131kl\u0131\u011f\u0131na u\u011fratm\u0131yor. -Julie Garwood- Nancy Pickard aileler ve ili\u015fkiler; nefret, arzu ve a\u015fk; sadakat ve ihanet, \u00f6zellikle de s\u0131rlar\u0131n y\u0131prat\u0131c\u0131 g\u00fcc\u00fc hakk\u0131nda ba\u015far\u0131yla \u00f6r\u00fclm\u00fc\u015f romanlar yaz\u0131yor. -The Boston Globe- Bu kitap s\u00fcr\u00fckleyici bir roman, ustaca yap\u0131lm\u0131\u015f bir karakter incelemesi ve edebi a\u00e7\u0131dan nadir rastlanan bir eser. -The Kansas City Star- Pickard\u2019\u0131n Kansas\u2019a dair \u00f6yk\u00fcleri a\u011f\u0131r ba\u015fl\u0131l\u0131k ve k\u00fc\u00e7\u00fck kasabalar\u0131n dramlar\u0131yla dolu. F\u0131rt\u0131na Pickard\u2019a hak etti\u011fi geni\u015f okuyucu kitlesini kazand\u0131racakt\u0131r. -The Denver Post- \ufffcTan\u0131t\u0131m Metni<\/p>\n","protected":false},"excerpt":{"rendered":"<p>Nancy Pickard; Be\u015f Macavity, D\u00f6rt Agatha, Bir Anthony, Bir Shamus \u00d6d\u00fcl\u00fc kazanm\u0131\u015ft\u0131r. Bu d\u00f6rt \u00f6d\u00fcl\u00fc kazanan tek yazar konumundad\u0131r. Jody Linder, g\u00fczel bir yaz g\u00fcn\u00fcnde sars\u0131c\u0131<span class=\"excerpt-hellip\"> [\u2026]<\/span><\/p>\n","protected":false},"featured_media":0,"template":"","meta":{"_monsterinsights_skip_tracking":false,"_monsterinsights_sitenote_active":false,"_monsterinsights_sitenote_note":"","_monsterinsights_sitenote_category":0},"product_brand":[],"product_cat":[12891,12291],"product_tag":[],"class_list":{"0":"post-696323","1":"product","2":"type-product","3":"status-publish","5":"product_cat-amerikan-edebiyati","6":"product_cat-edebiyat","7":"pa_tur-kitap","8":"pa_yayinevi-ephesus-yayinlari","9":"pa_yazar-nancy-pickard","11":"first","12":"instock","13":"sale","14":"shipping-taxable","15":"purchasable","16":"product-type-simple"},"_links":{"self":[{"href":"https:\/\/roveyayinevi.com.tr\/index.php\/wp-json\/wp\/v2\/product\/696323","targetHints":{"allow":["GET"]}}],"collection":[{"href":"https:\/\/roveyayinevi.com.tr\/index.php\/wp-json\/wp\/v2\/product"}],"about":[{"href":"https:\/\/roveyayinevi.com.tr\/index.php\/wp-json\/wp\/v2\/types\/product"}],"wp:attachment":[{"href":"https:\/\/roveyayinevi.com.tr\/index.php\/wp-json\/wp\/v2\/media?parent=696323"}],"wp:term":[{"taxonomy":"product_brand","embeddable":true,"href":"https:\/\/roveyayinevi.com.tr\/index.php\/wp-json\/wp\/v2\/product_brand?post=696323"},{"taxonomy":"product_cat","embeddable":true,"href":"https:\/\/roveyayinevi.com.tr\/index.php\/wp-json\/wp\/v2\/product_cat?post=696323"},{"taxonomy":"product_tag","embeddable":true,"href":"https:\/\/roveyayinevi.com.tr\/index.php\/wp-json\/wp\/v2\/product_tag?post=696323"}],"curies":[{"name":"wp","href":"https:\/\/api.w.org\/{rel}","templated":true}]}}