{"id":696321,"date":"2025-08-27T14:33:57","date_gmt":"2025-08-27T11:33:57","guid":{"rendered":"https:\/\/roveyayinevi.com.tr\/index.php\/urun\/ortadoguda-kulturel-gecisler\/"},"modified":"2026-04-16T02:06:17","modified_gmt":"2026-04-15T23:06:17","slug":"ortadoguda-kulturel-gecisler","status":"publish","type":"product","link":"https:\/\/roveyayinevi.com.tr\/index.php\/urun\/ortadoguda-kulturel-gecisler\/","title":{"rendered":"Ortado\u011fu\u2019da K\u00fclt\u00fcrel Ge\u00e7i\u015fler"},"content":{"rendered":"<p>Ortado\u011fu\u2019da zaman, ba\u015fka dillere kolayca \u00e7evrilemeyecek kendine \u00f6zg\u00fc bir ak\u0131\u015f ve ritme sahiptir. Bu zaman dilimi i\u00e7inde, g\u00fcndelik ili\u015fkiler ve sosyal hayat, genelge\u00e7er siyasi analizlerin \u00f6tesinde \u00e7ok daha derin bir yerlerde kuruludur. Ortado\u011fu halklar\u0131na dair bir k\u00fclt\u00fcrel okuma yap\u0131ld\u0131\u011f\u0131nda, geni\u015f bir etkile\u015fim a\u011f\u0131 i\u00e7inde ya\u015fam tarzlar\u0131n\u0131n, b\u00fct\u00fcn toplumsal hayata yay\u0131lan farkl\u0131l\u0131k ve sentezlerin nas\u0131l meydana geldi\u011fi a\u00e7\u0131kl\u0131\u011fa kavu\u015facakt\u0131r. De\u011fi\u015fen d\u00fcnya kar\u015f\u0131s\u0131nda Ortado\u011fu kendine ait modernle\u015fme dinamiklerini \u00fcretmi\u015ftir. Bu topraklarda ya\u015fayan entelekt\u00fceller derin k\u0131r\u0131lmalardan ge\u00e7erek ilgin\u00e7 say\u0131labilecek d\u00fc\u015f\u00fcnsel kaynaklardan beslenmi\u015fler ve modern d\u00fcnya kar\u015f\u0131s\u0131ndaki tepkilerini farkl\u0131 \u015fekillerde ortaya koymu\u015flard\u0131r. Ortado\u011fu\u2019daki fikr\u00ee ve din\u00ee ak\u0131mlar\u0131n do\u011fu\u015fu ve birbirleriyle etkile\u015fimleri, k\u00f6kl\u00fc uyan\u0131\u015f tecr\u00fcbeleri ve radikal reform hareketleri, hukuk, adalet vb. kavramlar\u0131n g\u00fcndeme geli\u015fi, anayasa \u00e7al\u0131\u015fmalar\u0131n\u0131n do\u011fu\u015fu ve pop\u00fcler k\u00fclt\u00fcr \u00f6\u011felerinin kullan\u0131m\u0131 gibi daha bir\u00e7ok konu k\u00fclt\u00fcrel ara\u015ft\u0131rmalar\u0131n zenginli\u011fi ve gelece\u011fi bak\u0131m\u0131ndan incelenmeye de\u011ferdir.  \u00d6nc\u00fc sosyologlardan \u015eerif Mardin\u2019in edit\u00f6rl\u00fc\u011f\u00fcn\u00fc \u00fcstlendi\u011fi bu \u00e7al\u0131\u015fma, \u00f6nemli bir a\u00e7\u0131\u011f\u0131 kapat\u0131yor. \u015eimdiye kadar pek ilgi duyulmayan bir co\u011frafyan\u0131n d\u00fc\u015f\u00fcnsel haritas\u0131n\u0131 yak\u0131ndan tan\u0131mak ku\u015fkusuz T\u00fcrk entelijansiyas\u0131 i\u00e7in yeni bir soluk say\u0131lacakt\u0131r. <\/p>\n","protected":false},"excerpt":{"rendered":"<p>Ortado\u011fu\u2019da zaman, ba\u015fka dillere kolayca \u00e7evrilemeyecek kendine \u00f6zg\u00fc bir ak\u0131\u015f ve ritme sahiptir. Bu zaman dilimi i\u00e7inde, g\u00fcndelik ili\u015fkiler ve sosyal hayat, genelge\u00e7er siyasi analizlerin \u00f6tesinde<span class=\"excerpt-hellip\"> [\u2026]<\/span><\/p>\n","protected":false},"featured_media":0,"template":"","meta":{"_monsterinsights_skip_tracking":false,"_monsterinsights_sitenote_active":false,"_monsterinsights_sitenote_note":"","_monsterinsights_sitenote_category":0},"product_brand":[],"product_cat":[13633,12324],"product_tag":[],"class_list":{"0":"post-696321","1":"product","2":"type-product","3":"status-publish","5":"product_cat-kultur-ve-bilim","6":"product_cat-sosyoloji","7":"pa_cilt-ciltsiz","8":"pa_tur-kitap","9":"pa_yayinevi-dogu-bati-yayinlari","10":"pa_yazar-kolektif","12":"first","13":"instock","14":"sale","15":"shipping-taxable","16":"purchasable","17":"product-type-simple"},"_links":{"self":[{"href":"https:\/\/roveyayinevi.com.tr\/index.php\/wp-json\/wp\/v2\/product\/696321","targetHints":{"allow":["GET"]}}],"collection":[{"href":"https:\/\/roveyayinevi.com.tr\/index.php\/wp-json\/wp\/v2\/product"}],"about":[{"href":"https:\/\/roveyayinevi.com.tr\/index.php\/wp-json\/wp\/v2\/types\/product"}],"wp:attachment":[{"href":"https:\/\/roveyayinevi.com.tr\/index.php\/wp-json\/wp\/v2\/media?parent=696321"}],"wp:term":[{"taxonomy":"product_brand","embeddable":true,"href":"https:\/\/roveyayinevi.com.tr\/index.php\/wp-json\/wp\/v2\/product_brand?post=696321"},{"taxonomy":"product_cat","embeddable":true,"href":"https:\/\/roveyayinevi.com.tr\/index.php\/wp-json\/wp\/v2\/product_cat?post=696321"},{"taxonomy":"product_tag","embeddable":true,"href":"https:\/\/roveyayinevi.com.tr\/index.php\/wp-json\/wp\/v2\/product_tag?post=696321"}],"curies":[{"name":"wp","href":"https:\/\/api.w.org\/{rel}","templated":true}]}}