{"id":696318,"date":"2025-08-27T14:33:56","date_gmt":"2025-08-27T11:33:56","guid":{"rendered":"https:\/\/roveyayinevi.com.tr\/index.php\/urun\/sanat\/"},"modified":"2026-04-16T02:06:17","modified_gmt":"2026-04-15T23:06:17","slug":"sanat","status":"publish","type":"product","link":"https:\/\/roveyayinevi.com.tr\/index.php\/urun\/sanat\/","title":{"rendered":"Sanat"},"content":{"rendered":"<p>France Farago\u2019nun \u00e7al\u0131\u015fmas\u0131 antik d\u00f6nemden g\u00fcn\u00fcm\u00fcze, Platon\u2019dan Tarkovski\u2019ye kadar sanat\u0131n k\u0131sa bir \u00f6yk\u00fcs\u00fcn\u00fc sunmaktad\u0131r. Bu yap\u0131t, 20. y\u00fczy\u0131lda modernitenin soyk\u00fct\u00fc\u011f\u00fcnden hareketle sanattaki benzersiz d\u00f6n\u00fc\u015f\u00fcm\u00fc anlama \u00e7abas\u0131 g\u00fctmektedir. Antikite, Avrupa\u2019ya ilham veren ve geleneksel ara\u00e7lar\u0131 temin eden bir devir olarak tasvir edilmi\u015ftir. Yazar, perspektifi ve seyirciyi dikkate alan insan-merkezli sanattan tekil bak\u0131\u015f a\u00e7\u0131s\u0131n\u0131n kayboldu\u011fu tanr\u0131-merkezli sanata ge\u00e7i\u015fi y\u00f6nlendiren mant\u0131\u011fa \u0131\u015f\u0131k tutar: Bu, Do\u011fu Roma \u0130mparatorlu\u011fu\u2019ndan Orta\u00e7a\u011f\u2019\u0131n sonlar\u0131na dek s\u00fcrm\u00fc\u015f olan bir d\u00f6nemdir ve bizim y\u00fczy\u0131l\u0131m\u0131z antik perspektifin ve R\u00f6nesans\u2019\u0131 olu\u015fturan \u00e7a\u011flar\u0131n miras\u00e7\u0131s\u0131d\u0131r. Plotin\u2019in tema\u015fa d\u00fc\u015f\u00fcncesi ise bu ge\u00e7i\u015flerin temel felsefesini olu\u015fturur. Sanattaki modernite, g\u00f6r\u00fcnt\u00fcn\u00fcn reddedilmesinden ve taklidinden do\u011fmu\u015ftur. Y\u00fcksek ontolojik bir ger\u00e7ekli\u011fe g\u00f6nderme yapan soyut sanat\u0131n b\u00fcy\u00fck ressamlar\u0131 (Kandinsky, Mondrian, Malevitch), bi\u00e7imden kurals\u0131zl\u0131\u011fa, fig\u00fcratiften soyuta, objektif olandan objektif olmayana ge\u00e7i\u015fi ustal\u0131kla i\u015flemi\u015flerdir. Art\u0131k onlar\u0131n sanat\u0131 ger\u00e7ek olan\u0131 temsil etmekten ziyade varolu\u015fun hissedilebilece\u011fi bir bak\u0131\u015f a\u00e7\u0131s\u0131d\u0131r. G\u00fczeli reddeden, ho\u015fnut etme kayg\u0131s\u0131ndan uzak ve kal\u0131c\u0131l\u0131k derdi olmayan \u00e7a\u011fda\u015f sanat, modern d\u00f6nemin sona eri\u015fini tescil eder. \u0130nsan\u0131 \u00e7\u0131plak ger\u00e7eklikle y\u00fcz y\u00fcze b\u0131rak\u0131r. \ufffcTan\u0131t\u0131m Metni<\/p>\n","protected":false},"excerpt":{"rendered":"<p>France Farago\u2019nun \u00e7al\u0131\u015fmas\u0131 antik d\u00f6nemden g\u00fcn\u00fcm\u00fcze, Platon\u2019dan Tarkovski\u2019ye kadar sanat\u0131n k\u0131sa bir \u00f6yk\u00fcs\u00fcn\u00fc sunmaktad\u0131r. Bu yap\u0131t, 20. y\u00fczy\u0131lda modernitenin soyk\u00fct\u00fc\u011f\u00fcnden hareketle sanattaki benzersiz d\u00f6n\u00fc\u015f\u00fcm\u00fc anlama \u00e7abas\u0131<span class=\"excerpt-hellip\"> [\u2026]<\/span><\/p>\n","protected":false},"featured_media":0,"template":"","meta":{"_monsterinsights_skip_tracking":false,"_monsterinsights_sitenote_active":false,"_monsterinsights_sitenote_note":"","_monsterinsights_sitenote_category":0},"product_brand":[],"product_cat":[12408,14197],"product_tag":[],"class_list":{"0":"post-696318","1":"product","2":"type-product","3":"status-publish","5":"product_cat-sanat","6":"product_cat-sanat-tarihi","7":"pa_cilt-ciltsiz","8":"pa_tur-kitap","9":"pa_yayinevi-dogu-bati-yayinlari","10":"pa_yazar-france-farago","12":"first","13":"instock","14":"sale","15":"shipping-taxable","16":"purchasable","17":"product-type-simple"},"_links":{"self":[{"href":"https:\/\/roveyayinevi.com.tr\/index.php\/wp-json\/wp\/v2\/product\/696318","targetHints":{"allow":["GET"]}}],"collection":[{"href":"https:\/\/roveyayinevi.com.tr\/index.php\/wp-json\/wp\/v2\/product"}],"about":[{"href":"https:\/\/roveyayinevi.com.tr\/index.php\/wp-json\/wp\/v2\/types\/product"}],"wp:attachment":[{"href":"https:\/\/roveyayinevi.com.tr\/index.php\/wp-json\/wp\/v2\/media?parent=696318"}],"wp:term":[{"taxonomy":"product_brand","embeddable":true,"href":"https:\/\/roveyayinevi.com.tr\/index.php\/wp-json\/wp\/v2\/product_brand?post=696318"},{"taxonomy":"product_cat","embeddable":true,"href":"https:\/\/roveyayinevi.com.tr\/index.php\/wp-json\/wp\/v2\/product_cat?post=696318"},{"taxonomy":"product_tag","embeddable":true,"href":"https:\/\/roveyayinevi.com.tr\/index.php\/wp-json\/wp\/v2\/product_tag?post=696318"}],"curies":[{"name":"wp","href":"https:\/\/api.w.org\/{rel}","templated":true}]}}