{"id":696317,"date":"2025-08-27T14:33:56","date_gmt":"2025-08-27T11:33:56","guid":{"rendered":"https:\/\/roveyayinevi.com.tr\/index.php\/urun\/kozmos\/"},"modified":"2026-04-16T02:06:17","modified_gmt":"2026-04-15T23:06:17","slug":"kozmos","status":"publish","type":"product","link":"https:\/\/roveyayinevi.com.tr\/index.php\/urun\/kozmos\/","title":{"rendered":"Kozmos"},"content":{"rendered":"<p>Carl Sagan zaman\u0131m\u0131z\u0131n en parlak bilim adamlar\u0131ndan biridir&#8230; \u0130\u00e7inde varl\u0131\u011f\u0131m\u0131z\u0131 s\u00fcrd\u00fcrd\u00fc\u011f\u00fcm\u00fcz ak\u0131llara durgunluk veren Kozmos\u2019un sonsuzlu\u011funu dile getirirken bilimin ge\u00e7mi\u015fine, \u015fimdiki zaman\u0131na ve gelece\u011fine ili\u015fkin muhte\u015fem bir eser yaratm\u0131\u015f. &#8211; Associated Press Alan\u0131nda g\u00f6z kama\u015ft\u0131r\u0131c\u0131, \u00f6nerilerinde k\u0131\u015fk\u0131rt\u0131c\u0131. Bu kitab\u0131 okuyan herkesin, etkisi alt\u0131nda kalaca\u011f\u0131ndan hi\u00e7 ku\u015fkum yok. &#8211; The Miami Herald Sagan edebi bir co\u015fkuyla yaz\u0131yor. Harika bir eser. \u0130nsan akl\u0131n\u0131n t\u00fcm noktalar\u0131na de\u011finen Kozmos ger\u00e7ek olmayacak kadar ger\u00e7ek. The Cleveland Plain Dealer \u0130nsano\u011flu Uzay Okyanusuna A\u00e7\u0131l\u0131yor Canl\u0131lar\u0131n ve Evrenin Yap\u0131s\u0131 Do\u011fa Yasalar\u0131 T\u00fcm Evrende Ge\u00e7erlidir Cennet ve Cehennem Ba\u015fka Gezegenlerde Ya\u015fam Var m\u0131? Ke\u015fif Yolculuklar\u0131n\u0131n \u00d6yk\u00fcs\u00fc Samanyolu: Gecenin Belkemi\u011fi Zaman ve Mek\u00e2n \u0130\u00e7inde Yolculuk Ba\u015fka Evrenlerin Kap\u0131s\u0131 Kara Delikler Sonsuzlu\u011fun K\u0131y\u0131s\u0131: D\u00f6rd\u00fcnc\u00fc Boyut Akl\u0131n Evrimi Galaktik Uygarl\u0131k Ya\u015famak ya da Yok Olmak Konusunda Kim Karar Verecek? <\/p>\n","protected":false},"excerpt":{"rendered":"<p>Carl Sagan zaman\u0131m\u0131z\u0131n en parlak bilim adamlar\u0131ndan biridir&#8230; \u0130\u00e7inde varl\u0131\u011f\u0131m\u0131z\u0131 s\u00fcrd\u00fcrd\u00fc\u011f\u00fcm\u00fcz ak\u0131llara durgunluk veren Kozmos\u2019un sonsuzlu\u011funu dile getirirken bilimin ge\u00e7mi\u015fine, \u015fimdiki zaman\u0131na ve gelece\u011fine ili\u015fkin muhte\u015fem<span class=\"excerpt-hellip\"> [\u2026]<\/span><\/p>\n","protected":false},"featured_media":0,"template":"","meta":{"_monsterinsights_skip_tracking":false,"_monsterinsights_sitenote_active":false,"_monsterinsights_sitenote_note":"","_monsterinsights_sitenote_category":0},"product_brand":[],"product_cat":[13005,13006],"product_tag":[],"class_list":{"0":"post-696317","1":"product","2":"type-product","3":"status-publish","5":"product_cat-bilim-muhendislik","6":"product_cat-populer-bilim","7":"pa_cilt-ciltsiz","8":"pa_tur-kitap","9":"pa_yayinevi-altin-kitaplar","10":"pa_yazar-carl-sagan","12":"first","13":"instock","14":"sale","15":"shipping-taxable","16":"purchasable","17":"product-type-simple"},"_links":{"self":[{"href":"https:\/\/roveyayinevi.com.tr\/index.php\/wp-json\/wp\/v2\/product\/696317","targetHints":{"allow":["GET"]}}],"collection":[{"href":"https:\/\/roveyayinevi.com.tr\/index.php\/wp-json\/wp\/v2\/product"}],"about":[{"href":"https:\/\/roveyayinevi.com.tr\/index.php\/wp-json\/wp\/v2\/types\/product"}],"wp:attachment":[{"href":"https:\/\/roveyayinevi.com.tr\/index.php\/wp-json\/wp\/v2\/media?parent=696317"}],"wp:term":[{"taxonomy":"product_brand","embeddable":true,"href":"https:\/\/roveyayinevi.com.tr\/index.php\/wp-json\/wp\/v2\/product_brand?post=696317"},{"taxonomy":"product_cat","embeddable":true,"href":"https:\/\/roveyayinevi.com.tr\/index.php\/wp-json\/wp\/v2\/product_cat?post=696317"},{"taxonomy":"product_tag","embeddable":true,"href":"https:\/\/roveyayinevi.com.tr\/index.php\/wp-json\/wp\/v2\/product_tag?post=696317"}],"curies":[{"name":"wp","href":"https:\/\/api.w.org\/{rel}","templated":true}]}}