{"id":696316,"date":"2025-08-27T14:33:55","date_gmt":"2025-08-27T11:33:55","guid":{"rendered":"https:\/\/roveyayinevi.com.tr\/index.php\/urun\/seytana-satilan-ruh-ya-da-kotulugun-egemenligi\/"},"modified":"2026-04-16T02:06:17","modified_gmt":"2026-04-15T23:06:17","slug":"seytana-satilan-ruh-ya-da-kotulugun-egemenligi","status":"publish","type":"product","link":"https:\/\/roveyayinevi.com.tr\/index.php\/urun\/seytana-satilan-ruh-ya-da-kotulugun-egemenligi\/","title":{"rendered":"\u015eeytana Sat\u0131lan Ruh Ya da K\u00f6t\u00fcl\u00fc\u011f\u00fcn Egemenli\u011fi"},"content":{"rendered":"<p>Y\u00fcz\u00fcn\u00fc her zaman ustal\u0131kla maskeleyebilmi\u015f \u015eeytan, modern uygarl\u0131kta yine kendine yak\u0131\u015fan kusursuz k\u0131yafeti se\u00e7iyor.<\/p>\n","protected":false},"excerpt":{"rendered":"<p>Y\u00fcz\u00fcn\u00fc her zaman ustal\u0131kla maskeleyebilmi\u015f \u015eeytan, modern uygarl\u0131kta yine kendine yak\u0131\u015fan kusursuz k\u0131yafeti se\u00e7iyor.<\/p>\n","protected":false},"featured_media":0,"template":"","meta":{"_monsterinsights_skip_tracking":false,"_monsterinsights_sitenote_active":false,"_monsterinsights_sitenote_note":"","_monsterinsights_sitenote_category":0},"product_brand":[],"product_cat":[12388,15309],"product_tag":[],"class_list":{"0":"post-696316","1":"product","2":"type-product","3":"status-publish","5":"product_cat-felsefe","6":"product_cat-felsefi-akimlar","7":"pa_cilt-ciltsiz","8":"pa_tur-kitap","9":"pa_yayinevi-dogu-bati-yayinlari","10":"pa_yazar-jean-baudrillard","12":"first","13":"instock","14":"sale","15":"shipping-taxable","16":"purchasable","17":"product-type-simple"},"_links":{"self":[{"href":"https:\/\/roveyayinevi.com.tr\/index.php\/wp-json\/wp\/v2\/product\/696316","targetHints":{"allow":["GET"]}}],"collection":[{"href":"https:\/\/roveyayinevi.com.tr\/index.php\/wp-json\/wp\/v2\/product"}],"about":[{"href":"https:\/\/roveyayinevi.com.tr\/index.php\/wp-json\/wp\/v2\/types\/product"}],"wp:attachment":[{"href":"https:\/\/roveyayinevi.com.tr\/index.php\/wp-json\/wp\/v2\/media?parent=696316"}],"wp:term":[{"taxonomy":"product_brand","embeddable":true,"href":"https:\/\/roveyayinevi.com.tr\/index.php\/wp-json\/wp\/v2\/product_brand?post=696316"},{"taxonomy":"product_cat","embeddable":true,"href":"https:\/\/roveyayinevi.com.tr\/index.php\/wp-json\/wp\/v2\/product_cat?post=696316"},{"taxonomy":"product_tag","embeddable":true,"href":"https:\/\/roveyayinevi.com.tr\/index.php\/wp-json\/wp\/v2\/product_tag?post=696316"}],"curies":[{"name":"wp","href":"https:\/\/api.w.org\/{rel}","templated":true}]}}