{"id":696315,"date":"2025-08-27T14:33:55","date_gmt":"2025-08-27T11:33:55","guid":{"rendered":"https:\/\/roveyayinevi.com.tr\/index.php\/urun\/bilgisayarlar-buluslar-ve-seruvenleri\/"},"modified":"2026-04-16T02:06:17","modified_gmt":"2026-04-15T23:06:17","slug":"bilgisayarlar-buluslar-ve-seruvenleri","status":"publish","type":"product","link":"https:\/\/roveyayinevi.com.tr\/index.php\/urun\/bilgisayarlar-buluslar-ve-seruvenleri\/","title":{"rendered":"Bilgisayarlar &#8211; Bulu\u015flar ve Ser\u00fcvenleri"},"content":{"rendered":"<p>Bu kitaplardan bilim ve teknoloji f\u0131\u015fk\u0131r\u0131yor! Bu diziyle, 10 \u00f6nemli bulu\u015fun neden, nas\u0131l ve kim taraf\u0131ndan ortaya \u00e7\u0131kar\u0131ld\u0131\u011f\u0131 e\u011flenceli resimlerle sizlere sunuluyor. Dizideki her kitap, bir bulu\u015fun \u00f6ncesini ve sonras\u0131n\u0131 ayr\u0131nt\u0131l\u0131 bilgilerle anlat\u0131yor. Bulu\u015flar\u0131n s\u0131ra d\u0131\u015f\u0131 d\u00fcnyas\u0131nda yolculuk ederken bilmedi\u011finiz terimler i\u00e7in \u00f6zel olarak haz\u0131rlanm\u0131\u015f s\u00f6zl\u00fck, her kitab\u0131n sonunda emrinizde olacak. Sadece bu kadar m\u0131? Bu kitaplarda kendi tarihimizden t\u00fcm d\u00fcnyaya bulu\u015flar arma\u011fan eden \u00fcnl\u00fc mucitlerimiz de d\u00fc\u015f\u00fcnce d\u00fcnyan\u0131za misafir oluyorlar. B\u00fct\u00fcn bunlara her bulu\u015fun ger\u00e7ekle\u015fme s\u00fcrecinin mizahi resimlerini de eklersek tad\u0131ndan yenmeyecek bir dizi sizleri bekliyor. Bulu\u015flar\u0131n d\u00fcnyas\u0131nda mucitlerle bulu\u015fma f\u0131rsat\u0131n\u0131 ka\u00e7\u0131rmay\u0131n!!! \ufffcTan\u0131t\u0131m Metni<\/p>\n","protected":false},"excerpt":{"rendered":"<p>Bu kitaplardan bilim ve teknoloji f\u0131\u015fk\u0131r\u0131yor! Bu diziyle, 10 \u00f6nemli bulu\u015fun neden, nas\u0131l ve kim taraf\u0131ndan ortaya \u00e7\u0131kar\u0131ld\u0131\u011f\u0131 e\u011flenceli resimlerle sizlere sunuluyor. Dizideki her kitap, bir<span class=\"excerpt-hellip\"> [\u2026]<\/span><\/p>\n","protected":false},"featured_media":0,"template":"","meta":{"_monsterinsights_skip_tracking":false,"_monsterinsights_sitenote_active":false,"_monsterinsights_sitenote_note":"","_monsterinsights_sitenote_category":0},"product_brand":[],"product_cat":[13829,12274],"product_tag":[],"class_list":{"0":"post-696315","1":"product","2":"type-product","3":"status-publish","5":"product_cat-bilimsel-kitaplar","6":"product_cat-cocuk-ve-genclik-kitaplari","7":"pa_cilt-ciltsiz","8":"pa_tur-kitap","9":"pa_yayinevi-genc-timas","10":"pa_yazar-kolektif","12":"first","13":"instock","14":"sale","15":"shipping-taxable","16":"purchasable","17":"product-type-simple"},"_links":{"self":[{"href":"https:\/\/roveyayinevi.com.tr\/index.php\/wp-json\/wp\/v2\/product\/696315","targetHints":{"allow":["GET"]}}],"collection":[{"href":"https:\/\/roveyayinevi.com.tr\/index.php\/wp-json\/wp\/v2\/product"}],"about":[{"href":"https:\/\/roveyayinevi.com.tr\/index.php\/wp-json\/wp\/v2\/types\/product"}],"wp:attachment":[{"href":"https:\/\/roveyayinevi.com.tr\/index.php\/wp-json\/wp\/v2\/media?parent=696315"}],"wp:term":[{"taxonomy":"product_brand","embeddable":true,"href":"https:\/\/roveyayinevi.com.tr\/index.php\/wp-json\/wp\/v2\/product_brand?post=696315"},{"taxonomy":"product_cat","embeddable":true,"href":"https:\/\/roveyayinevi.com.tr\/index.php\/wp-json\/wp\/v2\/product_cat?post=696315"},{"taxonomy":"product_tag","embeddable":true,"href":"https:\/\/roveyayinevi.com.tr\/index.php\/wp-json\/wp\/v2\/product_tag?post=696315"}],"curies":[{"name":"wp","href":"https:\/\/api.w.org\/{rel}","templated":true}]}}