{"id":696312,"date":"2025-08-27T14:33:54","date_gmt":"2025-08-27T11:33:54","guid":{"rendered":"https:\/\/roveyayinevi.com.tr\/index.php\/urun\/isi-transferi\/"},"modified":"2026-04-16T02:06:16","modified_gmt":"2026-04-15T23:06:16","slug":"isi-transferi","status":"publish","type":"product","link":"https:\/\/roveyayinevi.com.tr\/index.php\/urun\/isi-transferi\/","title":{"rendered":"Is\u0131 Transferi"},"content":{"rendered":"<p>Temel kavramlar ve tan\u0131mlar Is\u0131 iletimi S\u00fcrekli rejimde bir boyutlu \u0131s\u0131 iletimi S\u00fcrekli rejimde \u00e7ok boyutlu \u0131s\u0131 iletimi Ge\u00e7ici rejimde \u0131s\u0131 iletimi Ta\u015f\u0131n\u0131mla \u0131s\u0131 transferi Boru ve kanallarda zorlanm\u0131\u015f ta\u015f\u0131n\u0131mla \u0131s\u0131 transferi Do\u011fal ta\u015f\u0131n\u0131mla \u0131s\u0131 transferi Kaynama ve yo\u011fu\u015fma Is\u0131 de\u011fi\u015ftiricileri I\u015f\u0131n\u0131mla \u0131s\u0131 transfer <\/p>\n","protected":false},"excerpt":{"rendered":"<p>Temel kavramlar ve tan\u0131mlar Is\u0131 iletimi S\u00fcrekli rejimde bir boyutlu \u0131s\u0131 iletimi S\u00fcrekli rejimde \u00e7ok boyutlu \u0131s\u0131 iletimi Ge\u00e7ici rejimde \u0131s\u0131 iletimi Ta\u015f\u0131n\u0131mla \u0131s\u0131 transferi Boru<span class=\"excerpt-hellip\"> [\u2026]<\/span><\/p>\n","protected":false},"featured_media":0,"template":"","meta":{"_monsterinsights_skip_tracking":false,"_monsterinsights_sitenote_active":false,"_monsterinsights_sitenote_note":"","_monsterinsights_sitenote_category":0},"product_brand":[],"product_cat":[12573,12566],"product_tag":[],"class_list":{"0":"post-696312","1":"product","2":"type-product","3":"status-publish","5":"product_cat-akademik-kitaplar","6":"product_cat-egitim","7":"pa_cilt-ciltsiz","8":"pa_tur-kitap","9":"pa_yayinevi-gazi-kitabevi","10":"pa_yazar-fethi-kamisli","12":"first","13":"instock","14":"sale","15":"shipping-taxable","16":"purchasable","17":"product-type-simple"},"_links":{"self":[{"href":"https:\/\/roveyayinevi.com.tr\/index.php\/wp-json\/wp\/v2\/product\/696312","targetHints":{"allow":["GET"]}}],"collection":[{"href":"https:\/\/roveyayinevi.com.tr\/index.php\/wp-json\/wp\/v2\/product"}],"about":[{"href":"https:\/\/roveyayinevi.com.tr\/index.php\/wp-json\/wp\/v2\/types\/product"}],"wp:attachment":[{"href":"https:\/\/roveyayinevi.com.tr\/index.php\/wp-json\/wp\/v2\/media?parent=696312"}],"wp:term":[{"taxonomy":"product_brand","embeddable":true,"href":"https:\/\/roveyayinevi.com.tr\/index.php\/wp-json\/wp\/v2\/product_brand?post=696312"},{"taxonomy":"product_cat","embeddable":true,"href":"https:\/\/roveyayinevi.com.tr\/index.php\/wp-json\/wp\/v2\/product_cat?post=696312"},{"taxonomy":"product_tag","embeddable":true,"href":"https:\/\/roveyayinevi.com.tr\/index.php\/wp-json\/wp\/v2\/product_tag?post=696312"}],"curies":[{"name":"wp","href":"https:\/\/api.w.org\/{rel}","templated":true}]}}