{"id":696310,"date":"2025-08-27T14:33:54","date_gmt":"2025-08-27T11:33:54","guid":{"rendered":"https:\/\/roveyayinevi.com.tr\/index.php\/urun\/hastanede-cocuk-ve-genc\/"},"modified":"2026-04-16T02:06:16","modified_gmt":"2026-04-15T23:06:16","slug":"hastanede-cocuk-ve-genc","status":"publish","type":"product","link":"https:\/\/roveyayinevi.com.tr\/index.php\/urun\/hastanede-cocuk-ve-genc\/","title":{"rendered":"Hastanede \u00c7ocuk ve Gen\u00e7"},"content":{"rendered":"<p>Ya\u015f Gruplar\u0131na G\u00f6re Hastanede Yatan \u00c7ocuklar Hastanede Yatan \u00c7ocuklar\u0131n Ruhsal Durumlar\u0131 \u00c7ocuk-Aile-Personel Etkile\u015fimi \u00c7ocuklar\u0131n Hastane Ya\u015fant\u0131s\u0131na Haz\u0131rlanmas\u0131 Hastaneye Haz\u0131rlay\u0131c\u0131 E\u011fitim \u00c7ocuk ve Aileleri Te\u015fhis, Tedavi ve Ameliyata Haz\u0131rlama Hastanede Oyun <\/p>\n","protected":false},"excerpt":{"rendered":"<p>Ya\u015f Gruplar\u0131na G\u00f6re Hastanede Yatan \u00c7ocuklar Hastanede Yatan \u00c7ocuklar\u0131n Ruhsal Durumlar\u0131 \u00c7ocuk-Aile-Personel Etkile\u015fimi \u00c7ocuklar\u0131n Hastane Ya\u015fant\u0131s\u0131na Haz\u0131rlanmas\u0131 Hastaneye Haz\u0131rlay\u0131c\u0131 E\u011fitim \u00c7ocuk ve Aileleri Te\u015fhis, Tedavi ve<span class=\"excerpt-hellip\"> [\u2026]<\/span><\/p>\n","protected":false},"featured_media":0,"template":"","meta":{"_monsterinsights_skip_tracking":false,"_monsterinsights_sitenote_active":false,"_monsterinsights_sitenote_note":"","_monsterinsights_sitenote_category":0},"product_brand":[],"product_cat":[12573,12566],"product_tag":[],"class_list":{"0":"post-696310","1":"product","2":"type-product","3":"status-publish","5":"product_cat-akademik-kitaplar","6":"product_cat-egitim","7":"pa_cilt-ciltsiz","8":"pa_tur-kitap","9":"pa_yayinevi-gazi-kitabevi","10":"pa_yazar-necate-baykoc-donmez","12":"first","13":"instock","14":"sale","15":"shipping-taxable","16":"purchasable","17":"product-type-simple"},"_links":{"self":[{"href":"https:\/\/roveyayinevi.com.tr\/index.php\/wp-json\/wp\/v2\/product\/696310","targetHints":{"allow":["GET"]}}],"collection":[{"href":"https:\/\/roveyayinevi.com.tr\/index.php\/wp-json\/wp\/v2\/product"}],"about":[{"href":"https:\/\/roveyayinevi.com.tr\/index.php\/wp-json\/wp\/v2\/types\/product"}],"wp:attachment":[{"href":"https:\/\/roveyayinevi.com.tr\/index.php\/wp-json\/wp\/v2\/media?parent=696310"}],"wp:term":[{"taxonomy":"product_brand","embeddable":true,"href":"https:\/\/roveyayinevi.com.tr\/index.php\/wp-json\/wp\/v2\/product_brand?post=696310"},{"taxonomy":"product_cat","embeddable":true,"href":"https:\/\/roveyayinevi.com.tr\/index.php\/wp-json\/wp\/v2\/product_cat?post=696310"},{"taxonomy":"product_tag","embeddable":true,"href":"https:\/\/roveyayinevi.com.tr\/index.php\/wp-json\/wp\/v2\/product_tag?post=696310"}],"curies":[{"name":"wp","href":"https:\/\/api.w.org\/{rel}","templated":true}]}}