{"id":696309,"date":"2025-08-27T14:33:54","date_gmt":"2025-08-27T11:33:54","guid":{"rendered":"https:\/\/roveyayinevi.com.tr\/index.php\/urun\/gvk40-41-indirilecek-indirilemeyecek-giderler\/"},"modified":"2026-04-16T02:06:16","modified_gmt":"2026-04-15T23:06:16","slug":"gvk40-41-indirilecek-indirilemeyecek-giderler","status":"publish","type":"product","link":"https:\/\/roveyayinevi.com.tr\/index.php\/urun\/gvk40-41-indirilecek-indirilemeyecek-giderler\/","title":{"rendered":"GVK40\/41 \u0130ndirilecek-\u0130ndirilemeyecek Giderler"},"content":{"rendered":"<p>\u0130\u00e7indekiler:Yemek, Bar\u0131nma, Tedavi, \u0130la\u00e7, Giyim, Sigorta Primleri ve Bireysel Emeklilik Katk\u0131 Paylar\u0131-H\u00fclya Kabak\u00e7\u0131 KaradenizSeyahat ve \u0130kamet Giderleri-M. Erkan \u00dcy\u00fcmez &amp; Canatay Hac\u0131k\u00f6yl\u00fc-Gelir Vergisi A\u00e7\u0131s\u0131ndan Tazminatlar\u0131n Giderle\u015ftirilmesi-Soner YakarTransfer Fiyatland\u0131r\u0131lmas\u0131-Mahmut \u0130nan &amp; Murat DemirTe\u015febb\u00fcs Sahibi, E\u015f ve \u00c7ocuklara Yap\u0131lan \u00d6demeler-Neslihan Co\u015fkun Karada\u011f &amp; \u0130brahim OrganTicari Kazanc\u0131n Tespitinde Duran Varl\u0131klar \u0130\u00e7in Uygulanan Amortisman Y\u00f6ntemleri-Abdullah Mutlu &amp; Ahmet Arslan <\/p>\n","protected":false},"excerpt":{"rendered":"<p>\u0130\u00e7indekiler:Yemek, Bar\u0131nma, Tedavi, \u0130la\u00e7, Giyim, Sigorta Primleri ve Bireysel Emeklilik Katk\u0131 Paylar\u0131-H\u00fclya Kabak\u00e7\u0131 KaradenizSeyahat ve \u0130kamet Giderleri-M. Erkan \u00dcy\u00fcmez &amp; Canatay Hac\u0131k\u00f6yl\u00fc-Gelir Vergisi A\u00e7\u0131s\u0131ndan Tazminatlar\u0131n Giderle\u015ftirilmesi-Soner<span class=\"excerpt-hellip\"> [\u2026]<\/span><\/p>\n","protected":false},"featured_media":0,"template":"","meta":{"_monsterinsights_skip_tracking":false,"_monsterinsights_sitenote_active":false,"_monsterinsights_sitenote_note":"","_monsterinsights_sitenote_category":0},"product_brand":[],"product_cat":[12573,12566],"product_tag":[],"class_list":{"0":"post-696309","1":"product","2":"type-product","3":"status-publish","5":"product_cat-akademik-kitaplar","6":"product_cat-egitim","7":"pa_cilt-ciltsiz","8":"pa_tur-kitap","9":"pa_yayinevi-gazi-kitabevi","10":"pa_yazar-ibrahim-organ","12":"first","13":"instock","14":"sale","15":"shipping-taxable","16":"purchasable","17":"product-type-simple"},"_links":{"self":[{"href":"https:\/\/roveyayinevi.com.tr\/index.php\/wp-json\/wp\/v2\/product\/696309","targetHints":{"allow":["GET"]}}],"collection":[{"href":"https:\/\/roveyayinevi.com.tr\/index.php\/wp-json\/wp\/v2\/product"}],"about":[{"href":"https:\/\/roveyayinevi.com.tr\/index.php\/wp-json\/wp\/v2\/types\/product"}],"wp:attachment":[{"href":"https:\/\/roveyayinevi.com.tr\/index.php\/wp-json\/wp\/v2\/media?parent=696309"}],"wp:term":[{"taxonomy":"product_brand","embeddable":true,"href":"https:\/\/roveyayinevi.com.tr\/index.php\/wp-json\/wp\/v2\/product_brand?post=696309"},{"taxonomy":"product_cat","embeddable":true,"href":"https:\/\/roveyayinevi.com.tr\/index.php\/wp-json\/wp\/v2\/product_cat?post=696309"},{"taxonomy":"product_tag","embeddable":true,"href":"https:\/\/roveyayinevi.com.tr\/index.php\/wp-json\/wp\/v2\/product_tag?post=696309"}],"curies":[{"name":"wp","href":"https:\/\/api.w.org\/{rel}","templated":true}]}}