{"id":696308,"date":"2025-08-27T14:33:54","date_gmt":"2025-08-27T11:33:54","guid":{"rendered":"https:\/\/roveyayinevi.com.tr\/index.php\/urun\/geoteknik-muhendisligine-giris\/"},"modified":"2026-04-16T02:06:16","modified_gmt":"2026-04-15T23:06:16","slug":"geoteknik-muhendisligine-giris","status":"publish","type":"product","link":"https:\/\/roveyayinevi.com.tr\/index.php\/urun\/geoteknik-muhendisligine-giris\/","title":{"rendered":"Geoteknik M\u00fchendisli\u011fine Giri\u015f"},"content":{"rendered":"<p>Geoteknik M\u00fchendisli\u011fine Giri\u015f kitab\u0131, \u0130n\u015faat M\u00fchendisli\u011fi b\u00f6l\u00fcmlerinde lisans d\u00fczeyinde genellikle i\u00e7inci ve d\u00f6rd\u00fcnc\u00fc s\u0131n\u0131flarda okutulan iki geoteknik m\u00fchendisli\u011fi dersinin birincisinde kullan\u0131lacak bilgileri i\u00e7erecek \u015fekilde yaz\u0131lm\u0131\u015ft\u0131r. <\/p>\n","protected":false},"excerpt":{"rendered":"<p>Geoteknik M\u00fchendisli\u011fine Giri\u015f kitab\u0131, \u0130n\u015faat M\u00fchendisli\u011fi b\u00f6l\u00fcmlerinde lisans d\u00fczeyinde genellikle i\u00e7inci ve d\u00f6rd\u00fcnc\u00fc s\u0131n\u0131flarda okutulan iki geoteknik m\u00fchendisli\u011fi dersinin birincisinde kullan\u0131lacak bilgileri i\u00e7erecek \u015fekilde yaz\u0131lm\u0131\u015ft\u0131r.<\/p>\n","protected":false},"featured_media":0,"template":"","meta":{"_monsterinsights_skip_tracking":false,"_monsterinsights_sitenote_active":false,"_monsterinsights_sitenote_note":"","_monsterinsights_sitenote_category":0},"product_brand":[],"product_cat":[12573,12566],"product_tag":[],"class_list":{"0":"post-696308","1":"product","2":"type-product","3":"status-publish","5":"product_cat-akademik-kitaplar","6":"product_cat-egitim","7":"pa_cilt-ciltli","8":"pa_tur-kitap","9":"pa_yayinevi-gazi-kitabevi","10":"pa_yazar-robert-d-holtz","12":"first","13":"instock","14":"sale","15":"shipping-taxable","16":"purchasable","17":"product-type-simple"},"_links":{"self":[{"href":"https:\/\/roveyayinevi.com.tr\/index.php\/wp-json\/wp\/v2\/product\/696308","targetHints":{"allow":["GET"]}}],"collection":[{"href":"https:\/\/roveyayinevi.com.tr\/index.php\/wp-json\/wp\/v2\/product"}],"about":[{"href":"https:\/\/roveyayinevi.com.tr\/index.php\/wp-json\/wp\/v2\/types\/product"}],"wp:attachment":[{"href":"https:\/\/roveyayinevi.com.tr\/index.php\/wp-json\/wp\/v2\/media?parent=696308"}],"wp:term":[{"taxonomy":"product_brand","embeddable":true,"href":"https:\/\/roveyayinevi.com.tr\/index.php\/wp-json\/wp\/v2\/product_brand?post=696308"},{"taxonomy":"product_cat","embeddable":true,"href":"https:\/\/roveyayinevi.com.tr\/index.php\/wp-json\/wp\/v2\/product_cat?post=696308"},{"taxonomy":"product_tag","embeddable":true,"href":"https:\/\/roveyayinevi.com.tr\/index.php\/wp-json\/wp\/v2\/product_tag?post=696308"}],"curies":[{"name":"wp","href":"https:\/\/api.w.org\/{rel}","templated":true}]}}