{"id":696306,"date":"2025-08-27T14:33:53","date_gmt":"2025-08-27T11:33:53","guid":{"rendered":"https:\/\/roveyayinevi.com.tr\/index.php\/urun\/finansal-yonetim-2\/"},"modified":"2026-04-16T02:06:16","modified_gmt":"2026-04-15T23:06:16","slug":"finansal-yonetim-2","status":"publish","type":"product","link":"https:\/\/roveyayinevi.com.tr\/index.php\/urun\/finansal-yonetim-2\/","title":{"rendered":"Finansal Y\u00f6netim"},"content":{"rendered":"<p>Geli\u015fen bili\u015fim teknolojileri ile g\u00fcn\u00fcm\u00fczde pek \u00e7ok anlay\u0131\u015f h\u0131zla de\u011fi\u015fmektedir. Finans da bu de\u011fi\u015fimin amiral gemisi konumunda olup pek \u00e7ok konu ve akademik \u00e7al\u0131\u015fmalar\u0131n bu de\u011fi\u015fim kar\u015f\u0131s\u0131nda nostalji haline geldi\u011finde tan\u0131kl\u0131k etmektedir.Yak\u0131n zamana kadar firmalar, kar ama\u00e7l\u0131 pe\u015finde ko\u015farken, g\u00fcn\u00fcm\u00fczde de\u011fere dayal\u0131 y\u00f6netim anlay\u0131\u015f\u0131n\u0131 benimseyip hisseder de\u011ferini maksimum k\u0131lmaya \u00e7al\u0131\u015fmaktad\u0131r. Ama\u00e7 de\u011fer maksimizasyonu olunca, de\u011fere dayal\u0131 pazarlama, de\u011fere dayal\u0131 \u00fcretim, de\u011fere dayal\u0131 finans k\u0131sacas\u0131 de\u011fere dayal\u0131 y\u00f6netim ka\u00e7\u0131n\u0131lmaz olmaktad\u0131r. <\/p>\n","protected":false},"excerpt":{"rendered":"<p>Geli\u015fen bili\u015fim teknolojileri ile g\u00fcn\u00fcm\u00fczde pek \u00e7ok anlay\u0131\u015f h\u0131zla de\u011fi\u015fmektedir. Finans da bu de\u011fi\u015fimin amiral gemisi konumunda olup pek \u00e7ok konu ve akademik \u00e7al\u0131\u015fmalar\u0131n bu de\u011fi\u015fim<span class=\"excerpt-hellip\"> [\u2026]<\/span><\/p>\n","protected":false},"featured_media":0,"template":"","meta":{"_monsterinsights_skip_tracking":false,"_monsterinsights_sitenote_active":false,"_monsterinsights_sitenote_note":"","_monsterinsights_sitenote_category":0},"product_brand":[],"product_cat":[12573,12566],"product_tag":[],"class_list":{"0":"post-696306","1":"product","2":"type-product","3":"status-publish","5":"product_cat-akademik-kitaplar","6":"product_cat-egitim","7":"pa_cilt-ciltsiz","8":"pa_tur-kitap","9":"pa_yayinevi-gazi-kitabevi","10":"pa_yazar-metin-kamil-ercan","12":"first","13":"instock","14":"sale","15":"shipping-taxable","16":"purchasable","17":"product-type-simple"},"_links":{"self":[{"href":"https:\/\/roveyayinevi.com.tr\/index.php\/wp-json\/wp\/v2\/product\/696306","targetHints":{"allow":["GET"]}}],"collection":[{"href":"https:\/\/roveyayinevi.com.tr\/index.php\/wp-json\/wp\/v2\/product"}],"about":[{"href":"https:\/\/roveyayinevi.com.tr\/index.php\/wp-json\/wp\/v2\/types\/product"}],"wp:attachment":[{"href":"https:\/\/roveyayinevi.com.tr\/index.php\/wp-json\/wp\/v2\/media?parent=696306"}],"wp:term":[{"taxonomy":"product_brand","embeddable":true,"href":"https:\/\/roveyayinevi.com.tr\/index.php\/wp-json\/wp\/v2\/product_brand?post=696306"},{"taxonomy":"product_cat","embeddable":true,"href":"https:\/\/roveyayinevi.com.tr\/index.php\/wp-json\/wp\/v2\/product_cat?post=696306"},{"taxonomy":"product_tag","embeddable":true,"href":"https:\/\/roveyayinevi.com.tr\/index.php\/wp-json\/wp\/v2\/product_tag?post=696306"}],"curies":[{"name":"wp","href":"https:\/\/api.w.org\/{rel}","templated":true}]}}