{"id":696305,"date":"2025-08-27T14:33:53","date_gmt":"2025-08-27T11:33:53","guid":{"rendered":"https:\/\/roveyayinevi.com.tr\/index.php\/urun\/finansal-piyasalar-ve-para-politikasi\/"},"modified":"2026-04-16T02:06:16","modified_gmt":"2026-04-15T23:06:16","slug":"finansal-piyasalar-ve-para-politikasi","status":"publish","type":"product","link":"https:\/\/roveyayinevi.com.tr\/index.php\/urun\/finansal-piyasalar-ve-para-politikasi\/","title":{"rendered":"Finansal Piyasalar ve Para Politikas\u0131"},"content":{"rendered":"<p>\u0130nsanlar\u0131n para ile tan\u0131\u015fmalar\u0131 milattan \u00f6nceki y\u0131llara dayanmas\u0131na kar\u015f\u0131n finansal piyasalar ile tan\u0131\u015fmas\u0131 hen\u00fcz daha yeni say\u0131l\u0131r. Bizim gibi geli\u015fmekte olan \u00fclkeler ise, finansal piyasalar\u0131n ol\u015fumunu ancak \u0130kinci D\u00fcnya Sava\u015f\u0131 sonras\u0131nda m\u00fcmk\u00fcn olabilmi\u015ftir. \u00dclkemizde Cumhuriyet \u00f6ncesi faaliyet g\u00f6steren ve \u00e7o\u011fu zaman &#8220;Galata Bankerleri&#8221; olarak adland\u0131r\u0131lan kurumlar\u0131n olu\u015fturdu\u011fu yap\u0131lanmaya finansal kurumlara \u00f6nc\u00fcl\u00fck eden, ancak k\u0131smen \u00f6rg\u00fctlenmi\u015f para piyasas\u0131 olarak bakmam\u0131z gerekir. <\/p>\n","protected":false},"excerpt":{"rendered":"<p>\u0130nsanlar\u0131n para ile tan\u0131\u015fmalar\u0131 milattan \u00f6nceki y\u0131llara dayanmas\u0131na kar\u015f\u0131n finansal piyasalar ile tan\u0131\u015fmas\u0131 hen\u00fcz daha yeni say\u0131l\u0131r. Bizim gibi geli\u015fmekte olan \u00fclkeler ise, finansal piyasalar\u0131n ol\u015fumunu<span class=\"excerpt-hellip\"> [\u2026]<\/span><\/p>\n","protected":false},"featured_media":0,"template":"","meta":{"_monsterinsights_skip_tracking":false,"_monsterinsights_sitenote_active":false,"_monsterinsights_sitenote_note":"","_monsterinsights_sitenote_category":0},"product_brand":[],"product_cat":[12573,12566],"product_tag":[],"class_list":{"0":"post-696305","1":"product","2":"type-product","3":"status-publish","5":"product_cat-akademik-kitaplar","6":"product_cat-egitim","7":"pa_cilt-ciltsiz","8":"pa_tur-kitap","9":"pa_yayinevi-gazi-kitabevi","10":"pa_yazar-omer-faruk-colak","12":"first","13":"instock","14":"sale","15":"shipping-taxable","16":"purchasable","17":"product-type-simple"},"_links":{"self":[{"href":"https:\/\/roveyayinevi.com.tr\/index.php\/wp-json\/wp\/v2\/product\/696305","targetHints":{"allow":["GET"]}}],"collection":[{"href":"https:\/\/roveyayinevi.com.tr\/index.php\/wp-json\/wp\/v2\/product"}],"about":[{"href":"https:\/\/roveyayinevi.com.tr\/index.php\/wp-json\/wp\/v2\/types\/product"}],"wp:attachment":[{"href":"https:\/\/roveyayinevi.com.tr\/index.php\/wp-json\/wp\/v2\/media?parent=696305"}],"wp:term":[{"taxonomy":"product_brand","embeddable":true,"href":"https:\/\/roveyayinevi.com.tr\/index.php\/wp-json\/wp\/v2\/product_brand?post=696305"},{"taxonomy":"product_cat","embeddable":true,"href":"https:\/\/roveyayinevi.com.tr\/index.php\/wp-json\/wp\/v2\/product_cat?post=696305"},{"taxonomy":"product_tag","embeddable":true,"href":"https:\/\/roveyayinevi.com.tr\/index.php\/wp-json\/wp\/v2\/product_tag?post=696305"}],"curies":[{"name":"wp","href":"https:\/\/api.w.org\/{rel}","templated":true}]}}