{"id":696302,"date":"2025-08-27T14:33:52","date_gmt":"2025-08-27T11:33:52","guid":{"rendered":"https:\/\/roveyayinevi.com.tr\/index.php\/urun\/egitim-ve-siddet\/"},"modified":"2026-04-16T02:06:16","modified_gmt":"2026-04-15T23:06:16","slug":"egitim-ve-siddet","status":"publish","type":"product","link":"https:\/\/roveyayinevi.com.tr\/index.php\/urun\/egitim-ve-siddet\/","title":{"rendered":"E\u011fitim ve \u015eiddet"},"content":{"rendered":"<p>E\u011fitim, bilgi ve beceriler kazand\u0131rman\u0131n yan\u0131s\u0131ra, toplumun geli\u015fmesini sa\u011flayacak de\u011ferlerin yeni ku\u015faklara yans\u0131t\u0131lmas\u0131 ve bu de\u011ferlerin olumlu de\u011fi\u015fimini y\u00f6nlendirme sorumlulu\u011funu ta\u015f\u0131r. Uzun y\u0131llar e\u011fitim, anne, baba ve \u00f6\u011fretmenlerin birikimlerinin gen\u00e7 ku\u015faklara aktar\u0131lmas\u0131 olarak alg\u0131lanm\u0131\u015ft\u0131r.\u00c7a\u011fda\u015f e\u011fitim anlay\u0131\u015f\u0131, \u00f6zg\u00fcr ve ba\u011f\u0131ms\u0131z d\u00fc\u015f\u00fcnebilen insanlar yeti\u015ftirmeyi ama\u00e7lamaktad\u0131r. Gen\u00e7 ku\u015faklara ba\u011f\u0131ms\u0131z, \u00f6zg\u00fcr, yarat\u0131c\u0131 ve ele\u015ftirel d\u00fc\u015f\u00fcnmeyi \u00f6\u011fretmek demokratik \u00f6\u011frenme ortamlar\u0131 sunarak sa\u011flanabilir. <\/p>\n","protected":false},"excerpt":{"rendered":"<p>E\u011fitim, bilgi ve beceriler kazand\u0131rman\u0131n yan\u0131s\u0131ra, toplumun geli\u015fmesini sa\u011flayacak de\u011ferlerin yeni ku\u015faklara yans\u0131t\u0131lmas\u0131 ve bu de\u011ferlerin olumlu de\u011fi\u015fimini y\u00f6nlendirme sorumlulu\u011funu ta\u015f\u0131r. Uzun y\u0131llar e\u011fitim, anne, baba<span class=\"excerpt-hellip\"> [\u2026]<\/span><\/p>\n","protected":false},"featured_media":0,"template":"","meta":{"_monsterinsights_skip_tracking":false,"_monsterinsights_sitenote_active":false,"_monsterinsights_sitenote_note":"","_monsterinsights_sitenote_category":0},"product_brand":[],"product_cat":[12573,12566],"product_tag":[],"class_list":{"0":"post-696302","1":"product","2":"type-product","3":"status-publish","5":"product_cat-akademik-kitaplar","6":"product_cat-egitim","7":"pa_cilt-ciltsiz","8":"pa_tur-kitap","9":"pa_yayinevi-gazi-kitabevi","10":"pa_yazar-dilek-gozutok","12":"first","13":"instock","14":"sale","15":"shipping-taxable","16":"purchasable","17":"product-type-simple"},"_links":{"self":[{"href":"https:\/\/roveyayinevi.com.tr\/index.php\/wp-json\/wp\/v2\/product\/696302","targetHints":{"allow":["GET"]}}],"collection":[{"href":"https:\/\/roveyayinevi.com.tr\/index.php\/wp-json\/wp\/v2\/product"}],"about":[{"href":"https:\/\/roveyayinevi.com.tr\/index.php\/wp-json\/wp\/v2\/types\/product"}],"wp:attachment":[{"href":"https:\/\/roveyayinevi.com.tr\/index.php\/wp-json\/wp\/v2\/media?parent=696302"}],"wp:term":[{"taxonomy":"product_brand","embeddable":true,"href":"https:\/\/roveyayinevi.com.tr\/index.php\/wp-json\/wp\/v2\/product_brand?post=696302"},{"taxonomy":"product_cat","embeddable":true,"href":"https:\/\/roveyayinevi.com.tr\/index.php\/wp-json\/wp\/v2\/product_cat?post=696302"},{"taxonomy":"product_tag","embeddable":true,"href":"https:\/\/roveyayinevi.com.tr\/index.php\/wp-json\/wp\/v2\/product_tag?post=696302"}],"curies":[{"name":"wp","href":"https:\/\/api.w.org\/{rel}","templated":true}]}}