{"id":696299,"date":"2025-08-27T14:33:51","date_gmt":"2025-08-27T11:33:51","guid":{"rendered":"https:\/\/roveyayinevi.com.tr\/index.php\/urun\/dunden-bugune-kuresellesme-yerellesme-ve-turkiye\/"},"modified":"2026-04-16T02:06:16","modified_gmt":"2026-04-15T23:06:16","slug":"dunden-bugune-kuresellesme-yerellesme-ve-turkiye","status":"publish","type":"product","link":"https:\/\/roveyayinevi.com.tr\/index.php\/urun\/dunden-bugune-kuresellesme-yerellesme-ve-turkiye\/","title":{"rendered":"D\u00fcnden Bug\u00fcne K\u00fcreselle\u015fme Yerelle\u015fme ve T\u00fcrkiye"},"content":{"rendered":"<p>\u0130\u00e7indekiler 1-K\u00fcreselle\u015fme ve Postmodernite 2-ileti\u015fim devrimi 3-k\u00fcreselle\u015fme ve yerelle\u015fme 4-k\u00fcreselle\u015fme,tar\u0131m ve g\u0131da 5-K\u00fcreselle\u015fme ve Amerikanla\u015fma 6-K\u00fcreselle\u015fme ve Ulus devlet 7-K\u00fcreselle\u015fme ve t\u00fcrkiye <\/p>\n","protected":false},"excerpt":{"rendered":"<p>\u0130\u00e7indekiler 1-K\u00fcreselle\u015fme ve Postmodernite 2-ileti\u015fim devrimi 3-k\u00fcreselle\u015fme ve yerelle\u015fme 4-k\u00fcreselle\u015fme,tar\u0131m ve g\u0131da 5-K\u00fcreselle\u015fme ve Amerikanla\u015fma 6-K\u00fcreselle\u015fme ve Ulus devlet 7-K\u00fcreselle\u015fme ve t\u00fcrkiye<\/p>\n","protected":false},"featured_media":0,"template":"","meta":{"_monsterinsights_skip_tracking":false,"_monsterinsights_sitenote_active":false,"_monsterinsights_sitenote_note":"","_monsterinsights_sitenote_category":0},"product_brand":[],"product_cat":[12573,12566],"product_tag":[],"class_list":{"0":"post-696299","1":"product","2":"type-product","3":"status-publish","5":"product_cat-akademik-kitaplar","6":"product_cat-egitim","7":"pa_cilt-ciltsiz","8":"pa_tur-kitap","9":"pa_yayinevi-gazi-kitabevi","10":"pa_yazar-mustafa-talas","12":"first","13":"instock","14":"sale","15":"shipping-taxable","16":"purchasable","17":"product-type-simple"},"_links":{"self":[{"href":"https:\/\/roveyayinevi.com.tr\/index.php\/wp-json\/wp\/v2\/product\/696299","targetHints":{"allow":["GET"]}}],"collection":[{"href":"https:\/\/roveyayinevi.com.tr\/index.php\/wp-json\/wp\/v2\/product"}],"about":[{"href":"https:\/\/roveyayinevi.com.tr\/index.php\/wp-json\/wp\/v2\/types\/product"}],"wp:attachment":[{"href":"https:\/\/roveyayinevi.com.tr\/index.php\/wp-json\/wp\/v2\/media?parent=696299"}],"wp:term":[{"taxonomy":"product_brand","embeddable":true,"href":"https:\/\/roveyayinevi.com.tr\/index.php\/wp-json\/wp\/v2\/product_brand?post=696299"},{"taxonomy":"product_cat","embeddable":true,"href":"https:\/\/roveyayinevi.com.tr\/index.php\/wp-json\/wp\/v2\/product_cat?post=696299"},{"taxonomy":"product_tag","embeddable":true,"href":"https:\/\/roveyayinevi.com.tr\/index.php\/wp-json\/wp\/v2\/product_tag?post=696299"}],"curies":[{"name":"wp","href":"https:\/\/api.w.org\/{rel}","templated":true}]}}