{"id":696297,"date":"2025-08-27T14:33:50","date_gmt":"2025-08-27T11:33:50","guid":{"rendered":"https:\/\/roveyayinevi.com.tr\/index.php\/urun\/sazin-ve-sozun-sultanlari-7\/"},"modified":"2026-04-16T02:06:16","modified_gmt":"2026-04-15T23:06:16","slug":"sazin-ve-sozun-sultanlari-7","status":"publish","type":"product","link":"https:\/\/roveyayinevi.com.tr\/index.php\/urun\/sazin-ve-sozun-sultanlari-7\/","title":{"rendered":"Saz\u0131n ve S\u00f6z\u00fcn Sultanlar\u0131 7"},"content":{"rendered":"<p>\u0130simlerine ula\u015fabildi\u011fimiz s\u00f6z\u00fcn ilk ustalar\u0131 olan \u00c7u\u00e7u, Apr\u0131n\u00e7ur Tigin, K\u00fcl Tarkan\u2019dan ozanlar\u0131n piri olan Dede Korkut\u2019a, Pir Sultan Abdal\u2019a, Karacao\u011flan\u2019a, \u00c2\u015f\u0131k \u00d6mer\u2019e, \u00c2\u015f\u0131k \u015eenlik\u2019e, Ka\u011f\u0131zmanl\u0131 H\u0131fz\u00ee\u2019ye, Aya\u015fl\u0131 Ahmet Fahr\u00ee\u2019ye, \u00c2\u015f\u0131k Veysel\u2019e ve Mahzun\u00ee\u2019e kadar saz\u0131n ve s\u00f6z\u00fcn bayra\u011f\u0131 \u015ferefle ta\u015f\u0131nm\u0131\u015f ve g\u00fcn\u00fcm\u00fcz halk \u015fairlerine devredilmi\u015ftir. <\/p>\n","protected":false},"excerpt":{"rendered":"<p>\u0130simlerine ula\u015fabildi\u011fimiz s\u00f6z\u00fcn ilk ustalar\u0131 olan \u00c7u\u00e7u, Apr\u0131n\u00e7ur Tigin, K\u00fcl Tarkan\u2019dan ozanlar\u0131n piri olan Dede Korkut\u2019a, Pir Sultan Abdal\u2019a, Karacao\u011flan\u2019a, \u00c2\u015f\u0131k \u00d6mer\u2019e, \u00c2\u015f\u0131k \u015eenlik\u2019e, Ka\u011f\u0131zmanl\u0131 H\u0131fz\u00ee\u2019ye,<span class=\"excerpt-hellip\"> [\u2026]<\/span><\/p>\n","protected":false},"featured_media":0,"template":"","meta":{"_monsterinsights_skip_tracking":false,"_monsterinsights_sitenote_active":false,"_monsterinsights_sitenote_note":"","_monsterinsights_sitenote_category":0},"product_brand":[],"product_cat":[27157,12291],"product_tag":[],"class_list":{"0":"post-696297","1":"product","2":"type-product","3":"status-publish","5":"product_cat-derleme","6":"product_cat-edebiyat","7":"pa_cilt-ciltsiz","8":"pa_tur-kitap","9":"pa_yayinevi-gazi-kitabevi","10":"pa_yazar-kolektif","12":"first","13":"instock","14":"sale","15":"shipping-taxable","16":"purchasable","17":"product-type-simple"},"_links":{"self":[{"href":"https:\/\/roveyayinevi.com.tr\/index.php\/wp-json\/wp\/v2\/product\/696297","targetHints":{"allow":["GET"]}}],"collection":[{"href":"https:\/\/roveyayinevi.com.tr\/index.php\/wp-json\/wp\/v2\/product"}],"about":[{"href":"https:\/\/roveyayinevi.com.tr\/index.php\/wp-json\/wp\/v2\/types\/product"}],"wp:attachment":[{"href":"https:\/\/roveyayinevi.com.tr\/index.php\/wp-json\/wp\/v2\/media?parent=696297"}],"wp:term":[{"taxonomy":"product_brand","embeddable":true,"href":"https:\/\/roveyayinevi.com.tr\/index.php\/wp-json\/wp\/v2\/product_brand?post=696297"},{"taxonomy":"product_cat","embeddable":true,"href":"https:\/\/roveyayinevi.com.tr\/index.php\/wp-json\/wp\/v2\/product_cat?post=696297"},{"taxonomy":"product_tag","embeddable":true,"href":"https:\/\/roveyayinevi.com.tr\/index.php\/wp-json\/wp\/v2\/product_tag?post=696297"}],"curies":[{"name":"wp","href":"https:\/\/api.w.org\/{rel}","templated":true}]}}