{"id":696296,"date":"2025-08-27T14:33:50","date_gmt":"2025-08-27T11:33:50","guid":{"rendered":"https:\/\/roveyayinevi.com.tr\/index.php\/urun\/sazin-ve-sozun-sultanlari-1\/"},"modified":"2026-04-16T02:06:16","modified_gmt":"2026-04-15T23:06:16","slug":"sazin-ve-sozun-sultanlari-1","status":"publish","type":"product","link":"https:\/\/roveyayinevi.com.tr\/index.php\/urun\/sazin-ve-sozun-sultanlari-1\/","title":{"rendered":"Saz\u0131n ve S\u00f6z\u00fcn Sultanlar\u0131 1"},"content":{"rendered":"<p>Gazi \u00dcniversitesi T\u00fcrk Dili ve Edebiyat\u0131 B\u00f6l\u00fcm\u00fc&#8217;ndeki de\u011ferbilir gen\u00e7 meslekta\u015flar\u0131m zaman\u0131m\u0131zda ya\u015fayan halk \u015fairlerimiz i\u00e7in bu eseri haz\u0131rlam\u0131\u015flard\u0131r. Okuyucularla \u015fairlerimizin de ilgi \u0130le kar\u015f\u0131layacaklar\u0131 bu eseri haz\u0131rlayan gen\u00e7 meslekta\u015flar\u0131m\u0131 kutluyorum. Prof.Dr. \u015e\u00dcKR\u00dc EL\u00c7\u0130N <\/p>\n","protected":false},"excerpt":{"rendered":"<p>Gazi \u00dcniversitesi T\u00fcrk Dili ve Edebiyat\u0131 B\u00f6l\u00fcm\u00fc&#8217;ndeki de\u011ferbilir gen\u00e7 meslekta\u015flar\u0131m zaman\u0131m\u0131zda ya\u015fayan halk \u015fairlerimiz i\u00e7in bu eseri haz\u0131rlam\u0131\u015flard\u0131r. Okuyucularla \u015fairlerimizin de ilgi \u0130le kar\u015f\u0131layacaklar\u0131 bu eseri<span class=\"excerpt-hellip\"> [\u2026]<\/span><\/p>\n","protected":false},"featured_media":0,"template":"","meta":{"_monsterinsights_skip_tracking":false,"_monsterinsights_sitenote_active":false,"_monsterinsights_sitenote_note":"","_monsterinsights_sitenote_category":0},"product_brand":[],"product_cat":[27157,12291],"product_tag":[],"class_list":{"0":"post-696296","1":"product","2":"type-product","3":"status-publish","5":"product_cat-derleme","6":"product_cat-edebiyat","7":"pa_cilt-ciltsiz","8":"pa_tur-kitap","9":"pa_yayinevi-gazi-kitabevi","10":"pa_yazar-kolektif","12":"first","13":"instock","14":"sale","15":"shipping-taxable","16":"purchasable","17":"product-type-simple"},"_links":{"self":[{"href":"https:\/\/roveyayinevi.com.tr\/index.php\/wp-json\/wp\/v2\/product\/696296","targetHints":{"allow":["GET"]}}],"collection":[{"href":"https:\/\/roveyayinevi.com.tr\/index.php\/wp-json\/wp\/v2\/product"}],"about":[{"href":"https:\/\/roveyayinevi.com.tr\/index.php\/wp-json\/wp\/v2\/types\/product"}],"wp:attachment":[{"href":"https:\/\/roveyayinevi.com.tr\/index.php\/wp-json\/wp\/v2\/media?parent=696296"}],"wp:term":[{"taxonomy":"product_brand","embeddable":true,"href":"https:\/\/roveyayinevi.com.tr\/index.php\/wp-json\/wp\/v2\/product_brand?post=696296"},{"taxonomy":"product_cat","embeddable":true,"href":"https:\/\/roveyayinevi.com.tr\/index.php\/wp-json\/wp\/v2\/product_cat?post=696296"},{"taxonomy":"product_tag","embeddable":true,"href":"https:\/\/roveyayinevi.com.tr\/index.php\/wp-json\/wp\/v2\/product_tag?post=696296"}],"curies":[{"name":"wp","href":"https:\/\/api.w.org\/{rel}","templated":true}]}}