{"id":696293,"date":"2025-08-27T14:33:49","date_gmt":"2025-08-27T11:33:49","guid":{"rendered":"https:\/\/roveyayinevi.com.tr\/index.php\/urun\/otel-isletmeleri-yonetim-muhasebesi\/"},"modified":"2026-04-16T02:06:16","modified_gmt":"2026-04-15T23:06:16","slug":"otel-isletmeleri-yonetim-muhasebesi","status":"publish","type":"product","link":"https:\/\/roveyayinevi.com.tr\/index.php\/urun\/otel-isletmeleri-yonetim-muhasebesi\/","title":{"rendered":"Otel \u0130\u015fletmeleri Y\u00f6netim Muhasebesi"},"content":{"rendered":"<p>Oteller, her i\u015fletmede oldu\u011fu gibi insanl\u0131\u011f\u0131n hayat ve d\u00fcnya hakk\u0131ndaki g\u00f6r\u00fc\u015f\u00fcne ve tekni\u011fin ilerlemesine paralel olarak organizasyon yap\u0131lar\u0131n\u0131 geli\u015ftirmi\u015fler ve buna g\u00f6re de de\u011fer kazanm\u0131\u015flard\u0131r. G\u00fcn\u00fcm\u00fczde artan n\u00fcfus, ilerleyen kentle\u015fme, insanlar ve toplumlararas\u0131 ili\u015fkilerin artmas\u0131, ula\u015f\u0131m imk\u00e2nlar\u0131n\u0131n geli\u015fmesi ile otel i\u015fletmeleri sadece gecenin ge\u00e7irilece\u011fi yerler olmaktan \u00e7\u0131km\u0131\u015f, tatillerin ge\u00e7irildi\u011fi, b\u00fcy\u00fck i\u015f toplant\u0131lar\u0131n\u0131n, konferanslar\u0131n bilimsel seminer ve kongrelerin yap\u0131ld\u0131\u011f\u0131 yerler halini alm\u0131\u015ft\u0131r. <\/p>\n","protected":false},"excerpt":{"rendered":"<p>Oteller, her i\u015fletmede oldu\u011fu gibi insanl\u0131\u011f\u0131n hayat ve d\u00fcnya hakk\u0131ndaki g\u00f6r\u00fc\u015f\u00fcne ve tekni\u011fin ilerlemesine paralel olarak organizasyon yap\u0131lar\u0131n\u0131 geli\u015ftirmi\u015fler ve buna g\u00f6re de de\u011fer kazanm\u0131\u015flard\u0131r. G\u00fcn\u00fcm\u00fczde<span class=\"excerpt-hellip\"> [\u2026]<\/span><\/p>\n","protected":false},"featured_media":0,"template":"","meta":{"_monsterinsights_skip_tracking":false,"_monsterinsights_sitenote_active":false,"_monsterinsights_sitenote_note":"","_monsterinsights_sitenote_category":0},"product_brand":[],"product_cat":[12573,12566],"product_tag":[],"class_list":{"0":"post-696293","1":"product","2":"type-product","3":"status-publish","5":"product_cat-akademik-kitaplar","6":"product_cat-egitim","7":"pa_cilt-ciltsiz","8":"pa_tur-kitap","9":"pa_yayinevi-gazi-kitabevi","10":"pa_yazar-ertugrul-cetiner","12":"first","13":"instock","14":"sale","15":"shipping-taxable","16":"purchasable","17":"product-type-simple"},"_links":{"self":[{"href":"https:\/\/roveyayinevi.com.tr\/index.php\/wp-json\/wp\/v2\/product\/696293","targetHints":{"allow":["GET"]}}],"collection":[{"href":"https:\/\/roveyayinevi.com.tr\/index.php\/wp-json\/wp\/v2\/product"}],"about":[{"href":"https:\/\/roveyayinevi.com.tr\/index.php\/wp-json\/wp\/v2\/types\/product"}],"wp:attachment":[{"href":"https:\/\/roveyayinevi.com.tr\/index.php\/wp-json\/wp\/v2\/media?parent=696293"}],"wp:term":[{"taxonomy":"product_brand","embeddable":true,"href":"https:\/\/roveyayinevi.com.tr\/index.php\/wp-json\/wp\/v2\/product_brand?post=696293"},{"taxonomy":"product_cat","embeddable":true,"href":"https:\/\/roveyayinevi.com.tr\/index.php\/wp-json\/wp\/v2\/product_cat?post=696293"},{"taxonomy":"product_tag","embeddable":true,"href":"https:\/\/roveyayinevi.com.tr\/index.php\/wp-json\/wp\/v2\/product_tag?post=696293"}],"curies":[{"name":"wp","href":"https:\/\/api.w.org\/{rel}","templated":true}]}}