{"id":696289,"date":"2025-08-27T14:33:48","date_gmt":"2025-08-27T11:33:48","guid":{"rendered":"https:\/\/roveyayinevi.com.tr\/index.php\/urun\/elektrik-buluslar-ve-seruvenleri\/"},"modified":"2026-04-16T02:06:16","modified_gmt":"2026-04-15T23:06:16","slug":"elektrik-buluslar-ve-seruvenleri","status":"publish","type":"product","link":"https:\/\/roveyayinevi.com.tr\/index.php\/urun\/elektrik-buluslar-ve-seruvenleri\/","title":{"rendered":"Elektrik &#8211; Bulu\u015flar ve Ser\u00fcvenleri"},"content":{"rendered":"<p>Mucit olmaya giden yol bu diziden ge\u00e7iyor. Bu kitaplarda g\u00fcnl\u00fck hayat\u0131m\u0131za yerle\u015fmi\u015f bir\u00e7ok bulu\u015fun ilgin\u00e7 \u00f6yk\u00fcs\u00fcn\u00fc, mizahi resimler e\u015fli\u011finde okuyacaks\u0131n\u0131z. Okurken akl\u0131n\u0131za hi\u00e7 gelmemi\u015f sorular\u0131 fark edecek, hep merak etti\u011finiz cevaplar\u0131 bulacaks\u0131n\u0131z.<\/p>\n","protected":false},"excerpt":{"rendered":"<p>Mucit olmaya giden yol bu diziden ge\u00e7iyor. Bu kitaplarda g\u00fcnl\u00fck hayat\u0131m\u0131za yerle\u015fmi\u015f bir\u00e7ok bulu\u015fun ilgin\u00e7 \u00f6yk\u00fcs\u00fcn\u00fc, mizahi resimler e\u015fli\u011finde okuyacaks\u0131n\u0131z. Okurken akl\u0131n\u0131za hi\u00e7 gelmemi\u015f sorular\u0131 fark<span class=\"excerpt-hellip\"> [\u2026]<\/span><\/p>\n","protected":false},"featured_media":0,"template":"","meta":{"_monsterinsights_skip_tracking":false,"_monsterinsights_sitenote_active":false,"_monsterinsights_sitenote_note":"","_monsterinsights_sitenote_category":0},"product_brand":[],"product_cat":[13829,12274],"product_tag":[],"class_list":{"0":"post-696289","1":"product","2":"type-product","3":"status-publish","5":"product_cat-bilimsel-kitaplar","6":"product_cat-cocuk-ve-genclik-kitaplari","7":"pa_cilt-ciltsiz","8":"pa_tur-kitap","9":"pa_yayinevi-genc-timas","10":"pa_yazar-kolektif","12":"first","13":"instock","14":"sale","15":"shipping-taxable","16":"purchasable","17":"product-type-simple"},"_links":{"self":[{"href":"https:\/\/roveyayinevi.com.tr\/index.php\/wp-json\/wp\/v2\/product\/696289","targetHints":{"allow":["GET"]}}],"collection":[{"href":"https:\/\/roveyayinevi.com.tr\/index.php\/wp-json\/wp\/v2\/product"}],"about":[{"href":"https:\/\/roveyayinevi.com.tr\/index.php\/wp-json\/wp\/v2\/types\/product"}],"wp:attachment":[{"href":"https:\/\/roveyayinevi.com.tr\/index.php\/wp-json\/wp\/v2\/media?parent=696289"}],"wp:term":[{"taxonomy":"product_brand","embeddable":true,"href":"https:\/\/roveyayinevi.com.tr\/index.php\/wp-json\/wp\/v2\/product_brand?post=696289"},{"taxonomy":"product_cat","embeddable":true,"href":"https:\/\/roveyayinevi.com.tr\/index.php\/wp-json\/wp\/v2\/product_cat?post=696289"},{"taxonomy":"product_tag","embeddable":true,"href":"https:\/\/roveyayinevi.com.tr\/index.php\/wp-json\/wp\/v2\/product_tag?post=696289"}],"curies":[{"name":"wp","href":"https:\/\/api.w.org\/{rel}","templated":true}]}}