{"id":696288,"date":"2025-08-27T14:33:48","date_gmt":"2025-08-27T11:33:48","guid":{"rendered":"https:\/\/roveyayinevi.com.tr\/index.php\/urun\/oteki-liderlik\/"},"modified":"2026-04-16T02:06:16","modified_gmt":"2026-04-15T23:06:16","slug":"oteki-liderlik","status":"publish","type":"product","link":"https:\/\/roveyayinevi.com.tr\/index.php\/urun\/oteki-liderlik\/","title":{"rendered":"\u00d6teki Liderlik"},"content":{"rendered":"<p>Liderlik sokaktaki adamdan bilim adam\u0131na, siyaset\u00e7iden anaokullar\u0131na kadar ilgi g\u00f6ren sihirli bir kavram olarak g\u00fcn\u00fcm\u00fcz insan\u0131n\u0131n dikkatini \u00e7ekmektedir ve bu gidi\u015fle daha \u00e7ok \u00e7ekece\u011fe benzemektedir. Gerek medyan\u0131n gerekse akademyan\u0131n liderli\u011fe ili\u015fkin bilginin \u00fcretilmesi ve yay\u0131lmas\u0131ndaki belirleyici rol\u00fcne ra\u011fmen, kavrman\u0131 takip\u00e7ileri di\u011fer pek \u00e7ok ak\u0131ma veya d\u00fc\u015f\u00fcnce sistemine g\u00f6re liderlik ile ilgili olarak \u00fcretilen bilgiyi t\u00fcketmekte ve hayata ge\u00e7irmekte olduk\u00e7a hevesli g\u00f6r\u00fcnmektedirler. <\/p>\n","protected":false},"excerpt":{"rendered":"<p>Liderlik sokaktaki adamdan bilim adam\u0131na, siyaset\u00e7iden anaokullar\u0131na kadar ilgi g\u00f6ren sihirli bir kavram olarak g\u00fcn\u00fcm\u00fcz insan\u0131n\u0131n dikkatini \u00e7ekmektedir ve bu gidi\u015fle daha \u00e7ok \u00e7ekece\u011fe benzemektedir. Gerek<span class=\"excerpt-hellip\"> [\u2026]<\/span><\/p>\n","protected":false},"featured_media":0,"template":"","meta":{"_monsterinsights_skip_tracking":false,"_monsterinsights_sitenote_active":false,"_monsterinsights_sitenote_note":"","_monsterinsights_sitenote_category":0},"product_brand":[],"product_cat":[13043,19008],"product_tag":[],"class_list":{"0":"post-696288","1":"product","2":"type-product","3":"status-publish","5":"product_cat-ekonomi","6":"product_cat-yonetim","7":"pa_cilt-ciltsiz","8":"pa_tur-kitap","9":"pa_yayinevi-gazi-kitabevi","10":"pa_yazar-nazli-a-ayyildiz-unnu","12":"first","13":"instock","14":"sale","15":"shipping-taxable","16":"purchasable","17":"product-type-simple"},"_links":{"self":[{"href":"https:\/\/roveyayinevi.com.tr\/index.php\/wp-json\/wp\/v2\/product\/696288","targetHints":{"allow":["GET"]}}],"collection":[{"href":"https:\/\/roveyayinevi.com.tr\/index.php\/wp-json\/wp\/v2\/product"}],"about":[{"href":"https:\/\/roveyayinevi.com.tr\/index.php\/wp-json\/wp\/v2\/types\/product"}],"wp:attachment":[{"href":"https:\/\/roveyayinevi.com.tr\/index.php\/wp-json\/wp\/v2\/media?parent=696288"}],"wp:term":[{"taxonomy":"product_brand","embeddable":true,"href":"https:\/\/roveyayinevi.com.tr\/index.php\/wp-json\/wp\/v2\/product_brand?post=696288"},{"taxonomy":"product_cat","embeddable":true,"href":"https:\/\/roveyayinevi.com.tr\/index.php\/wp-json\/wp\/v2\/product_cat?post=696288"},{"taxonomy":"product_tag","embeddable":true,"href":"https:\/\/roveyayinevi.com.tr\/index.php\/wp-json\/wp\/v2\/product_tag?post=696288"}],"curies":[{"name":"wp","href":"https:\/\/api.w.org\/{rel}","templated":true}]}}