{"id":696286,"date":"2025-08-27T14:33:47","date_gmt":"2025-08-27T11:33:47","guid":{"rendered":"https:\/\/roveyayinevi.com.tr\/index.php\/urun\/orgut-kulturu-ve-is-tatmini\/"},"modified":"2026-04-16T02:06:16","modified_gmt":"2026-04-15T23:06:16","slug":"orgut-kulturu-ve-is-tatmini","status":"publish","type":"product","link":"https:\/\/roveyayinevi.com.tr\/index.php\/urun\/orgut-kulturu-ve-is-tatmini\/","title":{"rendered":"\u00d6rg\u00fct K\u00fclt\u00fcr\u00fc ve \u0130\u015f Tatmini"},"content":{"rendered":"<p>Sermaye piyasas\u0131 ve para piyasas\u0131n\u0131n etkin \u00e7al\u0131\u015fmas\u0131nda en \u00f6nemli unsurlardan biri de bilgi ve yeti\u015fmi\u015f eleman ihtiyac\u0131d\u0131r. Bu konudaki eksikli\u011fin giderilmesi i\u00e7i SPK, lisanslama s\u0131navlar\u0131 d\u00fczenlenmekte ve piyasalar\u0131 yetki belgesi alm\u0131\u015f ki\u015filer taraf\u0131ndan daha etkin \u015fekilde i\u015fler hale getirilmesini sa\u011flamaya \u00e7al\u0131\u015fmaktad\u0131r.T\u00fcrev Ara\u00e7lar S\u0131nav\u0131nda, Genel Ekonomi ve Mali Sistem, Sermaye Piyasas\u0131 Mevzuat\u0131 ve \u0130lgili Mevzuat, Ticaret Hukuku ve Bor\u00e7lar Hukuku, Menkul K\u0131ymetler ve Di\u011fer Sermaye Piyasas\u0131 Ara\u00e7lar\u0131 ve \u0130lgili Vergi Mevzuat\u0131 mod\u00fclleri \u0130leri D\u00fczey S\u0131nav\u0131&#8217;n\u0131n ayn\u0131 ba\u015fl\u0131kl\u0131 4 mod\u00fcl\u00fc ile ayn\u0131 kapsamda ortakt\u0131r.Bu kitapta, \u00f6ncelikli olarak konu anlat\u0131m\u0131, daha sonra \u00e7\u00f6z\u00fcml\u00fc ve cevapl\u0131 sorulara yer verilmi\u015ftir. Bu sorular aras\u0131nda \u00e7\u0131km\u0131\u015f sorulara da konu b\u00fct\u00fcnl\u00fc\u011f\u00fc i\u00e7erisinde yer ayr\u0131lm\u0131\u015ft\u0131r. <\/p>\n","protected":false},"excerpt":{"rendered":"<p>Sermaye piyasas\u0131 ve para piyasas\u0131n\u0131n etkin \u00e7al\u0131\u015fmas\u0131nda en \u00f6nemli unsurlardan biri de bilgi ve yeti\u015fmi\u015f eleman ihtiyac\u0131d\u0131r. Bu konudaki eksikli\u011fin giderilmesi i\u00e7i SPK, lisanslama s\u0131navlar\u0131 d\u00fczenlenmekte<span class=\"excerpt-hellip\"> [\u2026]<\/span><\/p>\n","protected":false},"featured_media":0,"template":"","meta":{"_monsterinsights_skip_tracking":false,"_monsterinsights_sitenote_active":false,"_monsterinsights_sitenote_note":"","_monsterinsights_sitenote_category":0},"product_brand":[],"product_cat":[12573,12566],"product_tag":[],"class_list":{"0":"post-696286","1":"product","2":"type-product","3":"status-publish","5":"product_cat-akademik-kitaplar","6":"product_cat-egitim","7":"pa_cilt-ciltsiz","8":"pa_tur-kitap","9":"pa_yayinevi-gazi-kitabevi","10":"pa_yazar-m-sezai-turk","12":"first","13":"instock","14":"sale","15":"shipping-taxable","16":"purchasable","17":"product-type-simple"},"_links":{"self":[{"href":"https:\/\/roveyayinevi.com.tr\/index.php\/wp-json\/wp\/v2\/product\/696286","targetHints":{"allow":["GET"]}}],"collection":[{"href":"https:\/\/roveyayinevi.com.tr\/index.php\/wp-json\/wp\/v2\/product"}],"about":[{"href":"https:\/\/roveyayinevi.com.tr\/index.php\/wp-json\/wp\/v2\/types\/product"}],"wp:attachment":[{"href":"https:\/\/roveyayinevi.com.tr\/index.php\/wp-json\/wp\/v2\/media?parent=696286"}],"wp:term":[{"taxonomy":"product_brand","embeddable":true,"href":"https:\/\/roveyayinevi.com.tr\/index.php\/wp-json\/wp\/v2\/product_brand?post=696286"},{"taxonomy":"product_cat","embeddable":true,"href":"https:\/\/roveyayinevi.com.tr\/index.php\/wp-json\/wp\/v2\/product_cat?post=696286"},{"taxonomy":"product_tag","embeddable":true,"href":"https:\/\/roveyayinevi.com.tr\/index.php\/wp-json\/wp\/v2\/product_tag?post=696286"}],"curies":[{"name":"wp","href":"https:\/\/api.w.org\/{rel}","templated":true}]}}