{"id":696285,"date":"2025-08-27T14:33:47","date_gmt":"2025-08-27T11:33:47","guid":{"rendered":"https:\/\/roveyayinevi.com.tr\/index.php\/urun\/astronomlar-yildizlarin-pesinde\/"},"modified":"2026-02-03T02:09:36","modified_gmt":"2026-02-02T23:09:36","slug":"astronomlar-yildizlarin-pesinde","status":"publish","type":"product","link":"https:\/\/roveyayinevi.com.tr\/index.php\/urun\/astronomlar-yildizlarin-pesinde\/","title":{"rendered":"Astronomlar &#8211; Y\u0131ld\u0131zlar\u0131n Pe\u015finde"},"content":{"rendered":"<p>Y\u0131ld\u0131zlar\u0131n Pe\u015finde On \u0130ki Astronomla Bir Uzay Ser\u00fcvenine \u00c7\u0131k\u0131n!Geceleyin g\u00f6ky\u00fcz\u00fcne bakmaktan ho\u015flan\u0131r m\u0131s\u0131n\u0131z? Peki, g\u00f6k kubbemizi s\u00fcsleyen y\u0131ld\u0131zlar\u0131n bir\u00e7o\u011funun \u0131\u015f\u0131\u011f\u0131n\u0131n milyarlarca y\u0131l \u00f6ncesinden geldi\u011fini biliyor muydunuz? Batlamyus, Harezm\u00ee, Nasreddin Tusi, Ulu\u011f Bey, Kopernik, Takiyuddin, Bruno, Brahe, Kepler, Galileo, Newton ve Einstein\u2026Do\u011fu ve Bat\u0131\u2019n\u0131n bu on iki m\u00fcthi\u015f bilim insan\u0131yla birlikte hen\u00fcz modern zaman\u0131n kocaman teleskoplar\u0131n\u0131n olmad\u0131\u011f\u0131 g\u00fcnlerde bir uzay ser\u00fcvenine \u00e7\u0131kmaya, onlarla birlikte y\u0131ld\u0131zlar\u0131 ke\u015ffetmeye ne dersiniz?\u00dcnl\u00fc bilginler y\u00fczy\u0131llar \u00f6ncesinin k\u00fct\u00fcphanelerinde ve g\u00f6zlemevlerinde sizleri bekliyor!<\/p>\n","protected":false},"excerpt":{"rendered":"<p>Y\u0131ld\u0131zlar\u0131n Pe\u015finde On \u0130ki Astronomla Bir Uzay Ser\u00fcvenine \u00c7\u0131k\u0131n!Geceleyin g\u00f6ky\u00fcz\u00fcne bakmaktan ho\u015flan\u0131r m\u0131s\u0131n\u0131z? Peki, g\u00f6k kubbemizi s\u00fcsleyen y\u0131ld\u0131zlar\u0131n bir\u00e7o\u011funun \u0131\u015f\u0131\u011f\u0131n\u0131n milyarlarca y\u0131l \u00f6ncesinden geldi\u011fini biliyor muydunuz?<span class=\"excerpt-hellip\"> [\u2026]<\/span><\/p>\n","protected":false},"featured_media":0,"template":"","meta":{"_monsterinsights_skip_tracking":false,"_monsterinsights_sitenote_active":false,"_monsterinsights_sitenote_note":"","_monsterinsights_sitenote_category":0},"product_brand":[],"product_cat":[13829,12274],"product_tag":[],"class_list":{"0":"post-696285","1":"product","2":"type-product","3":"status-publish","5":"product_cat-bilimsel-kitaplar","6":"product_cat-cocuk-ve-genclik-kitaplari","7":"pa_cilt-ciltsiz","8":"pa_tur-kitap","9":"pa_yayinevi-genc-timas","10":"pa_yazar-duygu-kacaranoglu","12":"first","13":"instock","14":"sale","15":"shipping-taxable","16":"purchasable","17":"product-type-simple"},"_links":{"self":[{"href":"https:\/\/roveyayinevi.com.tr\/index.php\/wp-json\/wp\/v2\/product\/696285","targetHints":{"allow":["GET"]}}],"collection":[{"href":"https:\/\/roveyayinevi.com.tr\/index.php\/wp-json\/wp\/v2\/product"}],"about":[{"href":"https:\/\/roveyayinevi.com.tr\/index.php\/wp-json\/wp\/v2\/types\/product"}],"wp:attachment":[{"href":"https:\/\/roveyayinevi.com.tr\/index.php\/wp-json\/wp\/v2\/media?parent=696285"}],"wp:term":[{"taxonomy":"product_brand","embeddable":true,"href":"https:\/\/roveyayinevi.com.tr\/index.php\/wp-json\/wp\/v2\/product_brand?post=696285"},{"taxonomy":"product_cat","embeddable":true,"href":"https:\/\/roveyayinevi.com.tr\/index.php\/wp-json\/wp\/v2\/product_cat?post=696285"},{"taxonomy":"product_tag","embeddable":true,"href":"https:\/\/roveyayinevi.com.tr\/index.php\/wp-json\/wp\/v2\/product_tag?post=696285"}],"curies":[{"name":"wp","href":"https:\/\/api.w.org\/{rel}","templated":true}]}}