{"id":696283,"date":"2025-08-27T14:33:47","date_gmt":"2025-08-27T11:33:47","guid":{"rendered":"https:\/\/roveyayinevi.com.tr\/index.php\/urun\/nitel-ve-nicel-organik-analiz\/"},"modified":"2026-04-16T02:06:16","modified_gmt":"2026-04-15T23:06:16","slug":"nitel-ve-nicel-organik-analiz","status":"publish","type":"product","link":"https:\/\/roveyayinevi.com.tr\/index.php\/urun\/nitel-ve-nicel-organik-analiz\/","title":{"rendered":"Nitel ve Nicel Organik Analiz"},"content":{"rendered":"<p>\u0130\u00e7indekiler :- Analiz Y\u00f6ntemleri- Ya\u015f Analiz- Spektral Analiz- Kromato\u011frafik Analiz- Nicel Analiz- \u00d6rnek \u00c7\u00f6z\u00fcmler ve Sorular <\/p>\n","protected":false},"excerpt":{"rendered":"<p>\u0130\u00e7indekiler :- Analiz Y\u00f6ntemleri- Ya\u015f Analiz- Spektral Analiz- Kromato\u011frafik Analiz- Nicel Analiz- \u00d6rnek \u00c7\u00f6z\u00fcmler ve Sorular<\/p>\n","protected":false},"featured_media":0,"template":"","meta":{"_monsterinsights_skip_tracking":false,"_monsterinsights_sitenote_active":false,"_monsterinsights_sitenote_note":"","_monsterinsights_sitenote_category":0},"product_brand":[],"product_cat":[12573,12566],"product_tag":[],"class_list":{"0":"post-696283","1":"product","2":"type-product","3":"status-publish","5":"product_cat-akademik-kitaplar","6":"product_cat-egitim","7":"pa_cilt-ciltli","8":"pa_tur-kitap","9":"pa_yayinevi-gazi-kitabevi","10":"pa_yazar-mehmet-ay","12":"first","13":"instock","14":"sale","15":"shipping-taxable","16":"purchasable","17":"product-type-simple"},"_links":{"self":[{"href":"https:\/\/roveyayinevi.com.tr\/index.php\/wp-json\/wp\/v2\/product\/696283","targetHints":{"allow":["GET"]}}],"collection":[{"href":"https:\/\/roveyayinevi.com.tr\/index.php\/wp-json\/wp\/v2\/product"}],"about":[{"href":"https:\/\/roveyayinevi.com.tr\/index.php\/wp-json\/wp\/v2\/types\/product"}],"wp:attachment":[{"href":"https:\/\/roveyayinevi.com.tr\/index.php\/wp-json\/wp\/v2\/media?parent=696283"}],"wp:term":[{"taxonomy":"product_brand","embeddable":true,"href":"https:\/\/roveyayinevi.com.tr\/index.php\/wp-json\/wp\/v2\/product_brand?post=696283"},{"taxonomy":"product_cat","embeddable":true,"href":"https:\/\/roveyayinevi.com.tr\/index.php\/wp-json\/wp\/v2\/product_cat?post=696283"},{"taxonomy":"product_tag","embeddable":true,"href":"https:\/\/roveyayinevi.com.tr\/index.php\/wp-json\/wp\/v2\/product_tag?post=696283"}],"curies":[{"name":"wp","href":"https:\/\/api.w.org\/{rel}","templated":true}]}}