{"id":696282,"date":"2025-08-27T14:33:46","date_gmt":"2025-08-27T11:33:46","guid":{"rendered":"https:\/\/roveyayinevi.com.tr\/index.php\/urun\/annenle-babanin-derdi-ne\/"},"modified":"2026-04-16T02:06:16","modified_gmt":"2026-04-15T23:06:16","slug":"annenle-babanin-derdi-ne","status":"publish","type":"product","link":"https:\/\/roveyayinevi.com.tr\/index.php\/urun\/annenle-babanin-derdi-ne\/","title":{"rendered":"Annenle Baban\u0131n Derdi Ne?"},"content":{"rendered":"<p>Pek \u00e7ok \u00e7ocuk gibi sen de anne baban\u0131n ayr\u0131l\u0131\u011f\u0131na \u015fahit oldun ya da hala olmaktas\u0131n. Bu, insan\u0131 mutsuzluk ve su\u00e7luluk duygular\u0131na s\u00fcr\u00fckleyen zor bir d\u00f6nemdir. Eski haline d\u00f6nmen zaman ister. <\/p>\n","protected":false},"excerpt":{"rendered":"<p>Pek \u00e7ok \u00e7ocuk gibi sen de anne baban\u0131n ayr\u0131l\u0131\u011f\u0131na \u015fahit oldun ya da hala olmaktas\u0131n. Bu, insan\u0131 mutsuzluk ve su\u00e7luluk duygular\u0131na s\u00fcr\u00fckleyen zor bir d\u00f6nemdir. Eski<span class=\"excerpt-hellip\"> [\u2026]<\/span><\/p>\n","protected":false},"featured_media":0,"template":"","meta":{"_monsterinsights_skip_tracking":false,"_monsterinsights_sitenote_active":false,"_monsterinsights_sitenote_note":"","_monsterinsights_sitenote_category":0},"product_brand":[],"product_cat":[12274,12631],"product_tag":[],"class_list":{"0":"post-696282","1":"product","2":"type-product","3":"status-publish","5":"product_cat-cocuk-ve-genclik-kitaplari","6":"product_cat-diger-cocuk-ve-genclik-kitaplari","7":"pa_tur-kitap","8":"pa_yayinevi-genc-timas","9":"pa_yazar-francoise-de-guibert","11":"first","12":"instock","13":"sale","14":"shipping-taxable","15":"purchasable","16":"product-type-simple"},"_links":{"self":[{"href":"https:\/\/roveyayinevi.com.tr\/index.php\/wp-json\/wp\/v2\/product\/696282","targetHints":{"allow":["GET"]}}],"collection":[{"href":"https:\/\/roveyayinevi.com.tr\/index.php\/wp-json\/wp\/v2\/product"}],"about":[{"href":"https:\/\/roveyayinevi.com.tr\/index.php\/wp-json\/wp\/v2\/types\/product"}],"wp:attachment":[{"href":"https:\/\/roveyayinevi.com.tr\/index.php\/wp-json\/wp\/v2\/media?parent=696282"}],"wp:term":[{"taxonomy":"product_brand","embeddable":true,"href":"https:\/\/roveyayinevi.com.tr\/index.php\/wp-json\/wp\/v2\/product_brand?post=696282"},{"taxonomy":"product_cat","embeddable":true,"href":"https:\/\/roveyayinevi.com.tr\/index.php\/wp-json\/wp\/v2\/product_cat?post=696282"},{"taxonomy":"product_tag","embeddable":true,"href":"https:\/\/roveyayinevi.com.tr\/index.php\/wp-json\/wp\/v2\/product_tag?post=696282"}],"curies":[{"name":"wp","href":"https:\/\/api.w.org\/{rel}","templated":true}]}}