{"id":696280,"date":"2025-08-27T14:33:46","date_gmt":"2025-08-27T11:33:46","guid":{"rendered":"https:\/\/roveyayinevi.com.tr\/index.php\/urun\/musteri-iliskileri-yonetimi\/"},"modified":"2026-04-16T02:06:16","modified_gmt":"2026-04-15T23:06:16","slug":"musteri-iliskileri-yonetimi","status":"publish","type":"product","link":"https:\/\/roveyayinevi.com.tr\/index.php\/urun\/musteri-iliskileri-yonetimi\/","title":{"rendered":"M\u00fc\u015fteri \u0130li\u015fkileri Y\u00f6netimi"},"content":{"rendered":"<p>Rekabet \u015fartlar\u0131n\u0131n t\u00fcm d\u00fcnya i\u015fletmelerini giderek zorlamaya ba\u015flamas\u0131, teknolojinin ba\u015f d\u00f6nd\u00fcr\u00fcc\u00fc bir h\u0131zla ilerlemesi, t\u00fcketici beklentilerinin artmas\u0131, sad\u0131k m\u00fc\u015fteriyi olu\u015fturma ve s\u00fcrekliliklerini sa\u011flaman\u0131n zorla\u015fmas\u0131, m\u00fc\u015fteri ba\u015f\u0131na karl\u0131l\u0131klar\u0131n azalmas\u0131, \u00fcretim maliyetlerinin artmas\u0131, nitelikli-e\u011fitimli personele her zamankinden daha fazla ihtiya\u00e7 duyulmas\u0131 gibi \u00f6nemli nedenler i\u015fletmelerin ticari hayattaki hayati kararlar\u0131 rasyonel, optimal ve de ivedi bir \u015fekilde almaya zorlamaktad\u0131r. <\/p>\n","protected":false},"excerpt":{"rendered":"<p>Rekabet \u015fartlar\u0131n\u0131n t\u00fcm d\u00fcnya i\u015fletmelerini giderek zorlamaya ba\u015flamas\u0131, teknolojinin ba\u015f d\u00f6nd\u00fcr\u00fcc\u00fc bir h\u0131zla ilerlemesi, t\u00fcketici beklentilerinin artmas\u0131, sad\u0131k m\u00fc\u015fteriyi olu\u015fturma ve s\u00fcrekliliklerini sa\u011flaman\u0131n zorla\u015fmas\u0131, m\u00fc\u015fteri ba\u015f\u0131na<span class=\"excerpt-hellip\"> [\u2026]<\/span><\/p>\n","protected":false},"featured_media":0,"template":"","meta":{"_monsterinsights_skip_tracking":false,"_monsterinsights_sitenote_active":false,"_monsterinsights_sitenote_note":"","_monsterinsights_sitenote_category":0},"product_brand":[],"product_cat":[12573,12566],"product_tag":[],"class_list":{"0":"post-696280","1":"product","2":"type-product","3":"status-publish","5":"product_cat-akademik-kitaplar","6":"product_cat-egitim","7":"pa_cilt-ciltsiz","8":"pa_tur-kitap","9":"pa_yayinevi-gazi-kitabevi","10":"pa_yazar-fahrettin-atil-bilge","12":"first","13":"instock","14":"sale","15":"shipping-taxable","16":"purchasable","17":"product-type-simple"},"_links":{"self":[{"href":"https:\/\/roveyayinevi.com.tr\/index.php\/wp-json\/wp\/v2\/product\/696280","targetHints":{"allow":["GET"]}}],"collection":[{"href":"https:\/\/roveyayinevi.com.tr\/index.php\/wp-json\/wp\/v2\/product"}],"about":[{"href":"https:\/\/roveyayinevi.com.tr\/index.php\/wp-json\/wp\/v2\/types\/product"}],"wp:attachment":[{"href":"https:\/\/roveyayinevi.com.tr\/index.php\/wp-json\/wp\/v2\/media?parent=696280"}],"wp:term":[{"taxonomy":"product_brand","embeddable":true,"href":"https:\/\/roveyayinevi.com.tr\/index.php\/wp-json\/wp\/v2\/product_brand?post=696280"},{"taxonomy":"product_cat","embeddable":true,"href":"https:\/\/roveyayinevi.com.tr\/index.php\/wp-json\/wp\/v2\/product_cat?post=696280"},{"taxonomy":"product_tag","embeddable":true,"href":"https:\/\/roveyayinevi.com.tr\/index.php\/wp-json\/wp\/v2\/product_tag?post=696280"}],"curies":[{"name":"wp","href":"https:\/\/api.w.org\/{rel}","templated":true}]}}