{"id":696279,"date":"2025-08-27T14:33:45","date_gmt":"2025-08-27T11:33:45","guid":{"rendered":"https:\/\/roveyayinevi.com.tr\/index.php\/urun\/altin-yapraklar\/"},"modified":"2026-04-16T02:06:16","modified_gmt":"2026-04-15T23:06:16","slug":"altin-yapraklar","status":"publish","type":"product","link":"https:\/\/roveyayinevi.com.tr\/index.php\/urun\/altin-yapraklar\/","title":{"rendered":"Alt\u0131n Yapraklar"},"content":{"rendered":"<p>T\u00fcrk tarihi ve \u0130slam tarihinden ibretli, gurur verici par\u00e7alar&#8230;Peygamber Efendimizin mucizelerinden Hz. \u00d6mer&#8217;in adaletine, Harun Re\u015fit&#8217;in hak dostlar\u0131na olan b\u00fcy\u00fck h\u00fcrmetinden, Melik\u015fah&#8217;\u0131n merhametine; ku\u015fatma alt\u0131ndaki Kanije kalesi komutan\u0131 Tiryaki Hasan Pa\u015fan\u0131n yapt\u0131\u011f\u0131 d\u00e2hiyane savunmadan, Osman Pa\u015fa&#8217;n\u0131n kahramanca Plevne savunmas\u0131na, kendisine kurulan haince suikast plan\u0131n\u0131 \u00f6\u011frenen Osman Gazinin zek\u00e2s\u0131yla d\u00fc\u015fman\u0131 alt etmesinden, Selehaddin\u00ee Eyy\u00fcbi&#8217;nin adaletli y\u00f6netimine, Nusret May\u0131n Gemimizin \u00c7anakkale Bo\u011faz\u0131na d\u00f6kt\u00fc\u011f\u00fc may\u0131nlarla d\u00fc\u015fman gemilerini bo\u011faz\u0131n derin sular\u0131na g\u00f6m\u00fc\u015f\u00fcnden, Mara\u015fl\u0131lar\u0131n i\u015fgal kuvvetlerini kahramanca bir m\u00fccadeleyle \u015fehirlerinden kovmas\u0131na kadar \u015fanl\u0131 tarihimizden daha pek \u00e7ok alt\u0131n yaprak&#8230;<\/p>\n","protected":false},"excerpt":{"rendered":"<p>T\u00fcrk tarihi ve \u0130slam tarihinden ibretli, gurur verici par\u00e7alar&#8230;Peygamber Efendimizin mucizelerinden Hz. \u00d6mer&#8217;in adaletine, Harun Re\u015fit&#8217;in hak dostlar\u0131na olan b\u00fcy\u00fck h\u00fcrmetinden, Melik\u015fah&#8217;\u0131n merhametine; ku\u015fatma alt\u0131ndaki Kanije<span class=\"excerpt-hellip\"> [\u2026]<\/span><\/p>\n","protected":false},"featured_media":0,"template":"","meta":{"_monsterinsights_skip_tracking":false,"_monsterinsights_sitenote_active":false,"_monsterinsights_sitenote_note":"","_monsterinsights_sitenote_category":0},"product_brand":[],"product_cat":[12275,12274],"product_tag":[],"class_list":{"0":"post-696279","1":"product","2":"type-product","3":"status-publish","5":"product_cat-6-12-yas-kitaplari","6":"product_cat-cocuk-ve-genclik-kitaplari","7":"pa_cilt-ciltsiz","8":"pa_tur-kitap","9":"pa_yayinevi-genc-timas","10":"pa_yazar-ahmet-yilmaz-boyunaga","12":"first","13":"instock","14":"sale","15":"shipping-taxable","16":"purchasable","17":"product-type-simple"},"_links":{"self":[{"href":"https:\/\/roveyayinevi.com.tr\/index.php\/wp-json\/wp\/v2\/product\/696279","targetHints":{"allow":["GET"]}}],"collection":[{"href":"https:\/\/roveyayinevi.com.tr\/index.php\/wp-json\/wp\/v2\/product"}],"about":[{"href":"https:\/\/roveyayinevi.com.tr\/index.php\/wp-json\/wp\/v2\/types\/product"}],"wp:attachment":[{"href":"https:\/\/roveyayinevi.com.tr\/index.php\/wp-json\/wp\/v2\/media?parent=696279"}],"wp:term":[{"taxonomy":"product_brand","embeddable":true,"href":"https:\/\/roveyayinevi.com.tr\/index.php\/wp-json\/wp\/v2\/product_brand?post=696279"},{"taxonomy":"product_cat","embeddable":true,"href":"https:\/\/roveyayinevi.com.tr\/index.php\/wp-json\/wp\/v2\/product_cat?post=696279"},{"taxonomy":"product_tag","embeddable":true,"href":"https:\/\/roveyayinevi.com.tr\/index.php\/wp-json\/wp\/v2\/product_tag?post=696279"}],"curies":[{"name":"wp","href":"https:\/\/api.w.org\/{rel}","templated":true}]}}