{"id":696277,"date":"2025-08-27T14:33:45","date_gmt":"2025-08-27T11:33:45","guid":{"rendered":"https:\/\/roveyayinevi.com.tr\/index.php\/urun\/orff-calgilari-metodu-birinci-kitap\/"},"modified":"2026-04-16T02:06:16","modified_gmt":"2026-04-15T23:06:16","slug":"orff-calgilari-metodu-birinci-kitap","status":"publish","type":"product","link":"https:\/\/roveyayinevi.com.tr\/index.php\/urun\/orff-calgilari-metodu-birinci-kitap\/","title":{"rendered":"Orff \u00c7alg\u0131lar\u0131 Metodu &#8211; Birinci Kitap"},"content":{"rendered":"<p>Bu kitap ilk\u00f6\u011fretim okullar\u0131 I.Kademe \u00f6\u011frencilerine y\u00f6nelik olarak haz\u0131rlanm\u0131\u015ft\u0131r.Ayr\u0131ca E\u011fitim Fak\u00fclteleri, M\u00fczik E\u011fitimi Anabilim Dallan ve S\u0131n\u0131f \u00d6\u011fretmenli\u011fi B\u00f6l\u00fcm\u00fc \u00f6\u011frencilerinin bu \u00e7alg\u0131lar\u0131 tan\u0131malar\u0131 ve mesleki ya\u015famlar\u0131nda \u00f6\u011frencilerine kulland\u0131rabilecekleri bir birikimdir. <\/p>\n","protected":false},"excerpt":{"rendered":"<p>Bu kitap ilk\u00f6\u011fretim okullar\u0131 I.Kademe \u00f6\u011frencilerine y\u00f6nelik olarak haz\u0131rlanm\u0131\u015ft\u0131r.Ayr\u0131ca E\u011fitim Fak\u00fclteleri, M\u00fczik E\u011fitimi Anabilim Dallan ve S\u0131n\u0131f \u00d6\u011fretmenli\u011fi B\u00f6l\u00fcm\u00fc \u00f6\u011frencilerinin bu \u00e7alg\u0131lar\u0131 tan\u0131malar\u0131 ve mesleki ya\u015famlar\u0131nda<span class=\"excerpt-hellip\"> [\u2026]<\/span><\/p>\n","protected":false},"featured_media":0,"template":"","meta":{"_monsterinsights_skip_tracking":false,"_monsterinsights_sitenote_active":false,"_monsterinsights_sitenote_note":"","_monsterinsights_sitenote_category":0},"product_brand":[],"product_cat":[12573,12566],"product_tag":[],"class_list":{"0":"post-696277","1":"product","2":"type-product","3":"status-publish","5":"product_cat-akademik-kitaplar","6":"product_cat-egitim","7":"pa_cilt-ciltsiz","8":"pa_tur-kitap","9":"pa_yayinevi-gazi-kitabevi","10":"pa_yazar-mehmet-ali-ozdemir","12":"first","13":"instock","14":"sale","15":"shipping-taxable","16":"purchasable","17":"product-type-simple"},"_links":{"self":[{"href":"https:\/\/roveyayinevi.com.tr\/index.php\/wp-json\/wp\/v2\/product\/696277","targetHints":{"allow":["GET"]}}],"collection":[{"href":"https:\/\/roveyayinevi.com.tr\/index.php\/wp-json\/wp\/v2\/product"}],"about":[{"href":"https:\/\/roveyayinevi.com.tr\/index.php\/wp-json\/wp\/v2\/types\/product"}],"wp:attachment":[{"href":"https:\/\/roveyayinevi.com.tr\/index.php\/wp-json\/wp\/v2\/media?parent=696277"}],"wp:term":[{"taxonomy":"product_brand","embeddable":true,"href":"https:\/\/roveyayinevi.com.tr\/index.php\/wp-json\/wp\/v2\/product_brand?post=696277"},{"taxonomy":"product_cat","embeddable":true,"href":"https:\/\/roveyayinevi.com.tr\/index.php\/wp-json\/wp\/v2\/product_cat?post=696277"},{"taxonomy":"product_tag","embeddable":true,"href":"https:\/\/roveyayinevi.com.tr\/index.php\/wp-json\/wp\/v2\/product_tag?post=696277"}],"curies":[{"name":"wp","href":"https:\/\/api.w.org\/{rel}","templated":true}]}}