{"id":696274,"date":"2025-08-27T14:33:44","date_gmt":"2025-08-27T11:33:44","guid":{"rendered":"https:\/\/roveyayinevi.com.tr\/index.php\/urun\/makina-teknik-resmi-ve-tasarimi\/"},"modified":"2026-04-16T02:06:16","modified_gmt":"2026-04-15T23:06:16","slug":"makina-teknik-resmi-ve-tasarimi","status":"publish","type":"product","link":"https:\/\/roveyayinevi.com.tr\/index.php\/urun\/makina-teknik-resmi-ve-tasarimi\/","title":{"rendered":"Makina Teknik Resmi ve Tasar\u0131m\u0131"},"content":{"rendered":"<p>\u00dclkemizde her alanda, yeterince ve fazla say\u0131da bas\u0131l\u0131 kaynak kitap bulunmad\u0131\u011f\u0131 bilinmektedir. Bili\u015fim teknolojisinde son y\u0131llarda meydana gelen h\u0131zl\u0131 geli\u015fmelerle beraber, ge\u00e7mi\u015fe oranla kitap yaz\u0131m\u0131nda bir miktar art\u0131\u015f g\u00f6zlenmektedir. Ancak \u00f6\u011frencilere y\u00f6nelik kaynak kitaplardaki bu art\u0131\u015f\u0131n gerekti\u011fi kadar olamay\u0131\u015f\u0131, yine bu teknolojinin ucuz fotokopi imk\u00e2nlar\u0131 sunmas\u0131ndand\u0131r. <\/p>\n","protected":false},"excerpt":{"rendered":"<p>\u00dclkemizde her alanda, yeterince ve fazla say\u0131da bas\u0131l\u0131 kaynak kitap bulunmad\u0131\u011f\u0131 bilinmektedir. Bili\u015fim teknolojisinde son y\u0131llarda meydana gelen h\u0131zl\u0131 geli\u015fmelerle beraber, ge\u00e7mi\u015fe oranla kitap yaz\u0131m\u0131nda bir<span class=\"excerpt-hellip\"> [\u2026]<\/span><\/p>\n","protected":false},"featured_media":0,"template":"","meta":{"_monsterinsights_skip_tracking":false,"_monsterinsights_sitenote_active":false,"_monsterinsights_sitenote_note":"","_monsterinsights_sitenote_category":0},"product_brand":[],"product_cat":[12573,12566],"product_tag":[],"class_list":{"0":"post-696274","1":"product","2":"type-product","3":"status-publish","5":"product_cat-akademik-kitaplar","6":"product_cat-egitim","7":"pa_cilt-ciltsiz","8":"pa_tur-kitap","9":"pa_yayinevi-gazi-kitabevi","10":"pa_yazar-cengiz-kuralay","12":"first","13":"instock","14":"sale","15":"shipping-taxable","16":"purchasable","17":"product-type-simple"},"_links":{"self":[{"href":"https:\/\/roveyayinevi.com.tr\/index.php\/wp-json\/wp\/v2\/product\/696274","targetHints":{"allow":["GET"]}}],"collection":[{"href":"https:\/\/roveyayinevi.com.tr\/index.php\/wp-json\/wp\/v2\/product"}],"about":[{"href":"https:\/\/roveyayinevi.com.tr\/index.php\/wp-json\/wp\/v2\/types\/product"}],"wp:attachment":[{"href":"https:\/\/roveyayinevi.com.tr\/index.php\/wp-json\/wp\/v2\/media?parent=696274"}],"wp:term":[{"taxonomy":"product_brand","embeddable":true,"href":"https:\/\/roveyayinevi.com.tr\/index.php\/wp-json\/wp\/v2\/product_brand?post=696274"},{"taxonomy":"product_cat","embeddable":true,"href":"https:\/\/roveyayinevi.com.tr\/index.php\/wp-json\/wp\/v2\/product_cat?post=696274"},{"taxonomy":"product_tag","embeddable":true,"href":"https:\/\/roveyayinevi.com.tr\/index.php\/wp-json\/wp\/v2\/product_tag?post=696274"}],"curies":[{"name":"wp","href":"https:\/\/api.w.org\/{rel}","templated":true}]}}