{"id":696268,"date":"2025-08-27T14:33:42","date_gmt":"2025-08-27T11:33:42","guid":{"rendered":"https:\/\/roveyayinevi.com.tr\/index.php\/urun\/alper-tunga-unutulmayan-kagan\/"},"modified":"2026-04-16T02:06:16","modified_gmt":"2026-04-15T23:06:16","slug":"alper-tunga-unutulmayan-kagan","status":"publish","type":"product","link":"https:\/\/roveyayinevi.com.tr\/index.php\/urun\/alper-tunga-unutulmayan-kagan\/","title":{"rendered":"Alper Tunga &#8211; Unutulmayan Ka\u011fan"},"content":{"rendered":"<p>Be\u015f kitaptan olu\u015fan DESTAN YAZANLAR serisi, modern ya\u015famda internet ve televizyon ekseninde kendi k\u00fclt\u00fcrel de\u011ferlerini unutma noktas\u0131na gelen \u00e7ocuk ve gen\u00e7lerimize, azim, \u00e7al\u0131\u015fkanl\u0131k, vefa, adalet, uyum, cesaret ve ho\u015fg\u00f6r\u00fc gibi de\u011ferlerle bezenmi\u015f kahramanl\u0131k \u00f6yk\u00fcleri ile alternatif rol modeller olu\u015fturuyor. Gen\u00e7ler, \u0130stanbul Kap\u0131lar\u0131?na dayanan, zindanlara d\u00fc\u015fen, k\u0131l\u0131k de\u011fi\u015ftirerek zorlu yolculuklar yapan Battal Gazi?nin Karahanl\u0131 \u00fclkesinde \u0130slamiyet?i yayarken sabr\u0131 ve cesaretiyle t\u00fcm d\u00fcnyaya \u00f6rnek olan Satuk Bu\u011fra Han?\u0131n, T\u00fcm zorluklar kar\u015f\u0131s\u0131nda \u00fclkesini savunmaktan vazge\u00e7meyen ve y\u00fczy\u0131llar boyu okunan a\u011f\u0131tlarda ismi yank\u0131lanan Alp Er Tunga?n\u0131n, \u00dcnl\u00fc K\u0131r At?\u0131yla beraber Anadolu?da haks\u0131zl\u0131klarla m\u00fccadele eden efsanevi K\u00f6ro\u011flu?nun Birbirini seven iki gencin evlili\u011fini engellemek isteyenlere, bu u\u011furda g\u00f6nderilen binlerce ki\u015filik ordulara kar\u015f\u0131 g\u00f6r\u00fclmemi\u015f bir cesaretle sava\u015fan Dani\u015fment Gazi?nin nefes kesici maceralar\u0131n\u0131 okuyacaklar\u0131 bu diziyi kolay kolay ellerinden b\u0131rakamayacaklar.<\/p>\n","protected":false},"excerpt":{"rendered":"<p>Be\u015f kitaptan olu\u015fan DESTAN YAZANLAR serisi, modern ya\u015famda internet ve televizyon ekseninde kendi k\u00fclt\u00fcrel de\u011ferlerini unutma noktas\u0131na gelen \u00e7ocuk ve gen\u00e7lerimize, azim, \u00e7al\u0131\u015fkanl\u0131k, vefa, adalet, uyum,<span class=\"excerpt-hellip\"> [\u2026]<\/span><\/p>\n","protected":false},"featured_media":0,"template":"","meta":{"_monsterinsights_skip_tracking":false,"_monsterinsights_sitenote_active":false,"_monsterinsights_sitenote_note":"","_monsterinsights_sitenote_category":0},"product_brand":[],"product_cat":[12291,12745],"product_tag":[],"class_list":{"0":"post-696268","1":"product","2":"type-product","3":"status-publish","5":"product_cat-edebiyat","6":"product_cat-tarihi-roman","7":"pa_cilt-ciltsiz","8":"pa_tur-kitap","9":"pa_yayinevi-genc-timas","10":"pa_yazar-kolektif","12":"first","13":"instock","14":"sale","15":"shipping-taxable","16":"purchasable","17":"product-type-simple"},"_links":{"self":[{"href":"https:\/\/roveyayinevi.com.tr\/index.php\/wp-json\/wp\/v2\/product\/696268","targetHints":{"allow":["GET"]}}],"collection":[{"href":"https:\/\/roveyayinevi.com.tr\/index.php\/wp-json\/wp\/v2\/product"}],"about":[{"href":"https:\/\/roveyayinevi.com.tr\/index.php\/wp-json\/wp\/v2\/types\/product"}],"wp:attachment":[{"href":"https:\/\/roveyayinevi.com.tr\/index.php\/wp-json\/wp\/v2\/media?parent=696268"}],"wp:term":[{"taxonomy":"product_brand","embeddable":true,"href":"https:\/\/roveyayinevi.com.tr\/index.php\/wp-json\/wp\/v2\/product_brand?post=696268"},{"taxonomy":"product_cat","embeddable":true,"href":"https:\/\/roveyayinevi.com.tr\/index.php\/wp-json\/wp\/v2\/product_cat?post=696268"},{"taxonomy":"product_tag","embeddable":true,"href":"https:\/\/roveyayinevi.com.tr\/index.php\/wp-json\/wp\/v2\/product_tag?post=696268"}],"curies":[{"name":"wp","href":"https:\/\/api.w.org\/{rel}","templated":true}]}}