{"id":696266,"date":"2025-08-27T14:33:42","date_gmt":"2025-08-27T11:33:42","guid":{"rendered":"https:\/\/roveyayinevi.com.tr\/index.php\/urun\/liselerde-cografya-dersi-ogretimi\/"},"modified":"2026-04-16T02:06:16","modified_gmt":"2026-04-15T23:06:16","slug":"liselerde-cografya-dersi-ogretimi","status":"publish","type":"product","link":"https:\/\/roveyayinevi.com.tr\/index.php\/urun\/liselerde-cografya-dersi-ogretimi\/","title":{"rendered":"Liselerde Co\u011frafya Dersi \u00d6\u011fretimi"},"content":{"rendered":"<p>Liselerde Co\u011frafya \u00d6\u011fretimi isimli bu ders kitab\u0131, \u00f6\u011fretimin daha da iyi ger\u00e7ekle\u015ftirilmesi amac\u0131yla haz\u0131rlanm\u0131\u015ft\u0131r. \u00c7\u00fcnk\u00fc bir dersi bilmek ve o dersi \u00f6\u011fretmek ayr\u0131 ayr\u0131 hususlard\u0131r. E\u011fer bir dersin konusuna hakim olan bir ki\u015fi o dersin \u00f6\u011fretim metodunu bilerek uygulamay\u0131 ba\u015farabilmi\u015fse dersin \u00f6\u011fretimini ger\u00e7ekle\u015ftirmi\u015f olur.Bu maksatla eserin haz\u0131rlan\u0131\u015f\u0131nda; Liselerde okutulan co\u011frafya derslerine ait konular ve bu konularla ilgili hedefler, hedeflere ait kazan\u0131mlar, \u00f6\u011frenme-\u00f6\u011fretme etkinlikleri, kullan\u0131lacak ara\u00e7 ve gere\u00e7ler, \u00f6l\u00e7me ve de\u011ferlendirmeye yer verilmi\u015ftir. <\/p>\n","protected":false},"excerpt":{"rendered":"<p>Liselerde Co\u011frafya \u00d6\u011fretimi isimli bu ders kitab\u0131, \u00f6\u011fretimin daha da iyi ger\u00e7ekle\u015ftirilmesi amac\u0131yla haz\u0131rlanm\u0131\u015ft\u0131r. \u00c7\u00fcnk\u00fc bir dersi bilmek ve o dersi \u00f6\u011fretmek ayr\u0131 ayr\u0131 hususlard\u0131r. E\u011fer<span class=\"excerpt-hellip\"> [\u2026]<\/span><\/p>\n","protected":false},"featured_media":0,"template":"","meta":{"_monsterinsights_skip_tracking":false,"_monsterinsights_sitenote_active":false,"_monsterinsights_sitenote_note":"","_monsterinsights_sitenote_category":0},"product_brand":[],"product_cat":[12573,12566],"product_tag":[],"class_list":{"0":"post-696266","1":"product","2":"type-product","3":"status-publish","5":"product_cat-akademik-kitaplar","6":"product_cat-egitim","7":"pa_cilt-ciltsiz","8":"pa_tur-kitap","9":"pa_yayinevi-gazi-kitabevi","10":"pa_yazar-ersin-gungordu","12":"first","13":"instock","14":"sale","15":"shipping-taxable","16":"purchasable","17":"product-type-simple"},"_links":{"self":[{"href":"https:\/\/roveyayinevi.com.tr\/index.php\/wp-json\/wp\/v2\/product\/696266","targetHints":{"allow":["GET"]}}],"collection":[{"href":"https:\/\/roveyayinevi.com.tr\/index.php\/wp-json\/wp\/v2\/product"}],"about":[{"href":"https:\/\/roveyayinevi.com.tr\/index.php\/wp-json\/wp\/v2\/types\/product"}],"wp:attachment":[{"href":"https:\/\/roveyayinevi.com.tr\/index.php\/wp-json\/wp\/v2\/media?parent=696266"}],"wp:term":[{"taxonomy":"product_brand","embeddable":true,"href":"https:\/\/roveyayinevi.com.tr\/index.php\/wp-json\/wp\/v2\/product_brand?post=696266"},{"taxonomy":"product_cat","embeddable":true,"href":"https:\/\/roveyayinevi.com.tr\/index.php\/wp-json\/wp\/v2\/product_cat?post=696266"},{"taxonomy":"product_tag","embeddable":true,"href":"https:\/\/roveyayinevi.com.tr\/index.php\/wp-json\/wp\/v2\/product_tag?post=696266"}],"curies":[{"name":"wp","href":"https:\/\/api.w.org\/{rel}","templated":true}]}}