{"id":696265,"date":"2025-08-27T14:33:41","date_gmt":"2025-08-27T11:33:41","guid":{"rendered":"https:\/\/roveyayinevi.com.tr\/index.php\/urun\/koordinasyon-kimyasi\/"},"modified":"2026-04-16T02:06:15","modified_gmt":"2026-04-15T23:06:15","slug":"koordinasyon-kimyasi","status":"publish","type":"product","link":"https:\/\/roveyayinevi.com.tr\/index.php\/urun\/koordinasyon-kimyasi\/","title":{"rendered":"Koordinasyon Kimyas\u0131"},"content":{"rendered":"<p>Koordinasyon kimyas\u0131, b\u00fct\u00fcn kimya bilim dallar\u0131n\u0131n kesim noktas\u0131nda bulunan bir dald\u0131r. Geli\u015fmesi \u00e7o\u011fu zaman bu bilim dallar\u0131n\u0131n birlikte geli\u015fmesine ba\u011f\u0131ml\u0131 kalm\u0131\u015f ve gecikmi\u015ftir. Ayr\u0131ca ge\u00e7en asr\u0131n bir \u00fcr\u00fcn\u00fc olan Valans Teorisi de, bu bilim dal\u0131n\u0131n ge\u00e7 geli\u015fmesinin bir ba\u015fka nedeni olmu\u015ftur. <\/p>\n","protected":false},"excerpt":{"rendered":"<p>Koordinasyon kimyas\u0131, b\u00fct\u00fcn kimya bilim dallar\u0131n\u0131n kesim noktas\u0131nda bulunan bir dald\u0131r. Geli\u015fmesi \u00e7o\u011fu zaman bu bilim dallar\u0131n\u0131n birlikte geli\u015fmesine ba\u011f\u0131ml\u0131 kalm\u0131\u015f ve gecikmi\u015ftir. Ayr\u0131ca ge\u00e7en asr\u0131n<span class=\"excerpt-hellip\"> [\u2026]<\/span><\/p>\n","protected":false},"featured_media":0,"template":"","meta":{"_monsterinsights_skip_tracking":false,"_monsterinsights_sitenote_active":false,"_monsterinsights_sitenote_note":"","_monsterinsights_sitenote_category":0},"product_brand":[],"product_cat":[12573,12566],"product_tag":[],"class_list":{"0":"post-696265","1":"product","2":"type-product","3":"status-publish","5":"product_cat-akademik-kitaplar","6":"product_cat-egitim","7":"pa_cilt-ciltsiz","8":"pa_tur-kitap","9":"pa_yayinevi-gazi-kitabevi","10":"pa_yazar-turgut-gunduz","12":"first","13":"instock","14":"sale","15":"shipping-taxable","16":"purchasable","17":"product-type-simple"},"_links":{"self":[{"href":"https:\/\/roveyayinevi.com.tr\/index.php\/wp-json\/wp\/v2\/product\/696265","targetHints":{"allow":["GET"]}}],"collection":[{"href":"https:\/\/roveyayinevi.com.tr\/index.php\/wp-json\/wp\/v2\/product"}],"about":[{"href":"https:\/\/roveyayinevi.com.tr\/index.php\/wp-json\/wp\/v2\/types\/product"}],"wp:attachment":[{"href":"https:\/\/roveyayinevi.com.tr\/index.php\/wp-json\/wp\/v2\/media?parent=696265"}],"wp:term":[{"taxonomy":"product_brand","embeddable":true,"href":"https:\/\/roveyayinevi.com.tr\/index.php\/wp-json\/wp\/v2\/product_brand?post=696265"},{"taxonomy":"product_cat","embeddable":true,"href":"https:\/\/roveyayinevi.com.tr\/index.php\/wp-json\/wp\/v2\/product_cat?post=696265"},{"taxonomy":"product_tag","embeddable":true,"href":"https:\/\/roveyayinevi.com.tr\/index.php\/wp-json\/wp\/v2\/product_tag?post=696265"}],"curies":[{"name":"wp","href":"https:\/\/api.w.org\/{rel}","templated":true}]}}