{"id":696264,"date":"2025-08-27T14:33:41","date_gmt":"2025-08-27T11:33:41","guid":{"rendered":"https:\/\/roveyayinevi.com.tr\/index.php\/urun\/kantitatif-analiz-ders-kitabi\/"},"modified":"2026-04-16T02:06:15","modified_gmt":"2026-04-15T23:06:15","slug":"kantitatif-analiz-ders-kitabi","status":"publish","type":"product","link":"https:\/\/roveyayinevi.com.tr\/index.php\/urun\/kantitatif-analiz-ders-kitabi\/","title":{"rendered":"Kantitatif Analiz Ders Kitab\u0131"},"content":{"rendered":"<p>Kantitatif analiz Analitik Kimyan\u0131n iki ana dal\u0131ndan biridir. \u00d6teki ana dal kalitatif analizdir. \u0130nstr\u00fcmental analiz eskiden kantitatif analiz dal\u0131n\u0131n i\u00e7inde bir ka\u00e7 b\u00f6l\u00fcm halinde yer al\u0131rd\u0131 ve o zamanlar instr\u00fcmental analiz deyimi kullan\u0131lmazd\u0131. \u0130nstr\u00fcmental analiz deyimi 1950li y\u0131llardan sonra, aletle yap\u0131lan analiz say\u0131lar\u0131n\u0131n artmas\u0131 sonucu ortaya \u00e7\u0131kt\u0131. \u00d6yleki, aletle yap\u0131lan analizler kantitatif analiz kitaplar\u0131 \u00e7er\u00e7evesine s\u0131\u011fmaz bir hale geldi ve bunun sonucu da yeni bir disiplin olarak kantitatif analizden ayr\u0131ld\u0131. \ufffcTan\u0131t\u0131m Metni<\/p>\n","protected":false},"excerpt":{"rendered":"<p>Kantitatif analiz Analitik Kimyan\u0131n iki ana dal\u0131ndan biridir. \u00d6teki ana dal kalitatif analizdir. \u0130nstr\u00fcmental analiz eskiden kantitatif analiz dal\u0131n\u0131n i\u00e7inde bir ka\u00e7 b\u00f6l\u00fcm halinde yer al\u0131rd\u0131<span class=\"excerpt-hellip\"> [\u2026]<\/span><\/p>\n","protected":false},"featured_media":0,"template":"","meta":{"_monsterinsights_skip_tracking":false,"_monsterinsights_sitenote_active":false,"_monsterinsights_sitenote_note":"","_monsterinsights_sitenote_category":0},"product_brand":[],"product_cat":[12573,12566],"product_tag":[],"class_list":{"0":"post-696264","1":"product","2":"type-product","3":"status-publish","5":"product_cat-akademik-kitaplar","6":"product_cat-egitim","7":"pa_cilt-ciltsiz","8":"pa_tur-kitap","9":"pa_yayinevi-gazi-kitabevi","10":"pa_yazar-turgut-gunduz","12":"first","13":"instock","14":"sale","15":"shipping-taxable","16":"purchasable","17":"product-type-simple"},"_links":{"self":[{"href":"https:\/\/roveyayinevi.com.tr\/index.php\/wp-json\/wp\/v2\/product\/696264","targetHints":{"allow":["GET"]}}],"collection":[{"href":"https:\/\/roveyayinevi.com.tr\/index.php\/wp-json\/wp\/v2\/product"}],"about":[{"href":"https:\/\/roveyayinevi.com.tr\/index.php\/wp-json\/wp\/v2\/types\/product"}],"wp:attachment":[{"href":"https:\/\/roveyayinevi.com.tr\/index.php\/wp-json\/wp\/v2\/media?parent=696264"}],"wp:term":[{"taxonomy":"product_brand","embeddable":true,"href":"https:\/\/roveyayinevi.com.tr\/index.php\/wp-json\/wp\/v2\/product_brand?post=696264"},{"taxonomy":"product_cat","embeddable":true,"href":"https:\/\/roveyayinevi.com.tr\/index.php\/wp-json\/wp\/v2\/product_cat?post=696264"},{"taxonomy":"product_tag","embeddable":true,"href":"https:\/\/roveyayinevi.com.tr\/index.php\/wp-json\/wp\/v2\/product_tag?post=696264"}],"curies":[{"name":"wp","href":"https:\/\/api.w.org\/{rel}","templated":true}]}}