{"id":696261,"date":"2025-08-27T14:33:40","date_gmt":"2025-08-27T11:33:40","guid":{"rendered":"https:\/\/roveyayinevi.com.tr\/index.php\/urun\/denetim-ve-raporlama\/"},"modified":"2026-04-16T02:06:15","modified_gmt":"2026-04-15T23:06:15","slug":"denetim-ve-raporlama","status":"publish","type":"product","link":"https:\/\/roveyayinevi.com.tr\/index.php\/urun\/denetim-ve-raporlama\/","title":{"rendered":"Denetim ve Raporlama"},"content":{"rendered":"<p>SM-SMMM-YMM S\u0131navlar\u0131 i\u00e7in \u00d6rnek \u00c7\u00f6z\u00fcml\u00fc ProblemlerUygulamadan \u00d6rneklerle Muhasebe ProblemleriTekd\u00fczen Muhasebe SistemiT\u00fcrkiye Muhasebe Satndartlar\u0131Uluslararas\u0131 Denetim Standartlar\u0131(\u0130\u00e7 Kapak)Denetim fonksiyonu belirli bir tekni\u011fi ve deneyimi gerektirir. Bu teknik iyi kavranamad\u0131\u011f\u0131 taktirde bunun olumsuz etkisinden s\u00f6z edilebilir. \u0130yi bir denetim; \u00e7er\u00e7evesi ve uygunluklar\u0131 iyi belirlenmi\u015f bir ortamda yap\u0131lan denetimdir. Ayr\u0131ca, objektif ve \u015feffaf olan bir denetimdir.\u00dcniversite e\u011fitimi alanlara ve \u00fcniversite sonras\u0131 mesleki s\u0131navlara girecek olanlara, konular\u0131n, bir\u00e7ok mesleki s\u0131navlar da g\u00f6z\u00f6n\u00fcnde tutularak, \u00c7\u00f6z\u00fcml\u00fc \u00f6rnekler ile uygulamada g\u00f6r\u00fclen sorunlar\u0131n Tekd\u00fczen Muhasebe Sistemi&#8217;ne uygun olarak soru-yan\u0131t \u015feklinde incelendi\u011fi \u00e7al\u0131\u015fma y\u00f6ntemlerini de i\u00e7eren bilimsel bir eser olu\u015fturulmas\u0131na \u00f6zen g\u00f6sterilmi\u015ftir. <\/p>\n","protected":false},"excerpt":{"rendered":"<p>SM-SMMM-YMM S\u0131navlar\u0131 i\u00e7in \u00d6rnek \u00c7\u00f6z\u00fcml\u00fc ProblemlerUygulamadan \u00d6rneklerle Muhasebe ProblemleriTekd\u00fczen Muhasebe SistemiT\u00fcrkiye Muhasebe Satndartlar\u0131Uluslararas\u0131 Denetim Standartlar\u0131(\u0130\u00e7 Kapak)Denetim fonksiyonu belirli bir tekni\u011fi ve deneyimi gerektirir. Bu teknik iyi<span class=\"excerpt-hellip\"> [\u2026]<\/span><\/p>\n","protected":false},"featured_media":0,"template":"","meta":{"_monsterinsights_skip_tracking":false,"_monsterinsights_sitenote_active":false,"_monsterinsights_sitenote_note":"","_monsterinsights_sitenote_category":0},"product_brand":[],"product_cat":[12573,12566],"product_tag":[],"class_list":{"0":"post-696261","1":"product","2":"type-product","3":"status-publish","5":"product_cat-akademik-kitaplar","6":"product_cat-egitim","7":"pa_cilt-ciltsiz","8":"pa_tur-kitap","9":"pa_yayinevi-gazi-kitabevi","10":"pa_yazar-yurdakul-caldag","12":"first","13":"instock","14":"sale","15":"shipping-taxable","16":"purchasable","17":"product-type-simple"},"_links":{"self":[{"href":"https:\/\/roveyayinevi.com.tr\/index.php\/wp-json\/wp\/v2\/product\/696261","targetHints":{"allow":["GET"]}}],"collection":[{"href":"https:\/\/roveyayinevi.com.tr\/index.php\/wp-json\/wp\/v2\/product"}],"about":[{"href":"https:\/\/roveyayinevi.com.tr\/index.php\/wp-json\/wp\/v2\/types\/product"}],"wp:attachment":[{"href":"https:\/\/roveyayinevi.com.tr\/index.php\/wp-json\/wp\/v2\/media?parent=696261"}],"wp:term":[{"taxonomy":"product_brand","embeddable":true,"href":"https:\/\/roveyayinevi.com.tr\/index.php\/wp-json\/wp\/v2\/product_brand?post=696261"},{"taxonomy":"product_cat","embeddable":true,"href":"https:\/\/roveyayinevi.com.tr\/index.php\/wp-json\/wp\/v2\/product_cat?post=696261"},{"taxonomy":"product_tag","embeddable":true,"href":"https:\/\/roveyayinevi.com.tr\/index.php\/wp-json\/wp\/v2\/product_tag?post=696261"}],"curies":[{"name":"wp","href":"https:\/\/api.w.org\/{rel}","templated":true}]}}