{"id":696257,"date":"2025-08-27T14:33:39","date_gmt":"2025-08-27T11:33:39","guid":{"rendered":"https:\/\/roveyayinevi.com.tr\/index.php\/urun\/canakkale-bogazi-fiziki-cografyasi\/"},"modified":"2026-04-16T02:06:15","modified_gmt":"2026-04-15T23:06:15","slug":"canakkale-bogazi-fiziki-cografyasi","status":"publish","type":"product","link":"https:\/\/roveyayinevi.com.tr\/index.php\/urun\/canakkale-bogazi-fiziki-cografyasi\/","title":{"rendered":"\u00c7anakkale Bo\u011faz\u0131 Fiziki Co\u011frafyas\u0131"},"content":{"rendered":"<p>\u0130\u00e7indekiler\u00c7anakkale Bo\u011faz\u0131 Olu\u015fumu ve Yap\u0131s\u0131\u00c7anakkale Bo\u011faz\u0131 Depremselli\u011fi\u00c7anakkale Bo\u011faz\u0131&#8217;n\u0131n Speleolojisi\u00c7anakkale Bo\u011faz\u0131&#8217;n\u0131n Oseonografik \u00d6zellikleri\u00c7anakkale Bo\u011faz\u0131 Hidrografik \u00d6zellikleri\u00c7anakkale Bo\u011faz\u0131 \u0130klim \u00d6zellikleri\u00c7anakkale Bo\u011faz\u0131 Ekosisteminin Edafik \u00d6zellikleri\u00c7anakkale Bo\u011faz\u0131 Ekosisteminin Vejetatif \u00d6zellikleri\u00c7anakkale Bo\u011faz Ekosistemi Fauna \u00d6zellikleri Kirlilik ve Olumsuz \u00d6zellikler <\/p>\n","protected":false},"excerpt":{"rendered":"<p>\u0130\u00e7indekiler\u00c7anakkale Bo\u011faz\u0131 Olu\u015fumu ve Yap\u0131s\u0131\u00c7anakkale Bo\u011faz\u0131 Depremselli\u011fi\u00c7anakkale Bo\u011faz\u0131&#8217;n\u0131n Speleolojisi\u00c7anakkale Bo\u011faz\u0131&#8217;n\u0131n Oseonografik \u00d6zellikleri\u00c7anakkale Bo\u011faz\u0131 Hidrografik \u00d6zellikleri\u00c7anakkale Bo\u011faz\u0131 \u0130klim \u00d6zellikleri\u00c7anakkale Bo\u011faz\u0131 Ekosisteminin Edafik \u00d6zellikleri\u00c7anakkale Bo\u011faz\u0131 Ekosisteminin Vejetatif \u00d6zellikleri\u00c7anakkale<span class=\"excerpt-hellip\"> [\u2026]<\/span><\/p>\n","protected":false},"featured_media":0,"template":"","meta":{"_monsterinsights_skip_tracking":false,"_monsterinsights_sitenote_active":false,"_monsterinsights_sitenote_note":"","_monsterinsights_sitenote_category":0},"product_brand":[],"product_cat":[12573,12566],"product_tag":[],"class_list":{"0":"post-696257","1":"product","2":"type-product","3":"status-publish","5":"product_cat-akademik-kitaplar","6":"product_cat-egitim","7":"pa_cilt-ciltsiz","8":"pa_tur-kitap","9":"pa_yayinevi-gazi-kitabevi","10":"pa_yazar-rustu-ilgar","12":"first","13":"instock","14":"sale","15":"shipping-taxable","16":"purchasable","17":"product-type-simple"},"_links":{"self":[{"href":"https:\/\/roveyayinevi.com.tr\/index.php\/wp-json\/wp\/v2\/product\/696257","targetHints":{"allow":["GET"]}}],"collection":[{"href":"https:\/\/roveyayinevi.com.tr\/index.php\/wp-json\/wp\/v2\/product"}],"about":[{"href":"https:\/\/roveyayinevi.com.tr\/index.php\/wp-json\/wp\/v2\/types\/product"}],"wp:attachment":[{"href":"https:\/\/roveyayinevi.com.tr\/index.php\/wp-json\/wp\/v2\/media?parent=696257"}],"wp:term":[{"taxonomy":"product_brand","embeddable":true,"href":"https:\/\/roveyayinevi.com.tr\/index.php\/wp-json\/wp\/v2\/product_brand?post=696257"},{"taxonomy":"product_cat","embeddable":true,"href":"https:\/\/roveyayinevi.com.tr\/index.php\/wp-json\/wp\/v2\/product_cat?post=696257"},{"taxonomy":"product_tag","embeddable":true,"href":"https:\/\/roveyayinevi.com.tr\/index.php\/wp-json\/wp\/v2\/product_tag?post=696257"}],"curies":[{"name":"wp","href":"https:\/\/api.w.org\/{rel}","templated":true}]}}