{"id":696256,"date":"2025-08-27T14:33:39","date_gmt":"2025-08-27T11:33:39","guid":{"rendered":"https:\/\/roveyayinevi.com.tr\/index.php\/urun\/cografya-dersi-ogretim-programi\/"},"modified":"2026-04-16T02:06:15","modified_gmt":"2026-04-15T23:06:15","slug":"cografya-dersi-ogretim-programi","status":"publish","type":"product","link":"https:\/\/roveyayinevi.com.tr\/index.php\/urun\/cografya-dersi-ogretim-programi\/","title":{"rendered":"Co\u011frafya Dersi \u00d6\u011fretim Program\u0131"},"content":{"rendered":"<p>Milli E\u011fitim Bakanl\u0131\u011f\u0131 Talim ve Terbiye Kurulu Ba\u015fkanl\u0131\u011f\u0131 taraf\u0131ndan 2002 y\u0131l\u0131nda program geli\u015ftirme \u00e7al\u0131\u015fmalar\u0131 ba\u015flat\u0131lm\u0131\u015ft\u0131r. Bu \u00e7al\u0131\u015fmalar \u00f6ncelikli olarak Orta\u00f6\u011fretim d\u00fczeyinde ba\u015flam\u0131\u015f ve kademeli olarak Orta\u00f6\u011fretim d\u00fczeyinde de programlar\u0131n geli\u015ftirilmesi ama\u00e7lanm\u0131\u015ft\u0131r.Bilindi\u011fi gibi program geli\u015ftirme hem dinamik hem de s\u00fcreklilik gerektiren bir s\u00fcre\u00e7tir. Ancak uzun y\u0131llar T\u00fcrkiye&#8217;de program geli\u015ftirme i\u015fi b\u00fct\u00fcnsel olmaktan \u00e7ok, baz\u0131 derslerin konular\u0131n\u0131 art\u0131rma veya azaltma gibi baz\u0131 k\u00fc\u00e7\u00fck de\u011fi\u015fimleri yans\u0131tan \u00e7al\u0131\u015fmalar \u015feklinde olmu\u015ftur. Bu a\u00e7\u0131dan TTKB&#8217;n\u0131n 2002 y\u0131l\u0131nda ba\u015flatt\u0131\u011f\u0131 program geli\u015ftirme \u00e7al\u0131\u015fmalar\u0131 b\u00fct\u00fcnsel ve yeni bilgi, teknik ve metotlar\u0131 da i\u00e7eren geni\u015f \u00e7apl\u0131 bir program geli\u015ftirme s\u00fcrecidir.Co\u011frafya program\u0131ndaki k\u00f6kl\u00fc de\u011fi\u015fiklikler \u00f6\u011fretmenler ve co\u011frafya \u00f6\u011fretmeni adaylar\u0131n\u0131n bilgilendirilmesini zorunlu k\u0131lmaktad\u0131r. Bu ama\u00e7la, Co\u011frafya Dersi \u00d6\u011fretim Program\u0131 adl\u0131 bu kitap \u00f6\u011fretmenlere ve \u00f6\u011fretmen adaylar\u0131na yard\u0131mc\u0131 olmak \u00fczere \u00e7\u0131kar\u0131lm\u0131\u015ft\u0131r. <\/p>\n","protected":false},"excerpt":{"rendered":"<p>Milli E\u011fitim Bakanl\u0131\u011f\u0131 Talim ve Terbiye Kurulu Ba\u015fkanl\u0131\u011f\u0131 taraf\u0131ndan 2002 y\u0131l\u0131nda program geli\u015ftirme \u00e7al\u0131\u015fmalar\u0131 ba\u015flat\u0131lm\u0131\u015ft\u0131r. Bu \u00e7al\u0131\u015fmalar \u00f6ncelikli olarak Orta\u00f6\u011fretim d\u00fczeyinde ba\u015flam\u0131\u015f ve kademeli olarak Orta\u00f6\u011fretim<span class=\"excerpt-hellip\"> [\u2026]<\/span><\/p>\n","protected":false},"featured_media":0,"template":"","meta":{"_monsterinsights_skip_tracking":false,"_monsterinsights_sitenote_active":false,"_monsterinsights_sitenote_note":"","_monsterinsights_sitenote_category":0},"product_brand":[],"product_cat":[12573,12566],"product_tag":[],"class_list":{"0":"post-696256","1":"product","2":"type-product","3":"status-publish","5":"product_cat-akademik-kitaplar","6":"product_cat-egitim","7":"pa_cilt-ciltsiz","8":"pa_tur-kitap","9":"pa_yayinevi-gazi-kitabevi","10":"pa_yazar-komisyon","12":"first","13":"instock","14":"sale","15":"shipping-taxable","16":"purchasable","17":"product-type-simple"},"_links":{"self":[{"href":"https:\/\/roveyayinevi.com.tr\/index.php\/wp-json\/wp\/v2\/product\/696256","targetHints":{"allow":["GET"]}}],"collection":[{"href":"https:\/\/roveyayinevi.com.tr\/index.php\/wp-json\/wp\/v2\/product"}],"about":[{"href":"https:\/\/roveyayinevi.com.tr\/index.php\/wp-json\/wp\/v2\/types\/product"}],"wp:attachment":[{"href":"https:\/\/roveyayinevi.com.tr\/index.php\/wp-json\/wp\/v2\/media?parent=696256"}],"wp:term":[{"taxonomy":"product_brand","embeddable":true,"href":"https:\/\/roveyayinevi.com.tr\/index.php\/wp-json\/wp\/v2\/product_brand?post=696256"},{"taxonomy":"product_cat","embeddable":true,"href":"https:\/\/roveyayinevi.com.tr\/index.php\/wp-json\/wp\/v2\/product_cat?post=696256"},{"taxonomy":"product_tag","embeddable":true,"href":"https:\/\/roveyayinevi.com.tr\/index.php\/wp-json\/wp\/v2\/product_tag?post=696256"}],"curies":[{"name":"wp","href":"https:\/\/api.w.org\/{rel}","templated":true}]}}