{"id":696255,"date":"2025-08-27T14:33:38","date_gmt":"2025-08-27T11:33:38","guid":{"rendered":"https:\/\/roveyayinevi.com.tr\/index.php\/urun\/autocad-ile-cizim-ve-modelleme\/"},"modified":"2026-04-16T02:06:15","modified_gmt":"2026-04-15T23:06:15","slug":"autocad-ile-cizim-ve-modelleme","status":"publish","type":"product","link":"https:\/\/roveyayinevi.com.tr\/index.php\/urun\/autocad-ile-cizim-ve-modelleme\/","title":{"rendered":"AutoCAD ile \u00c7izim ve Modelleme"},"content":{"rendered":"<p>Ya\u015famakta oldu\u011fumuz bilgi \u00e7a\u011f\u0131nda, makine, in\u015faat ,mimarl\u0131k, mobilya-dekorasyon, end\u00fcstriyel \u00fcr\u00fcn tasar\u0131m\u0131 vb. alanlarda; tasar\u0131m \u00e7izim imalat modelleme gibi faaliyetlerin t\u00fcm\u00fc , bilgisayar programlar\u0131 vas\u0131tas\u0131yla yap\u0131lmaktad\u0131r. Bunlar her ge\u00e7en g\u00fcn \u00e7e\u015fitlenmekte ve g\u00fcn\u00fcm\u00fcz ihtiya\u00e7lar\u0131na g\u00f6re geli\u015ftirilmektedir. Bu yaz\u0131l\u0131mlardan bir taneside AutoCAD programd\u0131r. <\/p>\n","protected":false},"excerpt":{"rendered":"<p>Ya\u015famakta oldu\u011fumuz bilgi \u00e7a\u011f\u0131nda, makine, in\u015faat ,mimarl\u0131k, mobilya-dekorasyon, end\u00fcstriyel \u00fcr\u00fcn tasar\u0131m\u0131 vb. alanlarda; tasar\u0131m \u00e7izim imalat modelleme gibi faaliyetlerin t\u00fcm\u00fc , bilgisayar programlar\u0131 vas\u0131tas\u0131yla yap\u0131lmaktad\u0131r. Bunlar<span class=\"excerpt-hellip\"> [\u2026]<\/span><\/p>\n","protected":false},"featured_media":0,"template":"","meta":{"_monsterinsights_skip_tracking":false,"_monsterinsights_sitenote_active":false,"_monsterinsights_sitenote_note":"","_monsterinsights_sitenote_category":0},"product_brand":[],"product_cat":[12573,12566],"product_tag":[],"class_list":{"0":"post-696255","1":"product","2":"type-product","3":"status-publish","5":"product_cat-akademik-kitaplar","6":"product_cat-egitim","7":"pa_cilt-ciltsiz","8":"pa_tur-kitap","9":"pa_yayinevi-gazi-kitabevi","10":"pa_yazar-ihsan-toktas","12":"first","13":"instock","14":"sale","15":"shipping-taxable","16":"purchasable","17":"product-type-simple"},"_links":{"self":[{"href":"https:\/\/roveyayinevi.com.tr\/index.php\/wp-json\/wp\/v2\/product\/696255","targetHints":{"allow":["GET"]}}],"collection":[{"href":"https:\/\/roveyayinevi.com.tr\/index.php\/wp-json\/wp\/v2\/product"}],"about":[{"href":"https:\/\/roveyayinevi.com.tr\/index.php\/wp-json\/wp\/v2\/types\/product"}],"wp:attachment":[{"href":"https:\/\/roveyayinevi.com.tr\/index.php\/wp-json\/wp\/v2\/media?parent=696255"}],"wp:term":[{"taxonomy":"product_brand","embeddable":true,"href":"https:\/\/roveyayinevi.com.tr\/index.php\/wp-json\/wp\/v2\/product_brand?post=696255"},{"taxonomy":"product_cat","embeddable":true,"href":"https:\/\/roveyayinevi.com.tr\/index.php\/wp-json\/wp\/v2\/product_cat?post=696255"},{"taxonomy":"product_tag","embeddable":true,"href":"https:\/\/roveyayinevi.com.tr\/index.php\/wp-json\/wp\/v2\/product_tag?post=696255"}],"curies":[{"name":"wp","href":"https:\/\/api.w.org\/{rel}","templated":true}]}}