{"id":696254,"date":"2025-08-27T14:33:38","date_gmt":"2025-08-27T11:33:38","guid":{"rendered":"https:\/\/roveyayinevi.com.tr\/index.php\/urun\/agacisleri-teknik-resmi\/"},"modified":"2026-04-16T02:06:15","modified_gmt":"2026-04-15T23:06:15","slug":"agacisleri-teknik-resmi","status":"publish","type":"product","link":"https:\/\/roveyayinevi.com.tr\/index.php\/urun\/agacisleri-teknik-resmi\/","title":{"rendered":"A\u011fa\u00e7i\u015fleri Teknik Resmi"},"content":{"rendered":"<p>&#8220;A\u011fa\u00e7i\u015fleri Teknik Resmi&#8221; kitab\u0131, Gazi \u00dcniversitesi End\u00fcstriyel Sanatlar E\u011fitim Fak\u00fcltesi Teknoloji B\u00f6l\u00fcm\u00fc, Teknik E\u011fitim Fak\u00fcltesi Mobilya ve Dekorasyon E\u011fitimi B\u00f6l\u00fcm\u00fc, a\u011fa\u00e7i\u015flerine y\u00f6nelik e\u011fitim veren M\u00fchendislik ve Meslek Y\u00fcksek Okullar\u0131 i\u00e7in yard\u0131mc\u0131 ders kitab\u0131 olarak haz\u0131rlanm\u0131\u015ft\u0131r.Bu kitap; &#8220;teknik resimde kullan\u0131lan ara\u00e7 ve gere\u00e7ler, standart yaz\u0131, \u00f6l\u00e7ek ve \u00e7izgiler, geometrik \u00e7izimler, tasar\u0131 geometri, kesit g\u00f6r\u00fcn\u00fc\u015fler, perspektif, \u00f6l\u00e7\u00fclendirme, birle\u015ftirme teknikleri ve \u00f6rnek proje \u00e7izimleri&#8221; olmak \u00fczere 9 ana b\u00f6l\u00fcmden olu\u015fmaktad\u0131r. Ek olarak, a\u011fa\u00e7i\u015flerine ili\u015fkin T\u00fcrk Standartlar\u0131 (TS) ve A\u011fa\u00e7i\u015fleri Terimleri S\u00f6zl\u00fc\u011f\u00fc`ne yer verilmi\u015ftir. <\/p>\n","protected":false},"excerpt":{"rendered":"<p>&#8220;A\u011fa\u00e7i\u015fleri Teknik Resmi&#8221; kitab\u0131, Gazi \u00dcniversitesi End\u00fcstriyel Sanatlar E\u011fitim Fak\u00fcltesi Teknoloji B\u00f6l\u00fcm\u00fc, Teknik E\u011fitim Fak\u00fcltesi Mobilya ve Dekorasyon E\u011fitimi B\u00f6l\u00fcm\u00fc, a\u011fa\u00e7i\u015flerine y\u00f6nelik e\u011fitim veren M\u00fchendislik ve<span class=\"excerpt-hellip\"> [\u2026]<\/span><\/p>\n","protected":false},"featured_media":0,"template":"","meta":{"_monsterinsights_skip_tracking":false,"_monsterinsights_sitenote_active":false,"_monsterinsights_sitenote_note":"","_monsterinsights_sitenote_category":0},"product_brand":[],"product_cat":[12573,12566],"product_tag":[],"class_list":{"0":"post-696254","1":"product","2":"type-product","3":"status-publish","5":"product_cat-akademik-kitaplar","6":"product_cat-egitim","7":"pa_cilt-ciltsiz","8":"pa_tur-kitap","9":"pa_yayinevi-gazi-kitabevi","10":"pa_yazar-hakan-keskin","12":"first","13":"instock","14":"sale","15":"shipping-taxable","16":"purchasable","17":"product-type-simple"},"_links":{"self":[{"href":"https:\/\/roveyayinevi.com.tr\/index.php\/wp-json\/wp\/v2\/product\/696254","targetHints":{"allow":["GET"]}}],"collection":[{"href":"https:\/\/roveyayinevi.com.tr\/index.php\/wp-json\/wp\/v2\/product"}],"about":[{"href":"https:\/\/roveyayinevi.com.tr\/index.php\/wp-json\/wp\/v2\/types\/product"}],"wp:attachment":[{"href":"https:\/\/roveyayinevi.com.tr\/index.php\/wp-json\/wp\/v2\/media?parent=696254"}],"wp:term":[{"taxonomy":"product_brand","embeddable":true,"href":"https:\/\/roveyayinevi.com.tr\/index.php\/wp-json\/wp\/v2\/product_brand?post=696254"},{"taxonomy":"product_cat","embeddable":true,"href":"https:\/\/roveyayinevi.com.tr\/index.php\/wp-json\/wp\/v2\/product_cat?post=696254"},{"taxonomy":"product_tag","embeddable":true,"href":"https:\/\/roveyayinevi.com.tr\/index.php\/wp-json\/wp\/v2\/product_tag?post=696254"}],"curies":[{"name":"wp","href":"https:\/\/api.w.org\/{rel}","templated":true}]}}