{"id":696253,"date":"2025-08-27T14:33:38","date_gmt":"2025-08-27T11:33:38","guid":{"rendered":"https:\/\/roveyayinevi.com.tr\/index.php\/urun\/afyonkarahisar-merkez-agzi\/"},"modified":"2026-04-16T02:06:15","modified_gmt":"2026-04-15T23:06:15","slug":"afyonkarahisar-merkez-agzi","status":"publish","type":"product","link":"https:\/\/roveyayinevi.com.tr\/index.php\/urun\/afyonkarahisar-merkez-agzi\/","title":{"rendered":"Afyonkarahisar Merkez A\u011fz\u0131"},"content":{"rendered":"<p>Son y\u0131llarda, \u00fclkemizde \u00fcniversitelerin \u00e7o\u011falmas\u0131na paralel olarak bilimsel \u00e7al\u0131\u015fmalarda b\u00fcy\u00fck bir hareketlilik ya\u015fan\u0131yor. Hemen her bilim alan\u0131ndaki bu olumlu geli\u015fmeler, milli k\u00fclt\u00fcr\u00fcm\u00fcz\u00fcn de\u011fi\u015fmez ve en temel \u00f6\u011felerinden biri olan T\u00fcrk Dili \u00fczerinde yap\u0131lan \u00e7al\u0131\u015fmalarda da g\u00f6r\u00fclmektedir. Burada say\u0131lar\u0131 sekseni bulan \u00fcniversiteler ve \u00f6zellikle T\u00fcrk Dili Kurumu&#8217;nun \u00e7abalar\u0131n\u0131 belirtmekte fayda var.T\u00fcrkiye&#8217;de y\u00fcz y\u0131l\u0131 a\u015fk\u0131n bir mazisi olan a\u011f\u0131z ara\u015ft\u0131rmalar\u0131, yukar\u0131da s\u00f6z\u00fcn\u00fc etti\u011fimiz s\u00fcre\u00e7 i\u00e7inde giderek yeni bir ivme kazanm\u0131\u015ft\u0131r, hem nitelik hem de nicelik a\u00e7\u0131s\u0131ndan milli k\u00fclt\u00fcr\u00fcm\u00fcze \u00f6nemli katk\u0131lar sa\u011flayan bu \u00e7al\u0131\u015fmalar\u0131 heyecanla ve takdirle kar\u015f\u0131l\u0131yoruz.A\u011f\u0131zlar\u0131n derlenip bir an evvel bilimsel metotlarla yaz\u0131ya ge\u00e7irilmesi iki a\u00e7\u0131dan \u00f6nemlidir. Birincisi; dil tarihimiz a\u00e7\u0131s\u0131ndan yerel a\u011f\u0131zlar\u0131n ses bilgisi ve \u015fekil bilgisine dayal\u0131 olarak karakterlerinin tespit edilmesi. \u0130kincisi ise, derlemeler yoluyla y\u00f6renin halk bilimi \u00f6\u011frelerinin (d\u00fc\u011f\u00fcnler, ramazanlar, maniler vs.) ortaya \u00e7\u0131kar\u0131l\u0131p yaz\u0131ya ge\u00e7irilmesidir.Afyonkarahisar merkez a\u011fz\u0131 \u00fczerinde \u00e7al\u0131\u015fmaya karar vermeme, hocam Prof. Dr. G\u00fcrer G\u00fclsevin&#8217;in, \u00fcniversitemiz Ara\u015ft\u0131rma Fonu&#8217;na takdim etti\u011fi &#8220;U\u015fak \u0130li A\u011f\u0131zlar\u0131&#8221; adl\u0131 \u00e7al\u0131\u015fmas\u0131n\u0131n b\u00fcy\u00fck etkisi olmu\u015ftur. Kendisine &#8220;Afyonkarahisar Merkez A\u011fz\u0131&#8221; \u00fczerinde bir proje haz\u0131rlamak istedi\u011fimi s\u00f6yledi\u011fimde takdirle kar\u015f\u0131lam\u0131\u015f ve bu \u00e7al\u0131\u015fmay\u0131 bir an evvel bitirmemi \u00f6nermi\u015ftir.Bu \u00e7al\u0131\u015fmam\u0131zla, Afyonkarahisar ve y\u00f6resi a\u011f\u0131zlar\u0131 -daha \u00f6nce yap\u0131lm\u0131\u015f y\u00fcksek lisans, lisans tezleri ve di\u011fe <\/p>\n","protected":false},"excerpt":{"rendered":"<p>Son y\u0131llarda, \u00fclkemizde \u00fcniversitelerin \u00e7o\u011falmas\u0131na paralel olarak bilimsel \u00e7al\u0131\u015fmalarda b\u00fcy\u00fck bir hareketlilik ya\u015fan\u0131yor. Hemen her bilim alan\u0131ndaki bu olumlu geli\u015fmeler, milli k\u00fclt\u00fcr\u00fcm\u00fcz\u00fcn de\u011fi\u015fmez ve en temel<span class=\"excerpt-hellip\"> [\u2026]<\/span><\/p>\n","protected":false},"featured_media":0,"template":"","meta":{"_monsterinsights_skip_tracking":false,"_monsterinsights_sitenote_active":false,"_monsterinsights_sitenote_note":"","_monsterinsights_sitenote_category":0},"product_brand":[],"product_cat":[12573,12566],"product_tag":[],"class_list":{"0":"post-696253","1":"product","2":"type-product","3":"status-publish","5":"product_cat-akademik-kitaplar","6":"product_cat-egitim","7":"pa_cilt-ciltsiz","8":"pa_tur-kitap","9":"pa_yayinevi-gazi-kitabevi","10":"pa_yazar-erdogan-boz","12":"first","13":"instock","14":"sale","15":"shipping-taxable","16":"purchasable","17":"product-type-simple"},"_links":{"self":[{"href":"https:\/\/roveyayinevi.com.tr\/index.php\/wp-json\/wp\/v2\/product\/696253","targetHints":{"allow":["GET"]}}],"collection":[{"href":"https:\/\/roveyayinevi.com.tr\/index.php\/wp-json\/wp\/v2\/product"}],"about":[{"href":"https:\/\/roveyayinevi.com.tr\/index.php\/wp-json\/wp\/v2\/types\/product"}],"wp:attachment":[{"href":"https:\/\/roveyayinevi.com.tr\/index.php\/wp-json\/wp\/v2\/media?parent=696253"}],"wp:term":[{"taxonomy":"product_brand","embeddable":true,"href":"https:\/\/roveyayinevi.com.tr\/index.php\/wp-json\/wp\/v2\/product_brand?post=696253"},{"taxonomy":"product_cat","embeddable":true,"href":"https:\/\/roveyayinevi.com.tr\/index.php\/wp-json\/wp\/v2\/product_cat?post=696253"},{"taxonomy":"product_tag","embeddable":true,"href":"https:\/\/roveyayinevi.com.tr\/index.php\/wp-json\/wp\/v2\/product_tag?post=696253"}],"curies":[{"name":"wp","href":"https:\/\/api.w.org\/{rel}","templated":true}]}}