{"id":696252,"date":"2025-08-27T14:33:38","date_gmt":"2025-08-27T11:33:38","guid":{"rendered":"https:\/\/roveyayinevi.com.tr\/index.php\/urun\/konaklama-isletmelerinde-muhasebe-uygulamalari\/"},"modified":"2026-04-16T02:06:15","modified_gmt":"2026-04-15T23:06:15","slug":"konaklama-isletmelerinde-muhasebe-uygulamalari","status":"publish","type":"product","link":"https:\/\/roveyayinevi.com.tr\/index.php\/urun\/konaklama-isletmelerinde-muhasebe-uygulamalari\/","title":{"rendered":"Konaklama \u0130\u015fletmelerinde Muhasebe Uygulamalar\u0131"},"content":{"rendered":"<p>Bu \u00e7al\u0131\u015fmam ile \u00fclkemizde b\u00fcy\u00fck \u00f6l\u00e7\u00fcde eksikli\u011fi duyulan konaklama i\u015fletmecili\u011fi muhasebe uygulamalar\u0131na katk\u0131da bulunmay\u0131 ama\u00e7lad\u0131k. Avrupa ve \u00f6zellikle ABD &#8216;lerinde otel i\u015fletmecili\u011fi muhasebesi ve buna ili\u015fkin konularda y\u00fczlerce kitap yay\u0131nlanm\u0131\u015f ve bilimsel ara\u015ft\u0131rmalar yap\u0131lm\u0131\u015ft\u0131r. Son y\u0131llarda \u00fclkemizde bir\u00e7ok modern ve yeni otellerin in\u015faat\u0131 ile otelcilik sahas\u0131n\u0131n pop\u00fcler bir yat\u0131r\u0131m haline gelmi\u015f olmas\u0131, otel muhasebesini de \u00f6nemli bir ihtisas muhasebesi dal\u0131 haline getirmi\u015ftir. Bu konuda yap\u0131lacak ara\u015ft\u0131rma ve yay\u0131nlar ile otel i\u015fletmeleri muhasebesi geli\u015febilir. \u0130\u015fte bu g\u00f6r\u00fc\u015f, b\u00f6yle bir \u00e7al\u0131\u015fma yapmam\u0131za neden olmu\u015ftur.Bu \u00e7al\u0131\u015fmam\u0131z, ekte verilen yerli ve yabanc\u0131 kaynaklardan ve uygulamadaki deyimlerden yararlan\u0131larak haz\u0131rlanm\u0131\u015ft\u0131r.Ayr\u0131ca Ankara Ticaret ve Turizm Y\u00fcksek \u00f6\u011fretmen Okulu ile Ticaret ve Turizm E\u011fitim Fak\u00fcltesi Turizm \u0130\u015fletmecili\u011fi b\u00f6l\u00fcm\u00fc ve AHMA \u00f6\u011frencileri i\u00e7in uzun y\u0131llar verdi\u011fimiz dersler s\u0131ras\u0131nda haz\u0131rlad\u0131\u011f\u0131m\u0131z ders notlar\u0131ndan derlenmi\u015ftir. Bu nedenle s\u0131n\u0131f i\u00e7i \u00e7al\u0131\u015fmalarla birlikte, bu \u00e7al\u0131\u015fman\u0131n mesleki uygulamalarda yararl\u0131 olaca\u011f\u0131 kanaatindeyim.Turizm e\u011fitimi veren Fak\u00fclte ve Y\u00fcksek Okullar\u0131m\u0131zda \u00e7e\u015fitli adlarla okutulan Otel Muhasebesi derslerinde, \u00f6\u011fretim eleman\u0131 arkada\u015flar\u0131m\u0131z kitapta yer alan t\u00fcm konulan okutamayabilirler. Bu nedenle \u00f6\u011fretim s\u00fcresine uygun \u015fekilde gerekli g\u00f6rd\u00fckleri konular i\u015flenebilir. <\/p>\n","protected":false},"excerpt":{"rendered":"<p>Bu \u00e7al\u0131\u015fmam ile \u00fclkemizde b\u00fcy\u00fck \u00f6l\u00e7\u00fcde eksikli\u011fi duyulan konaklama i\u015fletmecili\u011fi muhasebe uygulamalar\u0131na katk\u0131da bulunmay\u0131 ama\u00e7lad\u0131k. Avrupa ve \u00f6zellikle ABD &#8216;lerinde otel i\u015fletmecili\u011fi muhasebesi ve buna ili\u015fkin<span class=\"excerpt-hellip\"> [\u2026]<\/span><\/p>\n","protected":false},"featured_media":0,"template":"","meta":{"_monsterinsights_skip_tracking":false,"_monsterinsights_sitenote_active":false,"_monsterinsights_sitenote_note":"","_monsterinsights_sitenote_category":0},"product_brand":[],"product_cat":[12573,12566],"product_tag":[],"class_list":{"0":"post-696252","1":"product","2":"type-product","3":"status-publish","5":"product_cat-akademik-kitaplar","6":"product_cat-egitim","7":"pa_cilt-ciltsiz","8":"pa_tur-kitap","9":"pa_yayinevi-gazi-kitabevi","10":"pa_yazar-ertugrul-cetiner","12":"first","13":"instock","14":"sale","15":"shipping-taxable","16":"purchasable","17":"product-type-simple"},"_links":{"self":[{"href":"https:\/\/roveyayinevi.com.tr\/index.php\/wp-json\/wp\/v2\/product\/696252","targetHints":{"allow":["GET"]}}],"collection":[{"href":"https:\/\/roveyayinevi.com.tr\/index.php\/wp-json\/wp\/v2\/product"}],"about":[{"href":"https:\/\/roveyayinevi.com.tr\/index.php\/wp-json\/wp\/v2\/types\/product"}],"wp:attachment":[{"href":"https:\/\/roveyayinevi.com.tr\/index.php\/wp-json\/wp\/v2\/media?parent=696252"}],"wp:term":[{"taxonomy":"product_brand","embeddable":true,"href":"https:\/\/roveyayinevi.com.tr\/index.php\/wp-json\/wp\/v2\/product_brand?post=696252"},{"taxonomy":"product_cat","embeddable":true,"href":"https:\/\/roveyayinevi.com.tr\/index.php\/wp-json\/wp\/v2\/product_cat?post=696252"},{"taxonomy":"product_tag","embeddable":true,"href":"https:\/\/roveyayinevi.com.tr\/index.php\/wp-json\/wp\/v2\/product_tag?post=696252"}],"curies":[{"name":"wp","href":"https:\/\/api.w.org\/{rel}","templated":true}]}}