{"id":696251,"date":"2025-08-27T14:33:37","date_gmt":"2025-08-27T11:33:37","guid":{"rendered":"https:\/\/roveyayinevi.com.tr\/index.php\/urun\/kobi-tfrs-uygulama-ve-yorumlari\/"},"modified":"2025-11-22T02:45:53","modified_gmt":"2025-11-21T23:45:53","slug":"kobi-tfrs-uygulama-ve-yorumlari","status":"publish","type":"product","link":"https:\/\/roveyayinevi.com.tr\/index.php\/urun\/kobi-tfrs-uygulama-ve-yorumlari\/","title":{"rendered":"KOB\u0130 &#8211; TFRS Uygulama ve Yorumlar\u0131"},"content":{"rendered":"<p>\u0130\u00c7\u0130NDEK\u0130LER1-k\u00fc\u00e7\u00fck ve orta b\u00fcy\u00fckl\u00fckteki i\u015fletmeler 2-kavramlar ve genel ilkeler3-finansal tablolar\u0131n sunulu\u015fu4-finansal durum tablosu 5-kapsaml\u0131 gelir tablosu 6-\u00f6zkaynak de\u011fi\u015fim tablosu ile gelir ve da\u011f\u0131t\u0131lmam\u0131\u015f k\u00e2rlar tablosu 7-nakit ak\u0131\u015f tablosu8-finansal tablo dipnotlar\u0131 9-konsolide ve bireysel finansal tablolar 10-muhasebe politikalar\u0131 tahminler ve hatalar 11-temel finansal ara\u00e7lar 12-di\u011fer finansal ara\u00e7lar 13-stoklar 14-i\u015ftiraklerdeki yat\u0131r\u0131mlar 15-i\u015f ortakl\u0131klar\u0131 16-yat\u0131r\u0131m ama\u00e7l\u0131 gayrimenkuller 17-maddi duran varl\u0131klar 18-\u015ferefiye d\u0131\u015f\u0131nda maddi olmayan duran varl\u0131klar 19-i\u015fletme birle\u015fmeleri ve \u015ferefiye 20-kiralamalar 21-kar\u015f\u0131l\u0131klar,ko\u015fullu bor\u00e7lar ve ko\u015fullu varl\u0131klar 22-bor\u00e7lar ve \u00f6zkaynaklar 23-has\u0131lat 24-devlet te\u015fvikleri 25-bor\u00e7lanma maliyetleri 26-hisse bazl\u0131 \u00f6demeler27-varl\u0131klarda de\u011fer d\u00fc\u015f\u00fckl\u00fc\u011f\u00fc 28-\u00e7al\u0131\u015fanlara sa\u011flanan faydalar 29-gelir vergileri 30-yabanc\u0131 para \u00e7evrim i\u015flemleri 31-y\u00fcksek enflasyon 32-raporlama d\u00f6neminden sonraki olaylar 33-ili\u015fkili taraf 34-\u00f6zellikli faaliyetler 35-kobi tfrs ye ge\u00e7i\u015f <\/p>\n","protected":false},"excerpt":{"rendered":"<p>\u0130\u00c7\u0130NDEK\u0130LER1-k\u00fc\u00e7\u00fck ve orta b\u00fcy\u00fckl\u00fckteki i\u015fletmeler 2-kavramlar ve genel ilkeler3-finansal tablolar\u0131n sunulu\u015fu4-finansal durum tablosu 5-kapsaml\u0131 gelir tablosu 6-\u00f6zkaynak de\u011fi\u015fim tablosu ile gelir ve da\u011f\u0131t\u0131lmam\u0131\u015f k\u00e2rlar tablosu 7-nakit<span class=\"excerpt-hellip\"> [\u2026]<\/span><\/p>\n","protected":false},"featured_media":0,"template":"","meta":{"_monsterinsights_skip_tracking":false,"_monsterinsights_sitenote_active":false,"_monsterinsights_sitenote_note":"","_monsterinsights_sitenote_category":0},"product_brand":[],"product_cat":[12573,12566],"product_tag":[],"class_list":{"0":"post-696251","1":"product","2":"type-product","3":"status-publish","5":"product_cat-akademik-kitaplar","6":"product_cat-egitim","7":"pa_cilt-ciltsiz","8":"pa_tur-kitap","9":"pa_yayinevi-gazi-kitabevi","10":"pa_yazar-adem-altay","12":"first","13":"instock","14":"sale","15":"shipping-taxable","16":"purchasable","17":"product-type-simple"},"_links":{"self":[{"href":"https:\/\/roveyayinevi.com.tr\/index.php\/wp-json\/wp\/v2\/product\/696251","targetHints":{"allow":["GET"]}}],"collection":[{"href":"https:\/\/roveyayinevi.com.tr\/index.php\/wp-json\/wp\/v2\/product"}],"about":[{"href":"https:\/\/roveyayinevi.com.tr\/index.php\/wp-json\/wp\/v2\/types\/product"}],"wp:attachment":[{"href":"https:\/\/roveyayinevi.com.tr\/index.php\/wp-json\/wp\/v2\/media?parent=696251"}],"wp:term":[{"taxonomy":"product_brand","embeddable":true,"href":"https:\/\/roveyayinevi.com.tr\/index.php\/wp-json\/wp\/v2\/product_brand?post=696251"},{"taxonomy":"product_cat","embeddable":true,"href":"https:\/\/roveyayinevi.com.tr\/index.php\/wp-json\/wp\/v2\/product_cat?post=696251"},{"taxonomy":"product_tag","embeddable":true,"href":"https:\/\/roveyayinevi.com.tr\/index.php\/wp-json\/wp\/v2\/product_tag?post=696251"}],"curies":[{"name":"wp","href":"https:\/\/api.w.org\/{rel}","templated":true}]}}