{"id":696247,"date":"2025-08-27T14:33:36","date_gmt":"2025-08-27T11:33:36","guid":{"rendered":"https:\/\/roveyayinevi.com.tr\/index.php\/urun\/iktisada-giris\/"},"modified":"2025-11-21T02:47:09","modified_gmt":"2025-11-20T23:47:09","slug":"iktisada-giris","status":"publish","type":"product","link":"https:\/\/roveyayinevi.com.tr\/index.php\/urun\/iktisada-giris\/","title":{"rendered":"\u0130ktisada Giri\u015f"},"content":{"rendered":"<p>1980&#8217;li y\u0131llar\u0131n ba\u015f\u0131ndan itibaren uluslararas\u0131 sermaye ak\u0131m\u0131n\u0131n \u00fclkelerin iktisadi s\u0131n\u0131rlar\u0131n\u0131 y\u0131kmas\u0131 ile birlikte, k\u00fcresel ekonominin de\u011ferleri s\u0131radan insanlar\u0131n evlerine kadar girdi. Bunun sonucunda enflasyon, d\u00f6viz kuru, faiz oran\u0131 ve borsa endeksi gibi fiyat unsurlar\u0131 bireylerin ya\u015fam\u0131nda daha fazla yer tutmaya ba\u015flad\u0131.Bu kitab\u0131n temel amac\u0131 okuyucuya iktisad\u0131 sevdirmektir. \u0130ktisad\u0131n soyut y\u00f6nlerinin \u00f6\u011frenci \u00fczerinde yaratt\u0131\u011f\u0131 olumsuz havay\u0131 yok etmek i\u00e7in t\u00fcm b\u00f6l\u00fcmlere kutular yerle\u015ftirilerek adeta iktisad\u0131n nas\u0131l yere bast\u0131\u011f\u0131 g\u00f6sterilmek istenmi\u015ftir. <\/p>\n","protected":false},"excerpt":{"rendered":"<p>1980&#8217;li y\u0131llar\u0131n ba\u015f\u0131ndan itibaren uluslararas\u0131 sermaye ak\u0131m\u0131n\u0131n \u00fclkelerin iktisadi s\u0131n\u0131rlar\u0131n\u0131 y\u0131kmas\u0131 ile birlikte, k\u00fcresel ekonominin de\u011ferleri s\u0131radan insanlar\u0131n evlerine kadar girdi. Bunun sonucunda enflasyon, d\u00f6viz kuru,<span class=\"excerpt-hellip\"> [\u2026]<\/span><\/p>\n","protected":false},"featured_media":0,"template":"","meta":{"_monsterinsights_skip_tracking":false,"_monsterinsights_sitenote_active":false,"_monsterinsights_sitenote_note":"","_monsterinsights_sitenote_category":0},"product_brand":[],"product_cat":[12573,12566],"product_tag":[],"class_list":{"0":"post-696247","1":"product","2":"type-product","3":"status-publish","5":"product_cat-akademik-kitaplar","6":"product_cat-egitim","7":"pa_cilt-ciltsiz","8":"pa_tur-kitap","9":"pa_yayinevi-gazi-kitabevi","10":"pa_yazar-kolektif","12":"first","13":"onbackorder","14":"sale","15":"shipping-taxable","16":"purchasable","17":"product-type-simple"},"_links":{"self":[{"href":"https:\/\/roveyayinevi.com.tr\/index.php\/wp-json\/wp\/v2\/product\/696247","targetHints":{"allow":["GET"]}}],"collection":[{"href":"https:\/\/roveyayinevi.com.tr\/index.php\/wp-json\/wp\/v2\/product"}],"about":[{"href":"https:\/\/roveyayinevi.com.tr\/index.php\/wp-json\/wp\/v2\/types\/product"}],"wp:attachment":[{"href":"https:\/\/roveyayinevi.com.tr\/index.php\/wp-json\/wp\/v2\/media?parent=696247"}],"wp:term":[{"taxonomy":"product_brand","embeddable":true,"href":"https:\/\/roveyayinevi.com.tr\/index.php\/wp-json\/wp\/v2\/product_brand?post=696247"},{"taxonomy":"product_cat","embeddable":true,"href":"https:\/\/roveyayinevi.com.tr\/index.php\/wp-json\/wp\/v2\/product_cat?post=696247"},{"taxonomy":"product_tag","embeddable":true,"href":"https:\/\/roveyayinevi.com.tr\/index.php\/wp-json\/wp\/v2\/product_tag?post=696247"}],"curies":[{"name":"wp","href":"https:\/\/api.w.org\/{rel}","templated":true}]}}