{"id":696243,"date":"2025-08-27T14:33:35","date_gmt":"2025-08-27T11:33:35","guid":{"rendered":"https:\/\/roveyayinevi.com.tr\/index.php\/urun\/isletme-becerileri-grup-calismasi\/"},"modified":"2026-02-03T02:09:35","modified_gmt":"2026-02-02T23:09:35","slug":"isletme-becerileri-grup-calismasi","status":"publish","type":"product","link":"https:\/\/roveyayinevi.com.tr\/index.php\/urun\/isletme-becerileri-grup-calismasi\/","title":{"rendered":"\u0130\u015fletme Becerileri Grup \u00c7al\u0131\u015fmas\u0131"},"content":{"rendered":"<p>\u0130\u015fletme Becerileri ve Grup \u00c7al\u0131\u015fmas\u0131 ba\u015fl\u0131kl\u0131 bu kitap, MEB-Y\u00d6K Meslek Y\u00fcksekokullar\u0131 Program Geli\u015ftirme Projesi&#8217;nin \u00f6ng\u00f6rd\u00fc\u011f\u00fc y\u00f6ntem ve ilkeler kapsam\u0131nda haz\u0131rlanm\u0131\u015ft\u0131r.Kitab\u0131n temel amac\u0131 g\u00fcn\u00fcm\u00fcz i\u015fletmelerinde ba\u015fkas\u0131 hesab\u0131na \u00e7al\u0131\u015fmay\u0131 ya da kendi i\u015fini kurmay\u0131 hedefleyen Meslek Y\u00fcksekokulu mezunlar\u0131n\u0131n bireysel ve \u00f6rg\u00fctsel d\u00fczeyde y\u00f6netsel becerilerinin geli\u015ftirilmesi ve grup dinami\u011finin de yard\u0131m\u0131yla \u00f6rg\u00fctsel etkinlik ve bireysel geli\u015fiminin sa\u011flanmas\u0131d\u0131r. <\/p>\n","protected":false},"excerpt":{"rendered":"<p>\u0130\u015fletme Becerileri ve Grup \u00c7al\u0131\u015fmas\u0131 ba\u015fl\u0131kl\u0131 bu kitap, MEB-Y\u00d6K Meslek Y\u00fcksekokullar\u0131 Program Geli\u015ftirme Projesi&#8217;nin \u00f6ng\u00f6rd\u00fc\u011f\u00fc y\u00f6ntem ve ilkeler kapsam\u0131nda haz\u0131rlanm\u0131\u015ft\u0131r.Kitab\u0131n temel amac\u0131 g\u00fcn\u00fcm\u00fcz i\u015fletmelerinde ba\u015fkas\u0131 hesab\u0131na<span class=\"excerpt-hellip\"> [\u2026]<\/span><\/p>\n","protected":false},"featured_media":0,"template":"","meta":{"_monsterinsights_skip_tracking":false,"_monsterinsights_sitenote_active":false,"_monsterinsights_sitenote_note":"","_monsterinsights_sitenote_category":0},"product_brand":[],"product_cat":[12573,12566],"product_tag":[],"class_list":{"0":"post-696243","1":"product","2":"type-product","3":"status-publish","5":"product_cat-akademik-kitaplar","6":"product_cat-egitim","7":"pa_cilt-ciltsiz","8":"pa_tur-kitap","9":"pa_yayinevi-gazi-kitabevi","10":"pa_yazar-tahir-akgemci","12":"first","13":"instock","14":"sale","15":"shipping-taxable","16":"purchasable","17":"product-type-simple"},"_links":{"self":[{"href":"https:\/\/roveyayinevi.com.tr\/index.php\/wp-json\/wp\/v2\/product\/696243","targetHints":{"allow":["GET"]}}],"collection":[{"href":"https:\/\/roveyayinevi.com.tr\/index.php\/wp-json\/wp\/v2\/product"}],"about":[{"href":"https:\/\/roveyayinevi.com.tr\/index.php\/wp-json\/wp\/v2\/types\/product"}],"wp:attachment":[{"href":"https:\/\/roveyayinevi.com.tr\/index.php\/wp-json\/wp\/v2\/media?parent=696243"}],"wp:term":[{"taxonomy":"product_brand","embeddable":true,"href":"https:\/\/roveyayinevi.com.tr\/index.php\/wp-json\/wp\/v2\/product_brand?post=696243"},{"taxonomy":"product_cat","embeddable":true,"href":"https:\/\/roveyayinevi.com.tr\/index.php\/wp-json\/wp\/v2\/product_cat?post=696243"},{"taxonomy":"product_tag","embeddable":true,"href":"https:\/\/roveyayinevi.com.tr\/index.php\/wp-json\/wp\/v2\/product_tag?post=696243"}],"curies":[{"name":"wp","href":"https:\/\/api.w.org\/{rel}","templated":true}]}}