{"id":696242,"date":"2025-08-27T14:33:35","date_gmt":"2025-08-27T11:33:35","guid":{"rendered":"https:\/\/roveyayinevi.com.tr\/index.php\/urun\/iktisadi-modeller-teori-ve-uygulama\/"},"modified":"2026-04-16T02:06:15","modified_gmt":"2026-04-15T23:06:15","slug":"iktisadi-modeller-teori-ve-uygulama","status":"publish","type":"product","link":"https:\/\/roveyayinevi.com.tr\/index.php\/urun\/iktisadi-modeller-teori-ve-uygulama\/","title":{"rendered":"\u0130ktisadi Modeller (Teori ve Uygulama)"},"content":{"rendered":"<p>Geni\u015f anlamda bilgi imas\u0131na sahip olmas\u0131na ra\u011fmen, bilim \u00e7o\u011funlukla daha dar bir \u00e7er\u00e7eveye sahip bir kavram olarak alg\u0131lan\u0131r. Genelde bilim, fizik, kimya, ya da biyoloji gibi konularda sistematik bilgi elde edinilmesine at\u0131f yapar. Ancak, bilim yaln\u0131zca belirli olaylarla \u0130lgili ger\u00e7eklerin belirlenmesi olarak tan\u0131mlanamaz;G\u00f6zlemlerin a\u00e7\u0131klanmas\u0131 ve halihaz\u0131rda ger\u00e7ekle\u015fmemi\u015f ko\u015fullar alt\u0131nda olaylar\u0131n nas\u0131l ger\u00e7ekle\u015fece\u011finin \u00f6ng\u00f6r\u00fclmesi bilimin konusunu olu\u015fturur. Telefon rehberi ki\u015fi ve kurulu\u015flar\u0131n adresleri ve telefon numaralan hakk\u0131nda sistematik bilgilerden olu\u015fur, ancak bu \u00d6zelli\u011fi ona bilim niteli\u011fini vermez. \ufffcTan\u0131t\u0131m Metni<\/p>\n","protected":false},"excerpt":{"rendered":"<p>Geni\u015f anlamda bilgi imas\u0131na sahip olmas\u0131na ra\u011fmen, bilim \u00e7o\u011funlukla daha dar bir \u00e7er\u00e7eveye sahip bir kavram olarak alg\u0131lan\u0131r. Genelde bilim, fizik, kimya, ya da biyoloji gibi<span class=\"excerpt-hellip\"> [\u2026]<\/span><\/p>\n","protected":false},"featured_media":0,"template":"","meta":{"_monsterinsights_skip_tracking":false,"_monsterinsights_sitenote_active":false,"_monsterinsights_sitenote_note":"","_monsterinsights_sitenote_category":0},"product_brand":[],"product_cat":[12573,12566],"product_tag":[],"class_list":{"0":"post-696242","1":"product","2":"type-product","3":"status-publish","5":"product_cat-akademik-kitaplar","6":"product_cat-egitim","7":"pa_cilt-ciltsiz","8":"pa_tur-kitap","9":"pa_yayinevi-gazi-kitabevi","10":"pa_yazar-f-neal-r-shone","12":"first","13":"instock","14":"sale","15":"shipping-taxable","16":"purchasable","17":"product-type-simple"},"_links":{"self":[{"href":"https:\/\/roveyayinevi.com.tr\/index.php\/wp-json\/wp\/v2\/product\/696242","targetHints":{"allow":["GET"]}}],"collection":[{"href":"https:\/\/roveyayinevi.com.tr\/index.php\/wp-json\/wp\/v2\/product"}],"about":[{"href":"https:\/\/roveyayinevi.com.tr\/index.php\/wp-json\/wp\/v2\/types\/product"}],"wp:attachment":[{"href":"https:\/\/roveyayinevi.com.tr\/index.php\/wp-json\/wp\/v2\/media?parent=696242"}],"wp:term":[{"taxonomy":"product_brand","embeddable":true,"href":"https:\/\/roveyayinevi.com.tr\/index.php\/wp-json\/wp\/v2\/product_brand?post=696242"},{"taxonomy":"product_cat","embeddable":true,"href":"https:\/\/roveyayinevi.com.tr\/index.php\/wp-json\/wp\/v2\/product_cat?post=696242"},{"taxonomy":"product_tag","embeddable":true,"href":"https:\/\/roveyayinevi.com.tr\/index.php\/wp-json\/wp\/v2\/product_tag?post=696242"}],"curies":[{"name":"wp","href":"https:\/\/api.w.org\/{rel}","templated":true}]}}