{"id":696241,"date":"2025-08-27T14:33:34","date_gmt":"2025-08-27T11:33:34","guid":{"rendered":"https:\/\/roveyayinevi.com.tr\/index.php\/urun\/girisimciler-icin-isletme-yonetimi\/"},"modified":"2026-04-16T02:06:15","modified_gmt":"2026-04-15T23:06:15","slug":"girisimciler-icin-isletme-yonetimi","status":"publish","type":"product","link":"https:\/\/roveyayinevi.com.tr\/index.php\/urun\/girisimciler-icin-isletme-yonetimi\/","title":{"rendered":"Giri\u015fimciler \u0130\u00e7in \u0130\u015fletme Y\u00f6netimi"},"content":{"rendered":"<p>Kitapta, i\u015fletme konusu, yerli ve yabanc\u0131 eserlerde genel olarak kullan\u0131landan farkl\u0131 bir y\u00f6ntemle ele al\u0131nmaktad\u0131r. Bu y\u00f6ntem, sistem yakla\u015f\u0131m\u0131 ile y\u00f6netsel yakla\u015f\u0131m\u0131n beraberce kullan\u0131lmas\u0131 olarak a\u00e7\u0131klanmaktad\u0131r. Bu y\u00f6ntemle i\u015fletme y\u00f6netimi anlay\u0131\u015f\u0131na farkl\u0131 bir a\u00e7\u0131dan bakmaya ba\u015flayacaks\u0131n\u0131z. <\/p>\n","protected":false},"excerpt":{"rendered":"<p>Kitapta, i\u015fletme konusu, yerli ve yabanc\u0131 eserlerde genel olarak kullan\u0131landan farkl\u0131 bir y\u00f6ntemle ele al\u0131nmaktad\u0131r. Bu y\u00f6ntem, sistem yakla\u015f\u0131m\u0131 ile y\u00f6netsel yakla\u015f\u0131m\u0131n beraberce kullan\u0131lmas\u0131 olarak a\u00e7\u0131klanmaktad\u0131r.<span class=\"excerpt-hellip\"> [\u2026]<\/span><\/p>\n","protected":false},"featured_media":0,"template":"","meta":{"_monsterinsights_skip_tracking":false,"_monsterinsights_sitenote_active":false,"_monsterinsights_sitenote_note":"","_monsterinsights_sitenote_category":0},"product_brand":[],"product_cat":[12573,12566],"product_tag":[],"class_list":{"0":"post-696241","1":"product","2":"type-product","3":"status-publish","5":"product_cat-akademik-kitaplar","6":"product_cat-egitim","7":"pa_cilt-ciltsiz","8":"pa_tur-kitap","9":"pa_yayinevi-gazi-kitabevi","10":"pa_yazar-tulin-durukan","12":"first","13":"instock","14":"sale","15":"shipping-taxable","16":"purchasable","17":"product-type-simple"},"_links":{"self":[{"href":"https:\/\/roveyayinevi.com.tr\/index.php\/wp-json\/wp\/v2\/product\/696241","targetHints":{"allow":["GET"]}}],"collection":[{"href":"https:\/\/roveyayinevi.com.tr\/index.php\/wp-json\/wp\/v2\/product"}],"about":[{"href":"https:\/\/roveyayinevi.com.tr\/index.php\/wp-json\/wp\/v2\/types\/product"}],"wp:attachment":[{"href":"https:\/\/roveyayinevi.com.tr\/index.php\/wp-json\/wp\/v2\/media?parent=696241"}],"wp:term":[{"taxonomy":"product_brand","embeddable":true,"href":"https:\/\/roveyayinevi.com.tr\/index.php\/wp-json\/wp\/v2\/product_brand?post=696241"},{"taxonomy":"product_cat","embeddable":true,"href":"https:\/\/roveyayinevi.com.tr\/index.php\/wp-json\/wp\/v2\/product_cat?post=696241"},{"taxonomy":"product_tag","embeddable":true,"href":"https:\/\/roveyayinevi.com.tr\/index.php\/wp-json\/wp\/v2\/product_tag?post=696241"}],"curies":[{"name":"wp","href":"https:\/\/api.w.org\/{rel}","templated":true}]}}