{"id":696236,"date":"2025-08-27T14:33:33","date_gmt":"2025-08-27T11:33:33","guid":{"rendered":"https:\/\/roveyayinevi.com.tr\/index.php\/urun\/cocuk-edebiyati-ve-medya\/"},"modified":"2026-04-16T02:06:15","modified_gmt":"2026-04-15T23:06:15","slug":"cocuk-edebiyati-ve-medya","status":"publish","type":"product","link":"https:\/\/roveyayinevi.com.tr\/index.php\/urun\/cocuk-edebiyati-ve-medya\/","title":{"rendered":"\u00c7ocuk Edebiyat\u0131 ve Medya"},"content":{"rendered":"<p>\u00c7ocuklar\u0131n geli\u015fim d\u00fczeyleri g\u00f6z \u00f6n\u00fcnde bulundurularak s\u00f6zl\u00fc \u00fcr\u00fcnlerin anlat\u0131lmas\u0131 (ninni, masal v.b) ve kitap se\u00e7ilmesi (hem i\u00e7erik hem de \u015fekil bak\u0131m\u0131ndan) ki\u015filik geli\u015fiminde, dil geli\u015fiminin ilerlemesinde ve \u00f6zellikle kitap sevgisi kazand\u0131r\u0131lmas\u0131nda, \u00f6nemli yararlar sa\u011flamaktad\u0131r. Bu hususlar dikkate al\u0131nd\u0131\u011f\u0131nda \u00e7ocuklara y\u00f6nelik edebi \u00fcr\u00fcn se\u00e7ilirken ya da medya ara\u00e7lar\u0131 kulland\u0131r\u0131l\u0131rken \u00f6zellikle nelere dikkat edilmesi gerekti\u011fi \u00f6nemlidir.Elinizdek kitap; \u00e7ocuk edebiyat\u0131nda i\u00e7erik ve bi\u00e7im \u00f6zellikleri bak\u0131m\u0131ndan dikkat edilmesi gereken hususlar, \u00e7ocuk edebiyat\u0131 t\u00fcrleri ve medya hakk\u0131nda bilgi verilerek, medyan\u0131n \u00e7ocuklar \u00fczerindeki etkileri ve \u00f6zellikle internet ve televizyonun konusunda ailelere \u00e7e\u015fitli \u00f6nerilerde bulunmaktad\u0131r. <\/p>\n","protected":false},"excerpt":{"rendered":"<p>\u00c7ocuklar\u0131n geli\u015fim d\u00fczeyleri g\u00f6z \u00f6n\u00fcnde bulundurularak s\u00f6zl\u00fc \u00fcr\u00fcnlerin anlat\u0131lmas\u0131 (ninni, masal v.b) ve kitap se\u00e7ilmesi (hem i\u00e7erik hem de \u015fekil bak\u0131m\u0131ndan) ki\u015filik geli\u015fiminde, dil geli\u015fiminin ilerlemesinde<span class=\"excerpt-hellip\"> [\u2026]<\/span><\/p>\n","protected":false},"featured_media":0,"template":"","meta":{"_monsterinsights_skip_tracking":false,"_monsterinsights_sitenote_active":false,"_monsterinsights_sitenote_note":"","_monsterinsights_sitenote_category":0},"product_brand":[],"product_cat":[14902,13365],"product_tag":[],"class_list":{"0":"post-696236","1":"product","2":"type-product","3":"status-publish","5":"product_cat-annelik-ve-cocuk-bakimi","6":"product_cat-saglik","7":"pa_cilt-ciltsiz","8":"pa_tur-kitap","9":"pa_yayinevi-egiten-kitap","10":"pa_yazar-canser-kardas","12":"first","13":"instock","14":"sale","15":"shipping-taxable","16":"purchasable","17":"product-type-simple"},"_links":{"self":[{"href":"https:\/\/roveyayinevi.com.tr\/index.php\/wp-json\/wp\/v2\/product\/696236","targetHints":{"allow":["GET"]}}],"collection":[{"href":"https:\/\/roveyayinevi.com.tr\/index.php\/wp-json\/wp\/v2\/product"}],"about":[{"href":"https:\/\/roveyayinevi.com.tr\/index.php\/wp-json\/wp\/v2\/types\/product"}],"wp:attachment":[{"href":"https:\/\/roveyayinevi.com.tr\/index.php\/wp-json\/wp\/v2\/media?parent=696236"}],"wp:term":[{"taxonomy":"product_brand","embeddable":true,"href":"https:\/\/roveyayinevi.com.tr\/index.php\/wp-json\/wp\/v2\/product_brand?post=696236"},{"taxonomy":"product_cat","embeddable":true,"href":"https:\/\/roveyayinevi.com.tr\/index.php\/wp-json\/wp\/v2\/product_cat?post=696236"},{"taxonomy":"product_tag","embeddable":true,"href":"https:\/\/roveyayinevi.com.tr\/index.php\/wp-json\/wp\/v2\/product_tag?post=696236"}],"curies":[{"name":"wp","href":"https:\/\/api.w.org\/{rel}","templated":true}]}}